{"id":11434,"date":"2019-08-14T13:50:28","date_gmt":"2019-08-14T11:50:28","guid":{"rendered":"https:\/\/www.judokwailausanne.ch\/?page_id=11434"},"modified":"2019-08-14T13:56:52","modified_gmt":"2019-08-14T11:56:52","slug":"tarif-famille","status":"publish","type":"page","link":"https:\/\/www.judokwailausanne.ch\/?page_id=11434","title":{"rendered":"Tarif Famille"},"content":{"rendered":"<p>D\u00e8s 2017, les familles b\u00e9n\u00e9ficient d&rsquo;un rabais de 5% d\u00e8s le 2\u00e8me membre inscrit.<br \/>\n<a href=\"https:\/\/www.judokwailausanne.ch\/contact\">Renseignez-vous ! <\/a><br \/>\n<img fetchpriority=\"high\" fetchpriority=\"high\" decoding=\"async\" class=\"alignright wp-image-11435 size-full\" src=\"https:\/\/www.judokwailausanne.ch\/cmsv3\/wp-content\/uploads\/2019\/08\/5pc.png\" alt=\"\" width=\"272\" height=\"208\" \/><\/p>\n","protected":false},"excerpt":{"rendered":"<p>D\u00e8s 2017, les familles b\u00e9n\u00e9ficient d&rsquo;un rabais de 5% d\u00e8s le 2\u00e8me membre inscrit. Renseignez-vous !<\/p>\n","protected":false},"author":3,"featured_media":0,"parent":4174,"menu_order":1,"comment_status":"closed","ping_status":"closed","template":"","meta":{"_et_pb_use_builder":"","_et_pb_old_content":"","_et_gb_content_width":"","footnotes":""},"class_list":["post-11434","page","type-page","status-publish","hentry"],"_links":{"self":[{"href":"https:\/\/www.judokwailausanne.ch\/index.php?rest_route=\/wp\/v2\/pages\/11434","targetHints":{"allow":["GET"]}}],"collection":[{"href":"https:\/\/www.judokwailausanne.ch\/index.php?rest_route=\/wp\/v2\/pages"}],"about":[{"href":"https:\/\/www.judokwailausanne.ch\/index.php?rest_route=\/wp\/v2\/types\/page"}],"author":[{"embeddable":true,"href":"https:\/\/www.judokwailausanne.ch\/index.php?rest_route=\/wp\/v2\/users\/3"}],"replies":[{"embeddable":true,"href":"https:\/\/www.judokwailausanne.ch\/index.php?rest_route=%2Fwp%2Fv2%2Fcomments&post=11434"}],"version-history":[{"count":2,"href":"https:\/\/www.judokwailausanne.ch\/index.php?rest_route=\/wp\/v2\/pages\/11434\/revisions"}],"predecessor-version":[{"id":11442,"href":"https:\/\/www.judokwailausanne.ch\/index.php?rest_route=\/wp\/v2\/pages\/11434\/revisions\/11442"}],"up":[{"embeddable":true,"href":"https:\/\/www.judokwailausanne.ch\/index.php?rest_route=\/wp\/v2\/pages\/4174"}],"wp:attachment":[{"href":"https:\/\/www.judokwailausanne.ch\/index.php?rest_route=%2Fwp%2Fv2%2Fmedia&parent=11434"}],"curies":[{"name":"wp","href":"https:\/\/api.w.org\/{rel}","templated":true}]}}