{"id":1343,"date":"2016-02-12T08:09:36","date_gmt":"2016-02-12T07:09:36","guid":{"rendered":"http:\/\/demos.famethemes.com\/onepress\/?page_id=17"},"modified":"2018-08-12T16:38:56","modified_gmt":"2018-08-12T14:38:56","slug":"dojolausanne","status":"publish","type":"page","link":"https:\/\/www.judokwailausanne.ch\/?page_id=1343","title":{"rendered":"Dojo Lausanne"},"content":{"rendered":"<p><a href=\"https:\/\/www.judokwailausanne.ch\/dojos#monrepos\"><img decoding=\"async\" class=\"alignleft wp-image-1433 size-thumbnail\" src=\"https:\/\/www.judokwailausanne.ch\/cmsv3\/wp-content\/uploads\/2018\/01\/DojoMR3a-150x150.jpg\" alt=\"\" width=\"150\" height=\"150\" \/><\/a>Le dojo de Lausanne est situ\u00e9 dans le b\u00e2timent de la piscine de Mon-Repos, \u00e0 l&rsquo;avenue du Tribunal-F\u00e9d\u00e9ral 4.<br \/>\n<strong>Acc\u00e8s ais\u00e9 en transport public <\/strong> avec le m\u00e9tro M2 (station Ours).<br \/>\n<a href=\"https:\/\/www.judokwailausanne.ch\/dojos#1005\">Acc\u00e8s -&gt;<\/a><\/p>\n","protected":false},"excerpt":{"rendered":"<p>Nullam ut tempor eros. Donec faucibus, velit et imperdiet aliquam, lacus velit luctus urna, vitae porttitor orci libero id felis.<\/p>\n","protected":false},"author":3,"featured_media":0,"parent":4101,"menu_order":0,"comment_status":"closed","ping_status":"closed","template":"","meta":{"_et_pb_use_builder":"","_et_pb_old_content":"","_et_gb_content_width":"","footnotes":""},"class_list":["post-1343","page","type-page","status-publish","hentry"],"_links":{"self":[{"href":"https:\/\/www.judokwailausanne.ch\/index.php?rest_route=\/wp\/v2\/pages\/1343","targetHints":{"allow":["GET"]}}],"collection":[{"href":"https:\/\/www.judokwailausanne.ch\/index.php?rest_route=\/wp\/v2\/pages"}],"about":[{"href":"https:\/\/www.judokwailausanne.ch\/index.php?rest_route=\/wp\/v2\/types\/page"}],"author":[{"embeddable":true,"href":"https:\/\/www.judokwailausanne.ch\/index.php?rest_route=\/wp\/v2\/users\/3"}],"replies":[{"embeddable":true,"href":"https:\/\/www.judokwailausanne.ch\/index.php?rest_route=%2Fwp%2Fv2%2Fcomments&post=1343"}],"version-history":[{"count":28,"href":"https:\/\/www.judokwailausanne.ch\/index.php?rest_route=\/wp\/v2\/pages\/1343\/revisions"}],"predecessor-version":[{"id":8829,"href":"https:\/\/www.judokwailausanne.ch\/index.php?rest_route=\/wp\/v2\/pages\/1343\/revisions\/8829"}],"up":[{"embeddable":true,"href":"https:\/\/www.judokwailausanne.ch\/index.php?rest_route=\/wp\/v2\/pages\/4101"}],"wp:attachment":[{"href":"https:\/\/www.judokwailausanne.ch\/index.php?rest_route=%2Fwp%2Fv2%2Fmedia&parent=1343"}],"curies":[{"name":"wp","href":"https:\/\/api.w.org\/{rel}","templated":true}]}}