{"id":16308,"date":"2020-11-01T16:29:53","date_gmt":"2020-11-01T15:29:53","guid":{"rendered":"https:\/\/www.judokwailausanne.ch\/?page_id=16308"},"modified":"2020-11-03T19:23:33","modified_gmt":"2020-11-03T18:23:33","slug":"reprise-des-cours-ju-jitsu-des-1er-novembre","status":"publish","type":"page","link":"https:\/\/www.judokwailausanne.ch\/?page_id=16308","title":{"rendered":"Reprise des cours ju-jitsu d\u00e8s le 3 novembre"},"content":{"rendered":"<p><span style=\"color: #ff0000;\">**** ANNULE ****<\/span><\/p>\n<p>&nbsp;<\/p>\n<p class=\"\">Les entrainements de ju-jitsu dans le dojo \u00e0 Epalinges reprennent. Il y a des conditions impos\u00e9es par la Municipalit\u00e9 :<\/p>\n<ul class=\"\">\n<li class=\"\">entrainement sans contact<\/li>\n<li class=\"\">nombre de personnes dans le dojo limit\u00e9 (10 personnes maximum par cours &#8211; y.c. le\/la moniteur\/trice)<\/li>\n<li class=\"\">port du masque pendant l&rsquo;entrainement<\/li>\n<li class=\"\">et bien entendu suivre les autres r\u00e8gles de protection d\u00e9j\u00e0 en cours.<\/li>\n<\/ul>\n<p class=\"\">Au vu des r\u00e9ponses re\u00e7ues au pr\u00e9c\u00e9dent sondage, nous d\u00e9cidons:<\/p>\n<ul>\n<li>Les entrainements du lundi sont suspendus jusqu&rsquo;\u00e0 nouvel avis.<\/li>\n<li><strong>2 sessions<\/strong> sont mis en place les mardis, mercredis et jeudis<\/li>\n<li><strong>Inscription pr\u00e9alable<\/strong> pour participer \u00e0 l&rsquo;entrainement (il est possible de s&rsquo;inscrire \u00e0 plusieurs sessions).<\/li>\n<\/ul>\n<p>https:\/\/doodle.com\/poll\/5seure2h4mkakz9u<\/p>\n<p>Le cours comprendra deux parties :<\/p>\n<ul>\n<li>entrainement de condition physique<\/li>\n<li>travail de Tandoku Renshu (travail des techniques sans partenaire)\u00a0 et \u00e9tude des kata de Karat\u00e9<\/li>\n<\/ul>\n<p>Prendre un tee-shirt pour la partie entrainement physique.<\/p>\n","protected":false},"excerpt":{"rendered":"<p>**** ANNULE **** &nbsp; Les entrainements de ju-jitsu dans le dojo \u00e0 Epalinges reprennent. Il y a des conditions impos\u00e9es par la Municipalit\u00e9 : entrainement sans contact nombre de personnes dans le dojo limit\u00e9 (10 personnes maximum par cours &#8211; y.c. le\/la moniteur\/trice) port du masque pendant l&rsquo;entrainement et bien entendu suivre les autres r\u00e8gles [&hellip;]<\/p>\n","protected":false},"author":3,"featured_media":0,"parent":4121,"menu_order":0,"comment_status":"closed","ping_status":"closed","template":"","meta":{"_et_pb_use_builder":"","_et_pb_old_content":"","_et_gb_content_width":"","footnotes":""},"class_list":["post-16308","page","type-page","status-publish","hentry"],"_links":{"self":[{"href":"https:\/\/www.judokwailausanne.ch\/index.php?rest_route=\/wp\/v2\/pages\/16308","targetHints":{"allow":["GET"]}}],"collection":[{"href":"https:\/\/www.judokwailausanne.ch\/index.php?rest_route=\/wp\/v2\/pages"}],"about":[{"href":"https:\/\/www.judokwailausanne.ch\/index.php?rest_route=\/wp\/v2\/types\/page"}],"author":[{"embeddable":true,"href":"https:\/\/www.judokwailausanne.ch\/index.php?rest_route=\/wp\/v2\/users\/3"}],"replies":[{"embeddable":true,"href":"https:\/\/www.judokwailausanne.ch\/index.php?rest_route=%2Fwp%2Fv2%2Fcomments&post=16308"}],"version-history":[{"count":6,"href":"https:\/\/www.judokwailausanne.ch\/index.php?rest_route=\/wp\/v2\/pages\/16308\/revisions"}],"predecessor-version":[{"id":16345,"href":"https:\/\/www.judokwailausanne.ch\/index.php?rest_route=\/wp\/v2\/pages\/16308\/revisions\/16345"}],"up":[{"embeddable":true,"href":"https:\/\/www.judokwailausanne.ch\/index.php?rest_route=\/wp\/v2\/pages\/4121"}],"wp:attachment":[{"href":"https:\/\/www.judokwailausanne.ch\/index.php?rest_route=%2Fwp%2Fv2%2Fmedia&parent=16308"}],"curies":[{"name":"wp","href":"https:\/\/api.w.org\/{rel}","templated":true}]}}