{"id":16699,"date":"2020-12-13T16:15:10","date_gmt":"2020-12-13T15:15:10","guid":{"rendered":"https:\/\/www.judokwailausanne.ch\/?page_id=16699"},"modified":"2024-07-03T14:30:08","modified_gmt":"2024-07-03T12:30:08","slug":"baby-judo-des-4-5-ans","status":"publish","type":"page","link":"https:\/\/www.judokwailausanne.ch\/?page_id=16699","title":{"rendered":"Baby judo d\u00e8s 4-5 ans"},"content":{"rendered":"<h5><img fetchpriority=\"high\" fetchpriority=\"high\" decoding=\"async\" class=\"alignright wp-image-16696 size-medium\" src=\"https:\/\/www.judokwailausanne.ch\/cmsv3\/wp-content\/uploads\/2020\/12\/Capture-de\u0301cran-2020-12-13-a\u0300-13.01.06-300x203.png\" alt=\"\" width=\"300\" height=\"203\" srcset=\"https:\/\/www.judokwailausanne.ch\/cmsv3\/wp-content\/uploads\/2020\/12\/Capture-de\u0301cran-2020-12-13-a\u0300-13.01.06-300x203.png 300w, https:\/\/www.judokwailausanne.ch\/cmsv3\/wp-content\/uploads\/2020\/12\/Capture-de\u0301cran-2020-12-13-a\u0300-13.01.06.png 613w\" sizes=\"(max-width: 300px) 100vw, 300px\" \/><\/h5>\n<p>D\u00e8s janvier 2021, le Judo Kwai Lausanne propose un cours destin\u00e9 aux enfants <strong>d\u00e8s 4-5 ans<\/strong>. Il a pour but de les amener de mani\u00e8re progressive \u00e0 la pratique du judo.<\/p>\n<p>&nbsp;<\/p>\n<p>&nbsp;<\/p>\n<p>&nbsp;<\/p>\n<p><strong>Qu\u2019est-ce que le \u00ab\u00a0baby judo\u00a0\u00bb en bref\u00a0?<\/strong><\/p>\n<blockquote><p>Le baby judo est un cours pour les enfants qui n\u2019ont pas encore l\u2019\u00e2ge pour faire du judo. Prenant la forme d\u2019une incitation ludique dans une ambiance conviviale, le baby judo d\u00e9veloppe les qualit\u00e9s physiques, psychologiques et morales de l\u2019enfant dans le respect des valeurs du judo.<\/p>\n<p>Par le jeu, les enfants sont amen\u00e9s petit \u00e0 petit \u00e0 acqu\u00e9rir le go\u00fbt du sport, de l\u2019effort et du travail en groupe.<\/p><\/blockquote>\n<p>&nbsp;<\/p>\n<p><strong>Que d\u00e9veloppe le baby judo chez l\u2019enfant\u00a0?<\/strong><\/p>\n<ul>\n<li>la motricit\u00e9<\/li>\n<li>la coordination<\/li>\n<li>la force<\/li>\n<li>le respect<\/li>\n<li>la gestion du risque<\/li>\n<li>le contr\u00f4le de soi<\/li>\n<li>la confiance en soi<\/li>\n<li>les aptitudes sociales et la communication<\/li>\n<\/ul>\n<p><strong>\u00a0<\/strong><\/p>\n<p><strong>Baby judo\u00a0: l\u2019\u00e9veil au judo<\/strong><\/p>\n<p>La pratique du judo en tant que sport de combat exige un certain nombre de comp\u00e9tences et d\u2019aptitudes physiques, mentales et sociales. Dans notre club, un enfant ne peut donc commencer le judo \u00e0 proprement parler qu\u2019\u00e0 partir de 6 ans\/3<sup>e<\/sup> ann\u00e9e HarmoS.<\/p>\n<blockquote><p>\u00c0 chaque \u00e2ge correspond une mani\u00e8re d\u2019apprendre le judo. Pour les plus jeunes, une approche p\u00e9dagogique sp\u00e9cifique est donc n\u00e9cessaire afin de faciliter l\u2019apprentissage futur du judo ou d\u2019activit\u00e9s sportives et artistiques en g\u00e9n\u00e9ral.<\/p><\/blockquote>\n<p>Pour les enfants ayant l\u2019envie de se mettre au judo d\u00e8s 4 ans, le Judo Kwai Lausanne propose donc un nouveau type de cours pr\u00e9-judo\u00a0: le <strong>baby judo<\/strong>. Gr\u00e2ce \u00e0 une m\u00e9thode d\u2019apprentissage fond\u00e9e sur des exercices simples de coordination, de gymnastique, de chute et de d\u00e9placement inspir\u00e9s type judo, ce cours a pour but d\u2019amener l\u2019enfant \u00e0 effectuer <strong>une premi\u00e8re approche du judo<\/strong> par le jeu. Pour ce faire, notre sense\u00ef Tatsuto Shima utilise sa formation J+S Kids et le savoir-faire japonais en termes de baby judo, en mettant toujours au premier plan le plaisir et le d\u00e9veloppement de l\u2019enfant.<\/p>\n<p>&nbsp;<\/p>\n<p>Le baby judo s\u2019effectue en habits de sport (sans kimono).<\/p>\n<p>&nbsp;<\/p>\n<p>Le judo est conseill\u00e9<strong>\u00a0pour tous les enfants, sans restriction<\/strong>. Les jeunes enfants peuvent d\u2019ailleurs \u00eatre amen\u00e9es \u00e0 \u00e9voluer sur le tapis. Des petits tr\u00e8s timides au d\u00e9part peuvent devenir beaucoup plus ouverts \u00e0 force de c\u00f4toyer de nouveaux copains lors d\u2019exercices moteurs complexes \u00e0 r\u00e9aliser \u00e0 plusieurs. D\u2019autres, plut\u00f4t remuants, peuvent, quant \u00e0 eux, devenir plus doux et attentifs aux r\u00e8gles n\u00e9cessaires pour accomplir une figure demand\u00e9e.<\/p>\n<p>Informations compl\u00e9mentaires :<\/p>\n<ul>\n<li><a href=\"https:\/\/www.judokwailausanne.ch\/tarifs\">Lien pour les tarifs<\/a><\/li>\n<li><a href=\"https:\/\/www.judokwailausanne.ch\/horaires\">Lien pour les horaires<\/a><\/li>\n<li><a href=\"https:\/\/www.judokwailausanne.ch\/contact\">Lien pour l\u2019inscription et les renseignements.<\/a><\/li>\n<\/ul>\n<p>&nbsp;<\/p>\n","protected":false},"excerpt":{"rendered":"<p>D\u00e8s janvier 2021, le Judo Kwai Lausanne propose un cours destin\u00e9 aux enfants d\u00e8s 4-5 ans. Il a pour but de les amener de mani\u00e8re progressive \u00e0 la pratique du judo. &nbsp; &nbsp; &nbsp; Qu\u2019est-ce que le \u00ab\u00a0baby judo\u00a0\u00bb en bref\u00a0? Le baby judo est un cours pour les enfants qui n\u2019ont pas encore l\u2019\u00e2ge [&hellip;]<\/p>\n","protected":false},"author":3,"featured_media":16696,"parent":4112,"menu_order":5,"comment_status":"closed","ping_status":"closed","template":"","meta":{"_et_pb_use_builder":"","_et_pb_old_content":"","_et_gb_content_width":"","footnotes":""},"class_list":["post-16699","page","type-page","status-publish","has-post-thumbnail","hentry"],"_links":{"self":[{"href":"https:\/\/www.judokwailausanne.ch\/index.php?rest_route=\/wp\/v2\/pages\/16699","targetHints":{"allow":["GET"]}}],"collection":[{"href":"https:\/\/www.judokwailausanne.ch\/index.php?rest_route=\/wp\/v2\/pages"}],"about":[{"href":"https:\/\/www.judokwailausanne.ch\/index.php?rest_route=\/wp\/v2\/types\/page"}],"author":[{"embeddable":true,"href":"https:\/\/www.judokwailausanne.ch\/index.php?rest_route=\/wp\/v2\/users\/3"}],"replies":[{"embeddable":true,"href":"https:\/\/www.judokwailausanne.ch\/index.php?rest_route=%2Fwp%2Fv2%2Fcomments&post=16699"}],"version-history":[{"count":12,"href":"https:\/\/www.judokwailausanne.ch\/index.php?rest_route=\/wp\/v2\/pages\/16699\/revisions"}],"predecessor-version":[{"id":25883,"href":"https:\/\/www.judokwailausanne.ch\/index.php?rest_route=\/wp\/v2\/pages\/16699\/revisions\/25883"}],"up":[{"embeddable":true,"href":"https:\/\/www.judokwailausanne.ch\/index.php?rest_route=\/wp\/v2\/pages\/4112"}],"wp:featuredmedia":[{"embeddable":true,"href":"https:\/\/www.judokwailausanne.ch\/index.php?rest_route=\/wp\/v2\/media\/16696"}],"wp:attachment":[{"href":"https:\/\/www.judokwailausanne.ch\/index.php?rest_route=%2Fwp%2Fv2%2Fmedia&parent=16699"}],"curies":[{"name":"wp","href":"https:\/\/api.w.org\/{rel}","templated":true}]}}