{"id":4110,"date":"2018-01-06T14:49:20","date_gmt":"2018-01-06T13:49:20","guid":{"rendered":"http:\/\/www.judokwailausanne.ch\/cmsv3\/?page_id=4110"},"modified":"2021-09-17T13:12:17","modified_gmt":"2021-09-17T11:12:17","slug":"initiation-judo","status":"publish","type":"page","link":"https:\/\/www.judokwailausanne.ch\/?page_id=4110","title":{"rendered":"Cours enfants d\u00e9butants Lausanne"},"content":{"rendered":"<div id=\"attachment_271\" style=\"width: 160px\" class=\"wp-caption alignright\"><a href=\"https:\/\/www.judokwailausanne.ch\/initiation#formulaire\"><img decoding=\"async\" aria-describedby=\"caption-attachment-271\" class=\"wp-image-271 size-thumbnail\" src=\"http:\/\/www.judokwailausanne.ch\/cmsv3\/wp-content\/uploads\/2013\/01\/DOJOU-2-150x150.jpg\" alt=\"\" width=\"150\" height=\"150\" \/><\/a><p id=\"caption-attachment-271\" class=\"wp-caption-text\">Venez tester le cours Judo pour enfants<\/p><\/div>\n<p>Les cours enfants d\u00e9butants sont destin\u00e9s \u00e0 faire d\u00e9couvrir les joies du Judo aux enfants (gar\u00e7on ou fille) d\u00e8s la 3\u00e8me Harmos et ce dans d&rsquo;excellentes conditions. L&rsquo;objectif du cours est d&rsquo;amener en quatre \u00e0 six mois environ (d\u00e9pendant si l&rsquo;enfant fait un ou deux entra\u00eenements hebdomadaire), un groupe d&rsquo;enfants au niveau de la ceinture jaune. Votre enfant saura alors chuter sans appr\u00e9hension, aura assimil\u00e9 les premi\u00e8res techniques de judo et aura eu l&rsquo;occasion de se faire de nouveaux amis. Tout ceci en apprenant \u00e0 respecter des r\u00e8gles, \u00e0 d\u00e9couvrir l\u2019entraide, l&rsquo;\u00e9change et l&rsquo;\u00e9coute.<\/p>\n<p>Comment commencer dans de bonnes conditions ?<\/p>\n<h3>1-Choisissez un horaire pour tester le judo.<\/h3>\n<p>Vous trouvez <a href=\"\/horaires\">un horaire<\/a> adapt\u00e9 et qui vous convient. Vous vous pr\u00e9sentez un 1\/4 d&rsquo;heure avant la le\u00e7on avec votre enfant. Nous conseillons que votre enfant fasse une ou deux le\u00e7ons d&rsquo;essai.<\/p>\n<h3>2-Votre enfant vient faire un cours d&rsquo;essai<\/h3>\n<p>Les cours d&rsquo;essai sont gratuits et sans engagement de votre part. Nous vous prions cependant de venir avant le cours (judo enfant d\u00e9butants d\u00e8s 6 ans) afin de pr\u00eater un judogi et faire la le\u00e7on dans les meilleures conditions.<\/p>\n<p>Si le test est concluant&#8230; (et g\u00e9n\u00e9ralement c&rsquo;est le cas!)<\/p>\n<h3>3-Vous inscrivez ensuite votre enfant<\/h3>\n<p>Le <a href=\"#formulaire\">formulaire ci-dessous<\/a> permet d&rsquo;inscrire votre enfant de fa\u00e7on d\u00e9finitive. vous pouvez \u00e9galement faire l&rsquo;inscription sur place aux heures d&rsquo;ouverture du secr\u00e9tariat.<\/p>\n<p>Nous attirons votre attention que le dojo est ferm\u00e9 selon les jours f\u00e9ri\u00e9s et vacances scolaires de l\u2019Etat de Vaud.<\/p>\n<p><iframe title=\"YouTube video player\" src=\"https:\/\/www.youtube.com\/embed\/vV7g3ppTA_Q\" width=\"560\" height=\"315\" frameborder=\"0\" allowfullscreen=\"allowfullscreen\"><\/iframe><\/p>\n<p>Voici les <a href=\"#myfaq\">questions principalement pos\u00e9es<\/a> sur les cours enfants d\u00e9butants judo.<\/p>\n<p>Bien\u00a0entendu si vous ne trouvez pas la r\u00e9ponse \u00e0 vos interrogations, <a title=\"Contacts\" href=\"http:\/\/www.judokwailausanne.ch\/contact\">contactez-nous<\/a>.<\/p>\n<p><a name=\"formulaire\"><\/a><\/p>\n<hr \/>\n<h2>Inscription<\/h2>\n<p><A HREF=\"https:\/\/www.judokwailausanne.ch\/inscriptions\">Lien sur les formulaires d&rsquo;inscription<\/A><\/p>\n<p><a name=\"myfaq\"><\/a><\/p>\n<hr \/>\n<h2>Foire aux questions :<\/h2>\n<h4>A qui sont destin\u00e9s les cours enfants d\u00e9butants judo \u00e0\u00a0Lausanne ?<\/h4>\n<p><img decoding=\"async\" class=\"size-thumbnail wp-image-472 alignright\" src=\"http:\/\/www.judokwailausanne.ch\/cmsv3\/wp-content\/uploads\/2013\/01\/sld-enfant-150x150.jpg\" alt=\"sld-enfant\" width=\"150\" height=\"150\" \/>Les cours enfants d\u00e9butants judo Lausanne sont destin\u00e9s aux <strong>enfants d\u00e8s 6 ans<\/strong> (minimum 1\u00e8re primaire = 3P HarmoS) qu&rsquo;ils soient <strong>gar\u00e7ons ou filles<\/strong>.<\/p>\n<p>Le but du cours est de fournir les bases techniques au enfants mais surtout de leur donner envie de continuer le Judo.<\/p>\n<p>Pour les enfants plus jeunes (4 &#8211; 5 ans), nous proposons des cours de <a href=\"\/baby\">Baby-Judo<\/a>, bien adapt\u00e9s pour cette tranche d&rsquo;\u00e2ge).<\/p>\n<h4>Combien cela co\u00fbte ?<\/h4>\n<p><a href=\"http:\/\/www.judokwailausanne.ch\/cmsv3\/wp-content\/uploads\/2013\/03\/sans-titre-41_resultat.jpg\"><img decoding=\"async\" class=\"size-thumbnail wp-image-1017 alignright\" src=\"http:\/\/www.judokwailausanne.ch\/cmsv3\/wp-content\/uploads\/2013\/03\/sans-titre-41_resultat-150x150.jpg\" alt=\"sans titre-41_resultat\" width=\"150\" height=\"150\" \/><\/a>En inscrivant votre enfant auxcours enfants d\u00e9butants du Judo Kwai Lausanne, il devient membre \u00e0 part enti\u00e8re du club. La cotisation pour jeune actif se monte \u00e0 360.- pour le 1er semestre et \u00e0 240.- pour le second. Enfin, cette cotisation permettra \u00e0 votre enfant de s&rsquo;entra\u00eener autant de fois qu&rsquo;il le souhaite durant la semaine.<\/p>\n<p>Il vous faudra \u00e9galement acheter un kimono (plus pr\u00e9cis\u00e9ment un Judogi) dont vous trouverez plus apr\u00e8s les ordres de prix.<\/p>\n<h4>Qui donne les cours enfants d\u00e9butants judo ?<\/h4>\n<p>L<img loading=\"lazy\" loading=\"lazy\" decoding=\"async\" class=\"wp-image-3440 alignright\" style=\"background-attachment: scroll; background-clip: border-box; background-color: transparent; background-image: none; background-origin: padding-box; background-position-x: 0%; background-position-y: 0%; background-repeat: repeat; background-size: auto; color: #777777; display: block; float: right; font-family: &amp;quot; open sans&amp;quot;,helvetica,arial,sans-serif; font-size: 13px; font-style: normal; font-variant: normal; font-weight: 400; height: 208.5px; letter-spacing: normal; max-width: 1251px; orphans: 2; outline-color: #72777c; outline-style: solid; outline-width: 1px; text-align: left; text-decoration: none; text-indent: 0px; text-transform: none; vertical-align: middle; -webkit-text-stroke-width: 0px; white-space: normal; word-spacing: 0px; margin: 6.5px 0px 6.5px 45.5px;\" src=\"http:\/\/www.judokwailausanne.ch\/cmsv3\/wp-content\/uploads\/2017\/06\/V3-200x300.jpg\" alt=\"\" width=\"139\" height=\"208\" \/>es cours enfants d\u00e9butants judo \u00e0 Lausanne sont sous la responsabilit\u00e9 de Tatsuto Shima 4\u00e8me\u00a0Dan Judo, professeur de Judo.<\/p>\n<p>Tatsuto Shima\u00a0a obtenu un dipl\u00f4me de Maitre de Sport \u00e0 l&rsquo;universit\u00e9 de Tsukuba au Japon.<\/p>\n<p>Il s&rsquo;occupe d&rsquo;entrainements pour tous les niveaux depuis de nombreuses ann\u00e9es. Ses \u00e9tudes universitaires coupl\u00e9es \u00e0 une connaissance approfondie de ce beau sport qu&rsquo;est le judo,\u00a0garantissent la prise en charge des enfants dans des <strong>conditions de s\u00e9curit\u00e9 et de qualit\u00e9 optimum<\/strong>.<\/p>\n<p>&nbsp;<\/p>\n<h4>O\u00f9 et quand ont lieu les cours cours enfants d\u00e9butants judo ?<\/h4>\n<p><img loading=\"lazy\" loading=\"lazy\" decoding=\"async\" class=\"size-thumbnail wp-image-271 alignright\" src=\"http:\/\/www.judokwailausanne.ch\/cmsv3\/wp-content\/uploads\/2013\/01\/DOJOU-6-150x150.jpg\" alt=\"DOJOU-6\" width=\"150\" height=\"150\" \/>Les cours enfants d\u00e9butants judo ont lieu les<strong> mardis, mercredis, jeudis et vendredi apr\u00e8s-midi<\/strong> au Dojo de Mon Repos <strong>\u00e0 Lausanne<\/strong>.<\/p>\n<p>Cliquez dans <a title=\"Nos Dojos\" href=\"http:\/\/www.judokwailausanne.ch\/cmsv3\/?page_id=4101\">\u00ab\u00a0Nous trouver\u00a0\u00bb<\/a> pour avoir le plan d&rsquo;acc\u00e8s au Dojo.<\/p>\n<h4>O\u00f9 trouver un Kimono?<\/h4>\n<p>Le Judo se pratique en kimono (plus pr\u00e9cis\u00e9ment le nom est <em>judogi<\/em>). Vous pouvez l&rsquo;acheter au club (prix indicatif : comptez une soixantaine de francs pour les plus petites tailles) <b><span style=\"text-decoration: underline;\">paiement au comptant ou par carte (cartes maestro, mastercard, visa, american express\u00a0accept\u00e9es)<\/span><\/b>, pendant les horaires du secr\u00e9tariat.<\/p>\n<p>En cas d&rsquo;achat au club, le premier jour du cours enfants d\u00e9butants, nous vous conseillons de venir un quart d&rsquo;heure avant le d\u00e9but de la le\u00e7on.<\/p>\n<h4>J&rsquo;habite \u00e0 l&rsquo;ext\u00e9rieur de Lausanne, puis-je trouver des cours en p\u00e9riph\u00e9rie ?<\/h4>\n<p>Le Judo Kwai Lausanne propose \u00e9galement des <strong>cours de Judo pour enfants \u00e0 Epalinges et au Mont sur Lausanne<\/strong>\u00a0:<\/p>\n<p>Consultez la <a title=\"Commencer avec nous\" href=\"http:\/\/www.judokwailausanne.ch\/cmsv3\/?page_id=496\">page suivante<\/a>\u00a0pour \u00a0tous les d\u00e9tails.<br \/>\nVous pouvez \u00e9galement trouver les <strong>adresses des clubs de judo dans le canton de Vaud<\/strong> sur le site de l&rsquo;Association Vaudoise de Judo et Ju-Jitsu (<a href=\"http:\/\/www.judo-vaud.ch\" target=\"_blank\" rel=\"noopener noreferrer\">www.judo-vaud.ch<\/a>).<\/p>\n<h4>Comment se passe l&rsquo;inscription?<\/h4>\n<p><img loading=\"lazy\" loading=\"lazy\" decoding=\"async\" class=\"size-thumbnail wp-image-246 alignright\" src=\"http:\/\/www.judokwailausanne.ch\/cmsv3\/wp-content\/uploads\/2013\/01\/DOJO-3-150x150.jpg\" alt=\"DOJO-3\" width=\"150\" height=\"150\" \/>Apr\u00e8s avoir rempli\u00a0formulaire d&rsquo;inscription ci-dessous, vous recevrez par courrier un bulletin de versement avec le montant \u00e0 payer ainsi que le r\u00e8glement du Judo Kwai Lausanne. Le paiement de cette premi\u00e8re cotisation devra se faire avant le d\u00e9but du cours.<\/p>\n<p>Votre enfant recevra lors des premi\u00e8res le\u00e7ons une brochure explicative des termes et techniques qui seront pr\u00e9sent\u00e9s pendant\u00a0toutes les\u00a0le\u00e7ons du cours enfants d\u00e9butants judo.<\/p>\n<h4>Que se passe-t-il si mon enfant est absent ?<\/h4>\n<p><a href=\"http:\/\/www.judokwailausanne.ch\/cmsv3\/wp-content\/uploads\/2013\/01\/DOJOU-14.jpg\"><img loading=\"lazy\" loading=\"lazy\" decoding=\"async\" class=\"size-thumbnail wp-image-279 alignright\" src=\"http:\/\/www.judokwailausanne.ch\/cmsv3\/wp-content\/uploads\/2013\/01\/DOJOU-14-150x150.jpg\" alt=\"DOJOU-14\" width=\"150\" height=\"150\" \/><\/a>Aucun remboursement ne sera accord\u00e9 en cas d&rsquo;arr\u00eat du cours avant son terme.<\/p>\n<p>En cas de maladie ou accident et sur pr\u00e9sentation d&rsquo;un certificat m\u00e9dical, une solution sera trouv\u00e9e avec la secr\u00e9taire pour un cours de remplacement.<\/p>\n<h4>Que se passe-t-il \u00e0 la fin du cours enfants d\u00e9butants judo ?<\/h4>\n<p><img loading=\"lazy\" loading=\"lazy\" decoding=\"async\" class=\"size-thumbnail wp-image-286 alignright\" src=\"http:\/\/www.judokwailausanne.ch\/cmsv3\/wp-content\/uploads\/2013\/01\/DOJOU-21-150x150.jpg\" alt=\"DOJOU-21\" width=\"150\" height=\"150\" \/><\/p>\n<p>Le cycle d&rsquo;initiation se termine par l&rsquo;obtention de le ceinture jaune. En tant que membre \u00e0 part enti\u00e8re du club, votre enfant\u00a0pourra imm\u00e9diatement continuer le judo, \u00e0 des horaires diff\u00e9rents, selon programme et conseils de l&rsquo;enseignant.<br \/>\nIl pourra \u00e9galement commencer \u00e0 participer \u00e0 certains \u00e9v\u00e9nements organis\u00e9s par le Judo Kwai Lausanne (tournoi de No\u00ebl, tournoi d&rsquo;\u00e9t\u00e9 entre autre). Vous recevrez, dans les jours qui suivent la fin du cours enfants d\u00e9butants judo, une facture pour le passeport et la licence annuelle de la F\u00e9d\u00e9ration Suisse de Judo, selon r\u00e8glement annuel en vigueur, qui sera joint.<br \/>\nD\u00e8s ce moment l\u00e0, les d\u00e9lais de d\u00e9mission seront 15 juin pour fin juin et 15 d\u00e9cembre pour fin d\u00e9cembre et les cotisations seront dues jusqu&rsquo;\u00e0 l&rsquo;\u00e9ch\u00e9ance.<br \/>\nSi l&rsquo;enfant d\u00e9sire arr\u00eater \u00e0 la fin du cours enfants d\u00e9butants judo, il vous suffira de nous en<strong> informer imm\u00e9diatement \u00e0 la fin du cours<\/strong>\u00a0par \u00e9crit ou en nous envoyant un mail.<\/p>\n<h4>Peut-on faire un cours d&rsquo;essai ?<\/h4>\n<p><strong>Oui<\/strong>, <a href=\"\/contact\">contactez nous!<\/a>.<\/p>\n<p>Il est bien entendu <strong>possible \u00e0 votre enfant de venir voir le d\u00e9roulement d&rsquo;un cours <\/strong>d&rsquo;initiation afin de\u00a0se faire une\u00a0id\u00e9e de ce qu&rsquo;est le Judo. Finalement vous pourrez d\u00e9cider avec lui, suite \u00e0\u00a0cela, de l&rsquo;inscrire au cours enfants d\u00e9butants judo.<\/p>\n<h4>Pourquoi pas de judo avant la 3\u00e8me Harmos?<\/h4>\n<p><img loading=\"lazy\" loading=\"lazy\" decoding=\"async\" class=\"size-thumbnail wp-image-267 alignright\" src=\"http:\/\/www.judokwailausanne.ch\/cmsv3\/wp-content\/uploads\/2013\/01\/DOJOU-2-150x150.jpg\" alt=\"DOJOU-2\" width=\"150\" height=\"150\" \/>S\u2019il est une question \u00e0 laquelle nos enseignants et notre secr\u00e9tariat sont souvent confront\u00e9s, c\u2019est celle de l\u2019\u00e2ge minimum requis pour pouvoir commencer \u00e0 suivre les cours de judo dispens\u00e9s en notre dojo. Or cet \u00e2ge minimum est celui de l&rsquo;entr\u00e9e en 3\u00e8me Harmos.<\/p>\n<p>Pourquoi donc ?<\/p>\n<p>C\u2019est qu\u2019en dessous de cet \u00e2ge, les enfants ne paraissent pas proprement aptes \u00e0 suivre des cours de judo. Physiquement comme mentalement, leur d\u00e9veloppement n\u2019est alors pas suffisant pour pouvoir \u00e9tudier un art martial dont le principe de souplesse requiert une grande attention intellectuelle, de m\u00eame que des capacit\u00e9s de compr\u00e9hension et des capacit\u00e9s physiques certaines. Pour commencer le judo, il est donc n\u00e9cessaire d\u2019avoir atteint un certain niveau de coordination, de concentration, de repr\u00e9sentation dans l\u2019espace, de discipline, de d\u00e9veloppement musculaire ou encore de socialisation. De m\u00eame, il ne faudrait pas n\u00e9gliger la grande fragilit\u00e9 des articulations et des os des tr\u00e8s jeunes enfants (notamment au niveau cervical) qui pourrait rendre dangereuse la pratique d\u2019un art martial, comme le judo, fond\u00e9 sur les projections et les chutes.<\/p>\n<p>Il nous semble donc qu\u2019il est absolument n\u00e9cessaire d\u2019avoir atteint l\u2019\u00e2ge d&rsquo;entr\u00e9e en 3\u00e8me Harmos pour pouvoir commencer le passionnant apprentissage du judo dans un cadre le plus s\u00fbr possible.<\/p>\n<p>A not\u00e9 enfin que deux cours par semaine permettent un apprentissage optimal du judo. Si votre enfant en a envie n&rsquo;h\u00e9sitez donc pas lui proposer un deuxi\u00e8me cours dans la semaine (nos enseignants se tiennent \u00e0 votre disposition pour de plus amples renseignements).<\/p>\n","protected":false},"excerpt":{"rendered":"<p>Les cours enfants d\u00e9butants sont destin\u00e9s \u00e0 faire d\u00e9couvrir les joies du Judo aux enfants (gar\u00e7on ou fille) d\u00e8s la 3\u00e8me Harmos et ce dans d&rsquo;excellentes conditions. L&rsquo;objectif du cours est d&rsquo;amener en quatre \u00e0 six mois environ (d\u00e9pendant si l&rsquo;enfant fait un ou deux entra\u00eenements hebdomadaire), un groupe d&rsquo;enfants au niveau de la ceinture [&hellip;]<\/p>\n","protected":false},"author":3,"featured_media":0,"parent":4112,"menu_order":1,"comment_status":"closed","ping_status":"closed","template":"","meta":{"_et_pb_use_builder":"","_et_pb_old_content":"","_et_gb_content_width":"","footnotes":""},"class_list":["post-4110","page","type-page","status-publish","hentry"],"_links":{"self":[{"href":"https:\/\/www.judokwailausanne.ch\/index.php?rest_route=\/wp\/v2\/pages\/4110","targetHints":{"allow":["GET"]}}],"collection":[{"href":"https:\/\/www.judokwailausanne.ch\/index.php?rest_route=\/wp\/v2\/pages"}],"about":[{"href":"https:\/\/www.judokwailausanne.ch\/index.php?rest_route=\/wp\/v2\/types\/page"}],"author":[{"embeddable":true,"href":"https:\/\/www.judokwailausanne.ch\/index.php?rest_route=\/wp\/v2\/users\/3"}],"replies":[{"embeddable":true,"href":"https:\/\/www.judokwailausanne.ch\/index.php?rest_route=%2Fwp%2Fv2%2Fcomments&post=4110"}],"version-history":[{"count":28,"href":"https:\/\/www.judokwailausanne.ch\/index.php?rest_route=\/wp\/v2\/pages\/4110\/revisions"}],"predecessor-version":[{"id":19146,"href":"https:\/\/www.judokwailausanne.ch\/index.php?rest_route=\/wp\/v2\/pages\/4110\/revisions\/19146"}],"up":[{"embeddable":true,"href":"https:\/\/www.judokwailausanne.ch\/index.php?rest_route=\/wp\/v2\/pages\/4112"}],"wp:attachment":[{"href":"https:\/\/www.judokwailausanne.ch\/index.php?rest_route=%2Fwp%2Fv2%2Fmedia&parent=4110"}],"curies":[{"name":"wp","href":"https:\/\/api.w.org\/{rel}","templated":true}]}}