{"id":4112,"date":"2018-01-06T14:47:12","date_gmt":"2018-01-06T13:47:12","guid":{"rendered":"http:\/\/www.judokwailausanne.ch\/cmsv3\/?page_id=4112"},"modified":"2024-05-04T11:57:21","modified_gmt":"2024-05-04T09:57:21","slug":"commencer-au-jkl","status":"publish","type":"page","link":"https:\/\/www.judokwailausanne.ch\/?page_id=4112","title":{"rendered":"Commencer au JKL"},"content":{"rendered":"<p><iframe title=\"YouTube video player\" src=\"https:\/\/www.youtube.com\/embed\/vV7g3ppTA_Q\" width=\"560\" height=\"315\" frameborder=\"0\" allowfullscreen=\"allowfullscreen\"><\/iframe><\/p>\n<h3>Pourquoi venir au JKL ?<\/h3>\n<p>Peut-\u00eatre simplement par ce que au JKL vous pourrez y apprendre le Judo \u67d4\u9053\u00a0 et le Ju-jitsu!<br \/>\nV\u00e9ritable sport \u00e9ducatif, le Judo permet \u00e0 chacun de devenir plus adroit, plus souple, plus fort et ceci dans le strict respect du code moral de ce sport. Le Ju-Jitsu est quant \u00e0 lui un art-martial qui vise \u00e0 acqu\u00e9rir des techniques de self-d\u00e9fense. Que vous soyez d\u00e9butant ou confirm\u00e9; \u00a0enfant, adolescent ou adulte; vous trouverez votre place et ferez votre voie au <strong>Judo Kwai Lausanne<\/strong>. Soyez le bienvenu dans votre futur club!<\/p>\n<p>&nbsp;<\/p>\n<p>&nbsp;<\/p>\n<div id=\"attachment_271\" style=\"width: 160px\" class=\"wp-caption alignright\"><a href=\"https:\/\/www.judokwailausanne.ch\/initiation\"><img decoding=\"async\" aria-describedby=\"caption-attachment-271\" class=\"wp-image-271 size-thumbnail\" src=\"http:\/\/www.judokwailausanne.ch\/cmsv3\/wp-content\/uploads\/2013\/01\/DOJOU-2-150x150.jpg\" alt=\"DOJO-2\" width=\"150\" height=\"150\" \/><\/a><p id=\"caption-attachment-271\" class=\"wp-caption-text\">Initiation Judo pour enfants<\/p><\/div>\n<p><strong>Chers Parents<\/strong>, au JKL votre enfant trouvera un environnement \u00e9ducatif optimal. Trois <a href=\"https:\/\/www.judokwailausanne.ch\/entraineurs\">professeurs d\u2019exp\u00e9rience<\/a> assurent l\u2019enseignement du Judo aux enfants. Tatsuto Shima (4\u00e8me Dan et Directeur Technique), Ir\u00e8ne Bernasconi (6\u00e8me Dan) et Hiroshi Katanishi (8\u00e8me Dan &#8211; Expert pour l&rsquo;Union Europ\u00e9enne de Judo) proposent un apprentissage progressif du Judo \u00e0 votre enfant. Le respect des r\u00e8gles, de l&rsquo;\u00e9change, de l&rsquo;\u00e9coute et la d\u00e9couverte de l\u2019entraide, forment le cadre des cours dispens\u00e9s par Tatsuto, Ir\u00e8ne et Hiroshi.<br \/>\n<a href=\"https:\/\/www.judokwailausanne.ch\/initiation\">Acc\u00e9der \u00e0 la page \u00ab\u00a0Cours enfants d\u00e9butants Judo\u00a0\u00e0 Lausanne\u00a0\u00bb <\/a><span class=\"meta-nav\">\u2192<br \/>\n<a href=\"https:\/\/www.judokwailausanne.ch\/1066\">Acc\u00e9der \u00e0 la page \u00ab\u00a0Cours Judo d\u00e9butants\u00a0Epalinges\u00a0\u00bb<\/a> \u2192<br \/>\n<a href=\"https:\/\/www.judokwailausanne.ch\/1052\">Acc\u00e9der \u00e0 la page \u00ab\u00a0Initiation Judo Enfants au Mont sur Lausanne\u00a0\u00bb<\/a> \u2192<br \/>\n<a href=\"https:\/\/www.judokwailausanne.ch\/baby\">Acc\u00e9der \u00e0 la page \u00ab\u00a0Baby Judo \u00e0 Lausanne\u00a0\u00bb<\/a> \u2192<br \/>\n<\/span><\/p>\n<p>&nbsp;<\/p>\n<div id=\"attachment_271\" style=\"width: 160px\" class=\"wp-caption alignright\"><a href=\"https:\/\/www.judokwailausanne.ch\/1066\"><img decoding=\"async\" aria-describedby=\"caption-attachment-271\" class=\"wp-image-271 size-thumbnail\" src=\"http:\/\/www.judokwailausanne.ch\/cmsv3\/wp-content\/uploads\/2013\/01\/DOJOU-6-150x150.jpg\" alt=\"DOJO-6\" width=\"150\" height=\"150\" \/><\/a><p id=\"caption-attachment-271\" class=\"wp-caption-text\">Judo pour enfants<\/p><\/div>\n<p><strong>Chers Judokas<\/strong>, rares sont les clubs sportifs disposant d\u2019enseignants poss\u00e9dant une telle exp\u00e9rience. A eux trois, Tatsuto, Ir\u00e8ne et Hiroshi totalisent 18 Dan et plus de 55 ann\u00e9es d\u2019enseignement !<br \/>\nQue vous recherchiez des cours techniques, de katas ou des entra\u00eenements \u00ab Comp\u00e9titions \u00bb, le JKL vous propose un enseignement progressif et adapt\u00e9 \u00e0 vos propres aptitudes. L\u2019encadrement du JKL permet ainsi \u00e0 tout un chacun de s\u2019\u00e9panouir dans ce fantastique sport qu\u2019est le Judo et d\u2019atteindre le but sportif qu\u2019il se sera fix\u00e9.<br \/>\n<a href=\"https:\/\/www.judokwailausanne.ch\/judoPlaisir\">Acc\u00e9der \u00e0 la page \u00ab\u00a0Judo Lausanne\u00a0\u00bb<\/a> \u2192<br \/>\n<a href=\"https:\/\/www.judokwailausanne.ch\/1066\">Acc\u00e9der \u00e0 la page \u00ab\u00a0Judo Epalinges\u00a0\u00bb<\/a> \u2192<\/p>\n<p>&nbsp;<\/p>\n<div id=\"attachment_9807\" style=\"width: 160px\" class=\"wp-caption alignright\"><img decoding=\"async\" aria-describedby=\"caption-attachment-9807\" class=\"wp-image-9807\" src=\"https:\/\/www.judokwailausanne.ch\/cmsv3\/wp-content\/uploads\/2018\/12\/p4.jpg\" alt=\"\" width=\"150\" height=\"225\" \/><p id=\"caption-attachment-9807\" class=\"wp-caption-text\">Ju-Jitsu d\u00e8s 15 ans<\/p><\/div>\n<p><strong>Chers Ju-Jitsukas<\/strong>, notre club propose \u00e9galement des cours de Ju-Jitsu, Les entra\u00eenements ont lieu \u00e0 Epalinges et sont dirig\u00e9s par Arnaud Vernay (4\u00e8me Dan Ju-Jitsu et 2\u00e8me Dan Judo), Francesco Parisi (4\u00e8me Dan Ju-Jitsu et 2\u00e8me Dan Judo) et Hubert Clerc (3\u00e8me Dan Ju-Jitsu et 1er Dan Karat\u00e9). Arnaud, Francesco et Hubert ont d\u00e9velopp\u00e9 leur savoir-faire sous la houlette de Marcel Python (9\u00e8me Dan de Ju-Jitsu et 8\u00e8me Dan Judo &#8211; d\u00e9c\u00e9d\u00e9 en f\u00e9vrier 2015), actif tr\u00e8s t\u00f4t dans notre F\u00e9d\u00e9ration et membre fondateur du club, il demeurera une r\u00e9f\u00e9rence pour le Ju-Jitsu en Suisse.<br \/>\n<a href=\"https:\/\/www.judokwailausanne.ch\/ju-jitsu\">Acc\u00e9der \u00e0 la page Ju-Jitsu<\/a> \u2192<br \/>\n<a href=\"https:\/\/www.judokwailausanne.ch\/CommencerJu-jitsu\">Inscription cours d&rsquo;essai gratuit de Ju-Jitsu<\/a> \u2192<\/p>\n","protected":false},"excerpt":{"rendered":"<p>Pourquoi venir au JKL ? Peut-\u00eatre simplement par ce que au JKL vous pourrez y apprendre le Judo \u67d4\u9053\u00a0 et le Ju-jitsu! V\u00e9ritable sport \u00e9ducatif, le Judo permet \u00e0 chacun de devenir plus adroit, plus souple, plus fort et ceci dans le strict respect du code moral de ce sport. Le Ju-Jitsu est quant \u00e0 [&hellip;]<\/p>\n","protected":false},"author":3,"featured_media":0,"parent":0,"menu_order":0,"comment_status":"closed","ping_status":"closed","template":"","meta":{"_et_pb_use_builder":"","_et_pb_old_content":"","_et_gb_content_width":"","footnotes":""},"class_list":["post-4112","page","type-page","status-publish","hentry"],"_links":{"self":[{"href":"https:\/\/www.judokwailausanne.ch\/index.php?rest_route=\/wp\/v2\/pages\/4112","targetHints":{"allow":["GET"]}}],"collection":[{"href":"https:\/\/www.judokwailausanne.ch\/index.php?rest_route=\/wp\/v2\/pages"}],"about":[{"href":"https:\/\/www.judokwailausanne.ch\/index.php?rest_route=\/wp\/v2\/types\/page"}],"author":[{"embeddable":true,"href":"https:\/\/www.judokwailausanne.ch\/index.php?rest_route=\/wp\/v2\/users\/3"}],"replies":[{"embeddable":true,"href":"https:\/\/www.judokwailausanne.ch\/index.php?rest_route=%2Fwp%2Fv2%2Fcomments&post=4112"}],"version-history":[{"count":27,"href":"https:\/\/www.judokwailausanne.ch\/index.php?rest_route=\/wp\/v2\/pages\/4112\/revisions"}],"predecessor-version":[{"id":25267,"href":"https:\/\/www.judokwailausanne.ch\/index.php?rest_route=\/wp\/v2\/pages\/4112\/revisions\/25267"}],"wp:attachment":[{"href":"https:\/\/www.judokwailausanne.ch\/index.php?rest_route=%2Fwp%2Fv2%2Fmedia&parent=4112"}],"curies":[{"name":"wp","href":"https:\/\/api.w.org\/{rel}","templated":true}]}}