{"id":4117,"date":"2018-01-06T14:49:38","date_gmt":"2018-01-06T13:49:38","guid":{"rendered":"http:\/\/www.judokwailausanne.ch\/cmsv3\/?page_id=4117"},"modified":"2020-04-09T13:53:35","modified_gmt":"2020-04-09T11:53:35","slug":"judo-lausanne","status":"publish","type":"page","link":"https:\/\/www.judokwailausanne.ch\/?page_id=4117","title":{"rendered":"Commencer Judo Lausanne"},"content":{"rendered":"<p><img fetchpriority=\"high\" fetchpriority=\"high\" decoding=\"async\" class=\"size-medium wp-image-4631 alignleft\" src=\"http:\/\/www.judokwailausanne.ch\/cmsv3\/wp-content\/uploads\/2018\/01\/DSCF1050-300x200.jpg\" alt=\"\" width=\"300\" height=\"200\" srcset=\"https:\/\/www.judokwailausanne.ch\/cmsv3\/wp-content\/uploads\/2018\/01\/DSCF1050-300x200.jpg 300w, https:\/\/www.judokwailausanne.ch\/cmsv3\/wp-content\/uploads\/2018\/01\/DSCF1050-768x512.jpg 768w, https:\/\/www.judokwailausanne.ch\/cmsv3\/wp-content\/uploads\/2018\/01\/DSCF1050-1024x683.jpg 1024w, https:\/\/www.judokwailausanne.ch\/cmsv3\/wp-content\/uploads\/2018\/01\/DSCF1050.jpg 1800w\" sizes=\"(max-width: 300px) 100vw, 300px\" \/>Les cours de judo sont donn\u00e9s \u00e0 Lausanne par Tatsuto Shima \u2013 ceinture noire 4\u00e8me Dan judo \u2013 Bachelor d\u2019\u00e9ducation physique de l\u2019universit\u00e9 de Tsukuba au Japon. Il a \u00e9t\u00e9 de 2014 \u00e0 mars 2017 coach de l\u2019\u00e9quipe nationale Espoir de Hongrie.<br \/>\nIl prend en charge tous les cours du lundi au vendredi au dojo de Mon-Repos. Vous pouvez accompagner votre enfant au prochain cours, le professeur, ainsi que notre secr\u00e9taire, vous accueilleront volontiers et vous aideront dans les d\u00e9marches d&rsquo;inscription<br \/>\nPour toute information compl\u00e9mentaire <a href=\"http:\/\/www.judokwailausanne.ch\/cmsv3\/#contact\">contactez-nous<\/a>.<\/p>\n","protected":false},"excerpt":{"rendered":"<p>Les cours de judo sont donn\u00e9s \u00e0 Lausanne par Tatsuto Shima \u2013 ceinture noire 4\u00e8me Dan judo \u2013 Bachelor d\u2019\u00e9ducation physique de l\u2019universit\u00e9 de Tsukuba au Japon. Il a \u00e9t\u00e9 de 2014 \u00e0 mars 2017 coach de l\u2019\u00e9quipe nationale Espoir de Hongrie. Il prend en charge tous les cours du lundi au vendredi au dojo [&hellip;]<\/p>\n","protected":false},"author":3,"featured_media":0,"parent":4112,"menu_order":2,"comment_status":"closed","ping_status":"closed","template":"","meta":{"_et_pb_use_builder":"","_et_pb_old_content":"","_et_gb_content_width":"","footnotes":""},"class_list":["post-4117","page","type-page","status-publish","hentry"],"_links":{"self":[{"href":"https:\/\/www.judokwailausanne.ch\/index.php?rest_route=\/wp\/v2\/pages\/4117","targetHints":{"allow":["GET"]}}],"collection":[{"href":"https:\/\/www.judokwailausanne.ch\/index.php?rest_route=\/wp\/v2\/pages"}],"about":[{"href":"https:\/\/www.judokwailausanne.ch\/index.php?rest_route=\/wp\/v2\/types\/page"}],"author":[{"embeddable":true,"href":"https:\/\/www.judokwailausanne.ch\/index.php?rest_route=\/wp\/v2\/users\/3"}],"replies":[{"embeddable":true,"href":"https:\/\/www.judokwailausanne.ch\/index.php?rest_route=%2Fwp%2Fv2%2Fcomments&post=4117"}],"version-history":[{"count":9,"href":"https:\/\/www.judokwailausanne.ch\/index.php?rest_route=\/wp\/v2\/pages\/4117\/revisions"}],"predecessor-version":[{"id":14300,"href":"https:\/\/www.judokwailausanne.ch\/index.php?rest_route=\/wp\/v2\/pages\/4117\/revisions\/14300"}],"up":[{"embeddable":true,"href":"https:\/\/www.judokwailausanne.ch\/index.php?rest_route=\/wp\/v2\/pages\/4112"}],"wp:attachment":[{"href":"https:\/\/www.judokwailausanne.ch\/index.php?rest_route=%2Fwp%2Fv2%2Fmedia&parent=4117"}],"curies":[{"name":"wp","href":"https:\/\/api.w.org\/{rel}","templated":true}]}}