{"id":4119,"date":"2018-01-06T14:49:56","date_gmt":"2018-01-06T13:49:56","guid":{"rendered":"http:\/\/www.judokwailausanne.ch\/cmsv3\/?page_id=4119"},"modified":"2025-06-11T14:32:53","modified_gmt":"2025-06-11T12:32:53","slug":"judo-epalinges","status":"publish","type":"page","link":"https:\/\/www.judokwailausanne.ch\/?page_id=4119","title":{"rendered":"Commencer Judo Epalinges"},"content":{"rendered":"<div id=\"attachment_837\" style=\"width: 170px\" class=\"wp-caption alignright\"><a href=\"http:\/\/www.judokwailausanne.ch\/cmsv3\/wp-content\/uploads\/2012\/11\/Ir\u00e8ne2.jpg\" target=\"_blank\" rel=\"noopener\"><img decoding=\"async\" aria-describedby=\"caption-attachment-837\" class=\" wp-image-837 \" src=\"http:\/\/www.judokwailausanne.ch\/cmsv3\/wp-content\/uploads\/2012\/11\/Ir\u00e8ne2-178x300.jpg\" alt=\"Ir\u00e8ne Bernasconi\" width=\"160\" height=\"270\" \/><\/a><p id=\"caption-attachment-837\" class=\"wp-caption-text\">Ir\u00e8ne Bernasconi<\/p><\/div>\n<p>Les cours de Judo sont donn\u00e9s \u00e0 Epalinges par Ir\u00e8ne Bernasconi &#8211; ceinture noire\u00a06\u00e8me Dan Judo &#8211;\u00a0qui a une longue exp\u00e9rience de l&rsquo;enseignement.<\/p>\n<p><!--more--><\/p>\n<p>Elle prend en charge les cours pour les enfants et adolescents <a title=\"Les horaires des dojos\" href=\"http:\/\/www.judokwailausanne.ch\/cmsv3\/?page_id=4172\">les lundis et mercredis apr\u00e8s-midis <\/a>au <a title=\"Nous trouver\" href=\"http:\/\/www.judokwailausanne.ch\/cmsv3\/?page_id=4101\">dojo de la Croix Blanche \u00e0 Epalinges<\/a>. Vous pouvez accompagner votre enfant au prochain cours, la professeur vous\u00a0accueillera volontiers et vous aidera dans les d\u00e9marches d&rsquo;inscription.<\/p>\n<p>Nous vous invitons \u00e0 remplir le <a href=\"http:\/\/www.judokwailausanne.ch\/cmsv3\/?page_id=4119\/#formulaire\">formulaire ci-dessous<\/a> qui permet de pr\u00e9-inscrire votre enfant.<\/p>\n<p>Bien entendu si vous ne trouvez pas la r\u00e9ponse \u00e0 vos interrogations, <a title=\"Contacts\" href=\"http:\/\/www.judokwailausanne.ch\/contact\">contactez-nous<\/a>.<\/p>\n<p>&nbsp;<\/p>\n<p><a name=\"formulaire\"><\/a><\/p>\n<h2>Pr\u00e9-Inscription<\/h2>\n\n<div class=\"wpcf7 no-js\" id=\"wpcf7-f1202-o1\" lang=\"en-US\" dir=\"ltr\" data-wpcf7-id=\"1202\">\n<div class=\"screen-reader-response\"><p role=\"status\" aria-live=\"polite\" aria-atomic=\"true\"><\/p> <ul><\/ul><\/div>\n<form action=\"\/index.php?rest_route=%2Fwp%2Fv2%2Fpages%2F4119#wpcf7-f1202-o1\" method=\"post\" class=\"wpcf7-form init cf7-style transparent-two-columns\" aria-label=\"Contact form\" novalidate=\"novalidate\" data-status=\"init\">\n<fieldset class=\"hidden-fields-container\"><input type=\"hidden\" name=\"_wpcf7\" value=\"1202\" \/><input type=\"hidden\" name=\"_wpcf7_version\" value=\"6.1.5\" \/><input type=\"hidden\" name=\"_wpcf7_locale\" value=\"en_US\" \/><input type=\"hidden\" name=\"_wpcf7_unit_tag\" value=\"wpcf7-f1202-o1\" \/><input type=\"hidden\" name=\"_wpcf7_container_post\" value=\"0\" \/><input type=\"hidden\" name=\"_wpcf7_posted_data_hash\" value=\"\" \/><input type=\"hidden\" name=\"_wpcf7_recaptcha_response\" value=\"\" \/>\n<\/fieldset>\n<p>J'aimerais pr\u00e9-inscrire mon enfant : <span class=\"wpcf7-form-control-wrap\" data-name=\"NomEnfant\"><input size=\"20\" maxlength=\"400\" class=\"wpcf7-form-control wpcf7-text wpcf7-validates-as-required\" aria-required=\"true\" aria-invalid=\"false\" placeholder=\"NOM Pr\u00e9nom\" value=\"\" type=\"text\" name=\"NomEnfant\" \/><\/span> n\u00e9(e) le : <span class=\"wpcf7-form-control-wrap\" data-name=\"DNEnfant\"><input size=\"12\" maxlength=\"400\" class=\"wpcf7-form-control wpcf7-text wpcf7-validates-as-required\" aria-required=\"true\" aria-invalid=\"false\" placeholder=\"jj\/mm\/aaaa\" value=\"\" type=\"text\" name=\"DNEnfant\" \/><\/span> au cours d\u00e9butant qui a lieu au <B>dojo d'Epalinges les lundis et mercredis de 16 \u00e0 17h.<\/b>\n<\/p>\n<p>Mon enfant est <span class=\"wpcf7-form-control-wrap\" data-name=\"Sexe\"><select class=\"wpcf7-form-control wpcf7-select wpcf7-validates-as-required\" aria-required=\"true\" aria-invalid=\"false\" name=\"Sexe\"><option value=\"Une fille\">Une fille<\/option><option value=\"Un gar\u00e7on\">Un gar\u00e7on<\/option><\/select><\/span>\n<\/p>\n<p>Mon nom <span class=\"wpcf7-form-control-wrap\" data-name=\"your-name\"><input size=\"20\" maxlength=\"400\" class=\"wpcf7-form-control wpcf7-text wpcf7-validates-as-required\" aria-required=\"true\" aria-invalid=\"false\" value=\"\" type=\"text\" name=\"your-name\" \/><\/span>\n<\/p>\n<p>Mon email <span class=\"wpcf7-form-control-wrap\" data-name=\"your-email\"><input size=\"20\" maxlength=\"400\" class=\"wpcf7-form-control wpcf7-email wpcf7-validates-as-required wpcf7-text wpcf7-validates-as-email\" aria-required=\"true\" aria-invalid=\"false\" value=\"\" type=\"email\" name=\"your-email\" \/><\/span>\n<\/p>\n<p>Mon T\u00e9l\u00e9phone (obligatoire) <span class=\"wpcf7-form-control-wrap\" data-name=\"your-tel\"><input size=\"20\" maxlength=\"400\" class=\"wpcf7-form-control wpcf7-text wpcf7-validates-as-required\" aria-required=\"true\" aria-invalid=\"false\" value=\"\" type=\"text\" name=\"your-tel\" \/><\/span>\n<\/p>\n<p>Adresse Postale\n<\/p>\n<p><span class=\"wpcf7-form-control-wrap\" data-name=\"your-adr\"><textarea cols=\"40\" rows=\"5\" maxlength=\"2000\" class=\"wpcf7-form-control wpcf7-textarea wpcf7-validates-as-required\" aria-required=\"true\" aria-invalid=\"false\" name=\"your-adr\"><\/textarea><\/span>\n<\/p>\n<p>Code postal-ville\n<\/p>\n<p><span class=\"wpcf7-form-control-wrap\" data-name=\"your-ville\"><input size=\"20\" maxlength=\"400\" class=\"wpcf7-form-control wpcf7-text wpcf7-validates-as-required\" aria-required=\"true\" aria-invalid=\"false\" value=\"\" type=\"text\" name=\"your-ville\" \/><\/span>\n<\/p>\n<p>Remarque \/ Question :<br \/>\n<span class=\"wpcf7-form-control-wrap\" data-name=\"your-message\"><textarea cols=\"40\" rows=\"5\" maxlength=\"2000\" class=\"wpcf7-form-control wpcf7-textarea\" aria-invalid=\"false\" name=\"your-message\"><\/textarea><\/span>\n<\/p>\n<UL><span class=\"wpcf7-form-control-wrap\" data-name=\"acceptance-932\"><span class=\"wpcf7-form-control wpcf7-acceptance\"><span class=\"wpcf7-list-item\"><input type=\"checkbox\" name=\"acceptance-932\" value=\"1\" aria-invalid=\"false\" \/><\/span><\/span><\/span> J'ai bien pris note que :\n\t<LI>\n\t\t<p>l'inscription d\u00e9finitive se fera sur place aupr\u00e8s de la professeur,\n\t\t<\/p>\n\t<\/li>\n\t<LI>\n\t\t<p>l'enfant doit \u00eatre ag\u00e9 de 6 ans - minimum 3\u00e8me primaire - au d\u00e9but du cours (les enfants plus jeunes devront patienter).\n\t\t<\/p>\n\t<\/li>\n<\/ul>\n<p><input class=\"wpcf7-form-control wpcf7-submit has-spinner\" type=\"submit\" value=\"Envoyer\" \/>\n<\/p><p style=\"display: none !important;\" class=\"akismet-fields-container\" data-prefix=\"_wpcf7_ak_\"><label>&#916;<textarea name=\"_wpcf7_ak_hp_textarea\" cols=\"45\" rows=\"8\" maxlength=\"100\"><\/textarea><\/label><input type=\"hidden\" id=\"ak_js_1\" name=\"_wpcf7_ak_js\" value=\"111\"\/><script>document.getElementById( \"ak_js_1\" ).setAttribute( \"value\", ( new Date() ).getTime() );<\/script><\/p><div class=\"wpcf7-response-output\" aria-hidden=\"true\"><\/div>\n<\/form>\n<\/div>\n\n<p>&nbsp;<\/p>\n","protected":false},"excerpt":{"rendered":"<p>Les cours de Judo sont donn\u00e9s \u00e0 Epalinges par Ir\u00e8ne Bernasconi &#8211; ceinture noire\u00a06\u00e8me Dan Judo &#8211;\u00a0qui a une longue exp\u00e9rience de l&rsquo;enseignement.<\/p>\n","protected":false},"author":3,"featured_media":0,"parent":4112,"menu_order":3,"comment_status":"closed","ping_status":"closed","template":"","meta":{"_et_pb_use_builder":"","_et_pb_old_content":"","_et_gb_content_width":"","footnotes":""},"class_list":["post-4119","page","type-page","status-publish","hentry"],"_links":{"self":[{"href":"https:\/\/www.judokwailausanne.ch\/index.php?rest_route=\/wp\/v2\/pages\/4119","targetHints":{"allow":["GET"]}}],"collection":[{"href":"https:\/\/www.judokwailausanne.ch\/index.php?rest_route=\/wp\/v2\/pages"}],"about":[{"href":"https:\/\/www.judokwailausanne.ch\/index.php?rest_route=\/wp\/v2\/types\/page"}],"author":[{"embeddable":true,"href":"https:\/\/www.judokwailausanne.ch\/index.php?rest_route=\/wp\/v2\/users\/3"}],"replies":[{"embeddable":true,"href":"https:\/\/www.judokwailausanne.ch\/index.php?rest_route=%2Fwp%2Fv2%2Fcomments&post=4119"}],"version-history":[{"count":12,"href":"https:\/\/www.judokwailausanne.ch\/index.php?rest_route=\/wp\/v2\/pages\/4119\/revisions"}],"predecessor-version":[{"id":27766,"href":"https:\/\/www.judokwailausanne.ch\/index.php?rest_route=\/wp\/v2\/pages\/4119\/revisions\/27766"}],"up":[{"embeddable":true,"href":"https:\/\/www.judokwailausanne.ch\/index.php?rest_route=\/wp\/v2\/pages\/4112"}],"wp:attachment":[{"href":"https:\/\/www.judokwailausanne.ch\/index.php?rest_route=%2Fwp%2Fv2%2Fmedia&parent=4119"}],"curies":[{"name":"wp","href":"https:\/\/api.w.org\/{rel}","templated":true}]}}