{"id":4121,"date":"2018-01-06T14:50:11","date_gmt":"2018-01-06T13:50:11","guid":{"rendered":"http:\/\/www.judokwailausanne.ch\/cmsv3\/?page_id=4121"},"modified":"2024-05-04T11:49:51","modified_gmt":"2024-05-04T09:49:51","slug":"ju-jitsu","status":"publish","type":"page","link":"https:\/\/www.judokwailausanne.ch\/?page_id=4121","title":{"rendered":"Commencer Ju-Jitsu"},"content":{"rendered":"<p><img fetchpriority=\"high\" fetchpriority=\"high\" decoding=\"async\" class=\"alignright size-medium wp-image-9802\" src=\"https:\/\/www.judokwailausanne.ch\/cmsv3\/wp-content\/uploads\/2018\/12\/p1-300x200.jpg\" alt=\"\" width=\"300\" height=\"200\" srcset=\"https:\/\/www.judokwailausanne.ch\/cmsv3\/wp-content\/uploads\/2018\/12\/p1-300x200.jpg 300w, https:\/\/www.judokwailausanne.ch\/cmsv3\/wp-content\/uploads\/2018\/12\/p1-768x513.jpg 768w, https:\/\/www.judokwailausanne.ch\/cmsv3\/wp-content\/uploads\/2018\/12\/p1-1024x683.jpg 1024w, https:\/\/www.judokwailausanne.ch\/cmsv3\/wp-content\/uploads\/2018\/12\/p1-1320x881.jpg 1320w, https:\/\/www.judokwailausanne.ch\/cmsv3\/wp-content\/uploads\/2018\/12\/p1.jpg 1840w\" sizes=\"(max-width: 300px) 100vw, 300px\" \/>Pour commencer le ju-jitsu dans de bonnes conditions, trouvez <a href=\"http:\/\/www.judokwailausanne.ch\/ju-jitsu\">un club qui vous convienne<\/a> et surtout dans lequel vous vous sentez \u00e0 l&rsquo;aise.<\/p>\n<p>Inscrivez vous \u00e0 un cours d&rsquo;essai via la <a href=\"#formulaire\">formulaire ci-dessous<\/a>, c&rsquo;est <strong>gratuit et sans engagement<\/strong>.<\/p>\n<p>\nPoussez la porte de <a title=\"Nous trouver\" href=\"http:\/\/www.judokwailausanne.ch\/dojos#1066\">notre Dojo<\/a>, vous ne le regretterez pas !. Nous mettons \u00e0 disposition <a title=\"horaires\" href=\"https:\/\/www.judokwailausanne.ch\/horaires#epalinges\">des horaires vari\u00e9s<\/a> qui vous permettront de d\u00e9couvrir le ju-jitsu \u00e0 votre rythme.<\/p>\n<p>Les <a title=\"nos moniteurs et monitrices\" href=\"http:\/\/www.judokwailausanne.ch\/entraineurs#jjep\">moniteurs et monitrices<\/a> accueillent tout participant (d\u00e9butant ou non) d\u00e8s l&rsquo;\u00e2ge de 15 ans. Notre dojo a ses quartiers \u00e0 Epalinges pour des raisons historiques.<\/p>\n<p>\n<a name=\"formulaire\"><\/a><\/p>\n<h2>Inscription<\/h2>\n\n<div class=\"wpcf7 no-js\" id=\"wpcf7-f25262-o1\" lang=\"en-US\" dir=\"ltr\" data-wpcf7-id=\"25262\">\n<div class=\"screen-reader-response\"><p role=\"status\" aria-live=\"polite\" aria-atomic=\"true\"><\/p> <ul><\/ul><\/div>\n<form action=\"\/index.php?rest_route=%2Fwp%2Fv2%2Fpages%2F4121#wpcf7-f25262-o1\" method=\"post\" class=\"wpcf7-form init cf7-style\" aria-label=\"Contact form\" novalidate=\"novalidate\" data-status=\"init\">\n<fieldset class=\"hidden-fields-container\"><input type=\"hidden\" name=\"_wpcf7\" value=\"25262\" \/><input type=\"hidden\" name=\"_wpcf7_version\" value=\"6.1.5\" \/><input type=\"hidden\" name=\"_wpcf7_locale\" value=\"en_US\" \/><input type=\"hidden\" name=\"_wpcf7_unit_tag\" value=\"wpcf7-f25262-o1\" \/><input type=\"hidden\" name=\"_wpcf7_container_post\" value=\"0\" \/><input type=\"hidden\" name=\"_wpcf7_posted_data_hash\" value=\"\" \/><input type=\"hidden\" name=\"_wpcf7_recaptcha_response\" value=\"\" \/>\n<\/fieldset>\n<p>Je m'inscris \u00e0 un cours d'essai gratuit Ju-jitsu\n<\/p>\n<p>Nom : <span class=\"wpcf7-form-control-wrap\" data-name=\"your-name\"><input size=\"20\" maxlength=\"400\" class=\"wpcf7-form-control wpcf7-text wpcf7-validates-as-required\" aria-required=\"true\" aria-invalid=\"false\" placeholder=\"NOM\" value=\"\" type=\"text\" name=\"your-name\" \/><\/span>\n<\/p>\n<p>Email : <span class=\"wpcf7-form-control-wrap\" data-name=\"your-email\"><input size=\"20\" maxlength=\"400\" class=\"wpcf7-form-control wpcf7-email wpcf7-validates-as-required wpcf7-text wpcf7-validates-as-email\" aria-required=\"true\" aria-invalid=\"false\" value=\"\" type=\"email\" name=\"your-email\" \/><\/span>\n<\/p>\n<p>Natel : <span class=\"wpcf7-form-control-wrap\" data-name=\"your-natel\"><input size=\"20\" maxlength=\"400\" class=\"wpcf7-form-control wpcf7-text\" aria-invalid=\"false\" value=\"\" type=\"text\" name=\"your-natel\" \/><\/span>\n<\/p>\n<p><span class=\"wpcf7-form-control-wrap\" data-name=\"your-choice\"><span class=\"wpcf7-form-control wpcf7-checkbox wpcf7-validates-as-required\"><span class=\"wpcf7-list-item first\"><label><input type=\"checkbox\" name=\"your-choice[]\" value=\"Lundi 19:30\" \/><span class=\"wpcf7-list-item-label\">Lundi 19:30<\/span><\/label><\/span><span class=\"wpcf7-list-item\"><label><input type=\"checkbox\" name=\"your-choice[]\" value=\"Mardi 19:30\" \/><span class=\"wpcf7-list-item-label\">Mardi 19:30<\/span><\/label><\/span><span class=\"wpcf7-list-item\"><label><input type=\"checkbox\" name=\"your-choice[]\" value=\"Mercredi 19:30\" checked=\"checked\" \/><span class=\"wpcf7-list-item-label\">Mercredi 19:30<\/span><\/label><\/span><span class=\"wpcf7-list-item last\"><label><input type=\"checkbox\" name=\"your-choice[]\" value=\"Jeudi 19:30\" \/><span class=\"wpcf7-list-item-label\">Jeudi 19:30<\/span><\/label><\/span><\/span><\/span>\n<\/p>\n<p>le <span class=\"wpcf7-form-control-wrap\" data-name=\"date-test\"><input class=\"wpcf7-form-control wpcf7-date wpcf7-validates-as-required wpcf7-validates-as-date\" aria-required=\"true\" aria-invalid=\"false\" value=\"\" type=\"date\" name=\"date-test\" \/><\/span>\n<\/p>\n<p>Remarque \/ Question :<br \/>\n<span class=\"wpcf7-form-control-wrap\" data-name=\"your-message\"><textarea cols=\"40\" rows=\"5\" maxlength=\"2000\" class=\"wpcf7-form-control wpcf7-textarea\" aria-invalid=\"false\" name=\"your-message\"><\/textarea><\/span>\n<\/p>\n<p><input class=\"wpcf7-form-control wpcf7-submit has-spinner\" type=\"submit\" value=\"Envoyer\" \/>\n<\/p>\n<p><span id=\"wpcf7-69d4379678dd2-wrapper\" class=\"wpcf7-form-control-wrap honeypot-980-wrap\" style=\"display:none !important; visibility:hidden !important;\"><label for=\"wpcf7-69d4379678dd2-field\" class=\"hp-message\">Please leave this field empty.<\/label><input id=\"wpcf7-69d4379678dd2-field\"  class=\"wpcf7-form-control wpcf7-text\" type=\"text\" name=\"honeypot-980\" value=\"\" size=\"40\" tabindex=\"-1\" autocomplete=\"new-password\" \/><\/span>\n<\/p><p style=\"display: none !important;\" class=\"akismet-fields-container\" data-prefix=\"_wpcf7_ak_\"><label>&#916;<textarea name=\"_wpcf7_ak_hp_textarea\" cols=\"45\" rows=\"8\" maxlength=\"100\"><\/textarea><\/label><input type=\"hidden\" id=\"ak_js_1\" name=\"_wpcf7_ak_js\" value=\"55\"\/><script>document.getElementById( \"ak_js_1\" ).setAttribute( \"value\", ( new Date() ).getTime() );<\/script><\/p><div class=\"wpcf7-response-output\" aria-hidden=\"true\"><\/div>\n<\/form>\n<\/div>\n\n<p>&nbsp;<\/p>\n<p><iframe src=\"https:\/\/www.youtube.com\/embed\/55SPsZPnvEo\" width=\"640\" height=\"360\" frameborder=\"0\" allowfullscreen=\"allowfullscreen\"><\/iframe><\/p>\n","protected":false},"excerpt":{"rendered":"<p>Pour commencer le ju-jitsu dans de bonnes conditions, trouvez un club qui vous convienne et surtout dans lequel vous vous sentez \u00e0 l&rsquo;aise. Inscrivez vous \u00e0 un cours d&rsquo;essai via la formulaire ci-dessous, c&rsquo;est gratuit et sans engagement. Poussez la porte de notre Dojo, vous ne le regretterez pas !. Nous mettons \u00e0 disposition des [&hellip;]<\/p>\n","protected":false},"author":3,"featured_media":0,"parent":4112,"menu_order":4,"comment_status":"closed","ping_status":"closed","template":"","meta":{"_et_pb_use_builder":"","_et_pb_old_content":"","_et_gb_content_width":"","footnotes":""},"class_list":["post-4121","page","type-page","status-publish","hentry"],"_links":{"self":[{"href":"https:\/\/www.judokwailausanne.ch\/index.php?rest_route=\/wp\/v2\/pages\/4121","targetHints":{"allow":["GET"]}}],"collection":[{"href":"https:\/\/www.judokwailausanne.ch\/index.php?rest_route=\/wp\/v2\/pages"}],"about":[{"href":"https:\/\/www.judokwailausanne.ch\/index.php?rest_route=\/wp\/v2\/types\/page"}],"author":[{"embeddable":true,"href":"https:\/\/www.judokwailausanne.ch\/index.php?rest_route=\/wp\/v2\/users\/3"}],"replies":[{"embeddable":true,"href":"https:\/\/www.judokwailausanne.ch\/index.php?rest_route=%2Fwp%2Fv2%2Fcomments&post=4121"}],"version-history":[{"count":20,"href":"https:\/\/www.judokwailausanne.ch\/index.php?rest_route=\/wp\/v2\/pages\/4121\/revisions"}],"predecessor-version":[{"id":25265,"href":"https:\/\/www.judokwailausanne.ch\/index.php?rest_route=\/wp\/v2\/pages\/4121\/revisions\/25265"}],"up":[{"embeddable":true,"href":"https:\/\/www.judokwailausanne.ch\/index.php?rest_route=\/wp\/v2\/pages\/4112"}],"wp:attachment":[{"href":"https:\/\/www.judokwailausanne.ch\/index.php?rest_route=%2Fwp%2Fv2%2Fmedia&parent=4121"}],"curies":[{"name":"wp","href":"https:\/\/api.w.org\/{rel}","templated":true}]}}