{"id":4159,"date":"2018-01-06T15:28:07","date_gmt":"2018-01-06T14:28:07","guid":{"rendered":"http:\/\/www.judokwailausanne.ch\/cmsv3\/?page_id=4159"},"modified":"2026-02-22T21:00:11","modified_gmt":"2026-02-22T20:00:11","slug":"hauts-grades","status":"publish","type":"page","link":"https:\/\/www.judokwailausanne.ch\/?page_id=4159","title":{"rendered":"Hauts grad\u00e9s"},"content":{"rendered":"<div id=\"attachment_634\" style=\"width: 778px\" class=\"wp-caption alignnone\"><a href=\"http:\/\/www.judokwailausanne.ch\/cmsv3\/wp-content\/uploads\/2013\/01\/DSC00701.jpg\" target=\"_blank\" rel=\"noopener\"><img fetchpriority=\"high\" fetchpriority=\"high\" decoding=\"async\" aria-describedby=\"caption-attachment-634\" class=\" wp-image-634 \" src=\"http:\/\/www.judokwailausanne.ch\/cmsv3\/wp-content\/uploads\/2013\/01\/DSC00701.jpg\" alt=\"Les hauts grad\u00e9s du club\" width=\"768\" height=\"576\" \/><\/a><p id=\"caption-attachment-634\" class=\"wp-caption-text\">Les hauts grad\u00e9s du Judo Kwai Lausanne<\/p><\/div>\n<p>Cette photo a \u00e9t\u00e9 prise au Kagami Biraki (c\u00e9r\u00e9monie des v\u0153ux) de la F\u00e9d\u00e9ration Suisse de Judo et Ju-Jitsu en janvier 2013. <\/p>\n<h6>Premier rang (de gauche \u00e0 droite) :<\/h6>\n<p>Francis Favrod (6\u00e8me Dan Judo), Hiroshi Katanishi (8\u00e8me Dan Judo), Ir\u00e8ne Bernasconi (6\u00e8me Dan Judo).<\/p>\n<h6>Deuxi\u00e8me rang (de gauche \u00e0 droite) :<\/h6>\n<p>Fr\u00e9d\u00e9ric Kyburz\u00a0(8\u00e8me Dan Judo), Astrid Schreiber (6\u00e8me Dan Judo, 1er Dan Ju-Jitsu), Marcel Python (8\u00e8me Dan Judo &amp; 9\u00e8me Dan\u00a0Ju-Jitsu),\u00a0Fran\u00e7ois Chavanne\u00a0(6\u00e8me Dan Judo).<\/p>\n<p><BR><br \/>\n<BR><\/p>\n<p>Depuis lors :<\/p>\n<ul>\n<li>Marcel Python est d\u00e9c\u00e9d\u00e9 en f\u00e9vrier 2015,<\/li>\n<li>Jean Zinniker est rentr\u00e9 dans le cercle des hauts grad\u00e9s (lors du Kagami Biraki 2017),<\/li>\n<li>Fr\u00e9d\u00e9ric Kyburz\u00a0est d\u00e9c\u00e9d\u00e9 en ao\u00fbt 2018<\/li>\n<li>Fran\u00e7ois Chavanne\u00a0a re\u00e7u le 7\u00e8me Dan Judo<\/li>\n<\/ul>\n","protected":false},"excerpt":{"rendered":"<p>Cette photo a \u00e9t\u00e9 prise au Kagami Biraki (c\u00e9r\u00e9monie des v\u0153ux) de la F\u00e9d\u00e9ration Suisse de Judo et Ju-Jitsu en janvier 2013. Premier rang (de gauche \u00e0 droite) : Francis Favrod (6\u00e8me Dan Judo), Hiroshi Katanishi (8\u00e8me Dan Judo), Ir\u00e8ne Bernasconi (6\u00e8me Dan Judo). Deuxi\u00e8me rang (de gauche \u00e0 droite) : Fr\u00e9d\u00e9ric Kyburz\u00a0(8\u00e8me Dan Judo), [&hellip;]<\/p>\n","protected":false},"author":3,"featured_media":0,"parent":4147,"menu_order":0,"comment_status":"closed","ping_status":"closed","template":"","meta":{"_et_pb_use_builder":"","_et_pb_old_content":"","_et_gb_content_width":"","footnotes":""},"class_list":["post-4159","page","type-page","status-publish","hentry"],"_links":{"self":[{"href":"https:\/\/www.judokwailausanne.ch\/index.php?rest_route=\/wp\/v2\/pages\/4159","targetHints":{"allow":["GET"]}}],"collection":[{"href":"https:\/\/www.judokwailausanne.ch\/index.php?rest_route=\/wp\/v2\/pages"}],"about":[{"href":"https:\/\/www.judokwailausanne.ch\/index.php?rest_route=\/wp\/v2\/types\/page"}],"author":[{"embeddable":true,"href":"https:\/\/www.judokwailausanne.ch\/index.php?rest_route=\/wp\/v2\/users\/3"}],"replies":[{"embeddable":true,"href":"https:\/\/www.judokwailausanne.ch\/index.php?rest_route=%2Fwp%2Fv2%2Fcomments&post=4159"}],"version-history":[{"count":7,"href":"https:\/\/www.judokwailausanne.ch\/index.php?rest_route=\/wp\/v2\/pages\/4159\/revisions"}],"predecessor-version":[{"id":29233,"href":"https:\/\/www.judokwailausanne.ch\/index.php?rest_route=\/wp\/v2\/pages\/4159\/revisions\/29233"}],"up":[{"embeddable":true,"href":"https:\/\/www.judokwailausanne.ch\/index.php?rest_route=\/wp\/v2\/pages\/4147"}],"wp:attachment":[{"href":"https:\/\/www.judokwailausanne.ch\/index.php?rest_route=%2Fwp%2Fv2%2Fmedia&parent=4159"}],"curies":[{"name":"wp","href":"https:\/\/api.w.org\/{rel}","templated":true}]}}