{"id":4172,"date":"2018-01-06T15:41:24","date_gmt":"2018-01-06T14:41:24","guid":{"rendered":"http:\/\/www.judokwailausanne.ch\/cmsv3\/?page_id=4172"},"modified":"2025-10-08T13:37:17","modified_gmt":"2025-10-08T11:37:17","slug":"horaires","status":"publish","type":"page","link":"https:\/\/www.judokwailausanne.ch\/?page_id=4172","title":{"rendered":"Horaires"},"content":{"rendered":"<p>Les horaires des dojos de Lausanne et Epalinges sont donn\u00e9s dans le document annexe du r\u00e8glement :<\/p>\n<ul>\n<li><a href=\"https:\/\/www.judokwailausanne.ch\/cmsv3\/wp-content\/uploads\/2025\/10\/01b.-Lausanne-Horaire-2025.pdf\" target=\"_blank\" rel=\"noopener\">Annexe Horaires Lausanne<\/a><\/li>\n<li><a href=\"https:\/\/www.judokwailausanne.ch\/cmsv3\/wp-content\/uploads\/2025\/10\/Horaire-2025-Epalinges.pdf\" target=\"_blank\" rel=\"noopener\">Annexe Horaires Epalinges<\/a><\/li>\n<\/ul>\n<p>&nbsp;<\/p>\n<h2>Lausanne<\/h2>\n<p><strong>Lundi<\/strong><br \/>\n15h00 &#8211; 15h45 Baby Judo d\u00e8s 4 ans <a title=\"Baby Judo \u00e0 Lausanne\" href=\"https:\/\/www.judokwailausanne.ch\/baby\">(d\u00e9tails ici)<\/a><br \/>\n16h30 &#8211; 17h30 Judo enfants ceinture jaune<br \/>\n17h30 &#8211; 19h00 Judo enfants d\u00e8s ceinture orange<br \/>\n19h00 &#8211; 19h30 Kata d\u00e8s ceinture verte<br \/>\n19h30 &#8211; 21h00 Judo comp\u00e9tition, d\u00e8s 14 ans et adultes avanc\u00e9s<\/p>\n<p><strong>Mardi<\/strong><br \/>\n16h30 &#8211; 17h30 Judo enfants d\u00e9butants d\u00e8s 6 ans <a title=\"Judo enfants d\u00e9butants \u00e0 Lausanne\" href=\"https:\/\/www.judokwailausanne.ch\/initiation\">(d\u00e9tails ici)<\/a><br \/>\n17h30 &#8211; 18h30 Judo enfants d\u00e8s ceinture jaune<br \/>\n18h30 &#8211; 19h30 Judo enfants d\u00e8s ceinture verte<br \/>\n19h30 &#8211; 21h00 Judo technique, d\u00e8s 14 ans et adultes g\u00e9n\u00e9ral<\/p>\n<p><strong>Mercredi<\/strong><br \/>\n15h00 &#8211; 16h00 Judo enfants d\u00e9butants d\u00e8s 6 ans <a title=\"Judo enfants d\u00e9butants \u00e0 Lausanne\" href=\"https:\/\/www.judokwailausanne.ch\/initiation\">(d\u00e9tails ici)<\/a><br \/>\n16h00 &#8211; 17h00 Judo enfants ceinture jaune<br \/>\n17h00 &#8211; 18h00 Judo enfants d\u00e8s ceinture orange<br \/>\n18h00 &#8211; 19h00 Judo enfants comp\u00e9tition, d\u00e8s ceinture orange<br \/>\n19h00 &#8211; 20h30 Judo comp\u00e9tition, d\u00e8s 14 ans et adultes: randori, uchi komi<\/p>\n<p><strong>Jeudi<\/strong><br \/>\n16h30 &#8211; 17h30 Judo enfants d\u00e9butants d\u00e8s 6 ans <a title=\"Judo enfants d\u00e9butants \u00e0 Lausanne\" href=\"https:\/\/www.judokwailausanne.ch\/initiation\">(d\u00e9tails ici)<\/a><br \/>\n17h30 &#8211; 18h30 Judo enfants d\u00e8s ceinture jaune et orange<br \/>\n18h30 &#8211; 19h30 Judo enfants d\u00e8s ceinture verte<br \/>\n19h30 &#8211; 21h00 Judo technique, d\u00e8s 14 ans et adultes g\u00e9n\u00e9ral<\/p>\n<p><strong>Vendredi<\/strong><br \/>\n16h30 &#8211; 17h30 Judo enfants d\u00e9butants d\u00e8s 6 ans <a title=\"Judo enfants d\u00e9butants \u00e0 Lausanne\" href=\"https:\/\/www.judokwailausanne.ch\/initiation\">(d\u00e9tails ici)<\/a><br \/>\n17h30 &#8211; 18h30 Judo enfants ceinture jaune et orange<br \/>\n18h30 &#8211; 19h00 Kata d\u00e8s ceinture verte<br \/>\n19h00 &#8211; 21h00 Judo jeunes, d\u00e8s 14 ans et adultes avanc\u00e9s<\/p>\n<p><strong>Dimanche<\/strong><br \/>\n09h30 &#8211; 11h30 Entra\u00eenements libres (<a title=\"Inscription \u00e0 entra\u00eenement libre\" href=\"https:\/\/www.judokwailausanne.ch\/ell\">d\u00e9tails des modalit\u00e9s et dates ici<\/a>)<\/p>\n<p>&nbsp;<\/p>\n<h2>Epalinges<\/h2>\n<p><strong>Lundi<\/strong><br \/>\n16h00 &#8211; 17h00 Judo enfants d\u00e9butants d\u00e8s 6 ans <a title=\"Judo Enfants \u00e0 Epalinges\" href=\"https:\/\/www.judokwailausanne.ch\/1066\">(d\u00e9tails ici)<\/a><br \/>\n17h00 &#8211; 18h00 Judo d\u00e9butants avanc\u00e9s<br \/>\n18h00 &#8211; 19h30 Judo avanc\u00e9s<br \/>\n19h30 &#8211; 21h00 Ju-Jitsu tous niveaux (salle de Rythmique Bois-Murat)<br \/>\n21h00 &#8211; 21h30 Ju-Jitsu: Kata &amp; pr\u00e9paration aux examens<\/p>\n<p><strong>Mardi<\/strong><br \/>\n19h30 &#8211; 21h00 Ju-Jitsu tous niveaux d\u00e8s 15 ans<br \/>\n21h00 &#8211; 21h30 Ju-Jitsu: Kata &amp; pr\u00e9paration aux examens<\/p>\n<p><strong>Mercredi<\/strong><br \/>\n16h00 &#8211; 17h00 Judo enfants d\u00e9butants d\u00e8s 6 ans <a title=\"Judo Enfants \u00e0 Epalinges\" href=\"https:\/\/www.judokwailausanne.ch\/1066\">(d\u00e9tails ici)<\/a><br \/>\n17h00 &#8211; 18h00 Judo enfants d\u00e9butants avanc\u00e9s<br \/>\n18h00 &#8211; 19h30 Judo avanc\u00e9s<br \/>\n19h30 &#8211; 21h00 Ju-Jitsu d\u00e9butants et tous niveaux d\u00e8s 15 ans (<a title=\"Ju-Jitsu\" href=\"https:\/\/www.judokwailausanne.ch\/CommencerJu-jitsu\">d\u00e9tails ici<\/a>)<br \/>\n21h00 &#8211; 21h30 Ju-Jitsu: Kata &amp; pr\u00e9paration aux examens<\/p>\n<p><strong>Jeudi<\/strong><br \/>\n19h30 &#8211; 21h00 Ju-Jitsu tous niveaux d\u00e8s 15 ans<br \/>\n21h00 &#8211; 21h30 Ju-Jitsu: Kata &amp; pr\u00e9paration aux examens<\/p>\n<p><strong>Samedi<\/strong><br \/>\n08h00 &#8211; 10h00 Ju-Jitsu entra\u00eenement libre (contacter les moniteurs pour les disponibilit\u00e9s : <a href=\"https:\/\/www.judokwailausanne.ch\/ele\">d\u00e9tails ici<\/a>).<\/p>\n<pre><span style=\"color: #999999;\">Mise \u00e0 jour le 06.02.2025<\/span><\/pre>\n","protected":false},"excerpt":{"rendered":"<p>Les horaires des dojos de Lausanne et Epalinges sont donn\u00e9s dans le document annexe du r\u00e8glement : Annexe Horaires Lausanne Annexe Horaires Epalinges &nbsp; Lausanne Lundi 15h00 &#8211; 15h45 Baby Judo d\u00e8s 4 ans (d\u00e9tails ici) 16h30 &#8211; 17h30 Judo enfants ceinture jaune 17h30 &#8211; 19h00 Judo enfants d\u00e8s ceinture orange 19h00 &#8211; 19h30 Kata [&hellip;]<\/p>\n","protected":false},"author":3,"featured_media":0,"parent":4170,"menu_order":1,"comment_status":"closed","ping_status":"closed","template":"","meta":{"_et_pb_use_builder":"off","_et_pb_old_content":"","_et_gb_content_width":"","footnotes":""},"class_list":["post-4172","page","type-page","status-publish","hentry"],"_links":{"self":[{"href":"https:\/\/www.judokwailausanne.ch\/index.php?rest_route=\/wp\/v2\/pages\/4172","targetHints":{"allow":["GET"]}}],"collection":[{"href":"https:\/\/www.judokwailausanne.ch\/index.php?rest_route=\/wp\/v2\/pages"}],"about":[{"href":"https:\/\/www.judokwailausanne.ch\/index.php?rest_route=\/wp\/v2\/types\/page"}],"author":[{"embeddable":true,"href":"https:\/\/www.judokwailausanne.ch\/index.php?rest_route=\/wp\/v2\/users\/3"}],"replies":[{"embeddable":true,"href":"https:\/\/www.judokwailausanne.ch\/index.php?rest_route=%2Fwp%2Fv2%2Fcomments&post=4172"}],"version-history":[{"count":99,"href":"https:\/\/www.judokwailausanne.ch\/index.php?rest_route=\/wp\/v2\/pages\/4172\/revisions"}],"predecessor-version":[{"id":28525,"href":"https:\/\/www.judokwailausanne.ch\/index.php?rest_route=\/wp\/v2\/pages\/4172\/revisions\/28525"}],"up":[{"embeddable":true,"href":"https:\/\/www.judokwailausanne.ch\/index.php?rest_route=\/wp\/v2\/pages\/4170"}],"wp:attachment":[{"href":"https:\/\/www.judokwailausanne.ch\/index.php?rest_route=%2Fwp%2Fv2%2Fmedia&parent=4172"}],"curies":[{"name":"wp","href":"https:\/\/api.w.org\/{rel}","templated":true}]}}