{"id":4174,"date":"2018-01-06T15:41:46","date_gmt":"2018-01-06T14:41:46","guid":{"rendered":"http:\/\/www.judokwailausanne.ch\/cmsv3\/?page_id=4174"},"modified":"2022-10-27T22:52:11","modified_gmt":"2022-10-27T20:52:11","slug":"tarifs","status":"publish","type":"page","link":"https:\/\/www.judokwailausanne.ch\/?page_id=4174","title":{"rendered":"Tarifs"},"content":{"rendered":"<p>[et_pb_section fb_built=\u00a0\u00bb1&Prime; admin_label=\u00a0\u00bbsection\u00a0\u00bb _builder_version=\u00a0\u00bb4.16&Prime; global_colors_info=\u00a0\u00bb{}\u00a0\u00bb][et_pb_row _builder_version=\u00a0\u00bb4.10.3&Prime; _module_preset=\u00a0\u00bbdefault\u00a0\u00bb hover_enabled=\u00a0\u00bb0&Prime; global_module=\u00a0\u00bb19556&Prime; saved_tabs=\u00a0\u00bball\u00a0\u00bb locked=\u00a0\u00bboff\u00a0\u00bb global_colors_info=\u00a0\u00bb{}\u00a0\u00bb sticky_enabled=\u00a0\u00bb0&Prime;][et_pb_column type=\u00a0\u00bb4_4&Prime; _builder_version=\u00a0\u00bb4.16&Prime; _module_preset=\u00a0\u00bbdefault\u00a0\u00bb global_colors_info=\u00a0\u00bb{}\u00a0\u00bb][et_pb_accordion _builder_version=\u00a0\u00bb4.18.0&Prime; _module_preset=\u00a0\u00bbdefault\u00a0\u00bb background_color=\u00a0\u00bbRGBA(0,0,0,0)\u00a0\u00bb hover_enabled=\u00a0\u00bb0&Prime; global_colors_info=\u00a0\u00bb{}\u00a0\u00bb sticky_enabled=\u00a0\u00bb0&Prime;][et_pb_accordion_item title=\u00a0\u00bbTarifs par dojo.\u00a0\u00bb _builder_version=\u00a0\u00bb4.18.0&Prime; _module_preset=\u00a0\u00bbdefault\u00a0\u00bb hover_enabled=\u00a0\u00bb0&Prime; border_style_all=\u00a0\u00bbnone\u00a0\u00bb global_colors_info=\u00a0\u00bb{}\u00a0\u00bb open=\u00a0\u00bboff\u00a0\u00bb sticky_enabled=\u00a0\u00bb0&Prime;][\/et_pb_accordion_item][et_pb_accordion_item title=\u00a0\u00bbTarifs par dojo.\u00a0\u00bb _builder_version=\u00a0\u00bb4.18.0&Prime; _module_preset=\u00a0\u00bbdefault\u00a0\u00bb hover_enabled=\u00a0\u00bb0&Prime; border_style_all=\u00a0\u00bbnone\u00a0\u00bb global_colors_info=\u00a0\u00bb{}\u00a0\u00bb open=\u00a0\u00bboff\u00a0\u00bb sticky_enabled=\u00a0\u00bb0&Prime;][\/et_pb_accordion_item][et_pb_accordion_item title=\u00a0\u00bbDojo de Lausanne\u00a0\u00bb open=\u00a0\u00bboff\u00a0\u00bb _builder_version=\u00a0\u00bb4.17.6&Prime; _module_preset=\u00a0\u00bbdefault\u00a0\u00bb box_shadow_style=\u00a0\u00bbpreset2&Prime; global_colors_info=\u00a0\u00bb{}\u00a0\u00bb]<\/p>\n<table>\n<tbody>\n<tr>\n<td><strong>Cotisation baby-judo (4-5 ans)<\/strong><\/td>\n<td>annuel<\/td>\n<td>300.00<\/td>\n<\/tr>\n<tr>\n<td><strong>Cotisation pour membre actif jeune jusqu&rsquo;\u00e0 25 ans<\/strong><\/td>\n<td>annuel<\/td>\n<td>600.00<\/td>\n<\/tr>\n<tr>\n<td><strong>Cotisation pour membre actif adulte (d\u00e8s 26 ans)<\/strong><\/td>\n<td>annuel<\/td>\n<td>700.00<\/td>\n<\/tr>\n<\/tbody>\n<\/table>\n<p><a name=\"1005\"><\/a><a name=\"lausanne\"><\/a><\/p>\n<p>&nbsp;<\/p>\n<p><strong>Une cotisation pour membre actif jeune ou pour membre actif adulte permet au membre de participer \u00e0 autant d&rsquo;entra\u00eenement qu&rsquo;ils souhaitent au dojo de Lausanne, et ceci d\u00e8s la ceinture blanche.<\/strong><\/p>\n<p>Une finance d&rsquo;inscription de <strong>40.-<\/strong> est factur\u00e9e lors de l&rsquo;inscription d&rsquo;un membre actif.<\/p>\n<p>Les cotisations pour membre actif jeune et pour membre actif adulte sont payables en deux fois (semestriellement).<\/p>\n<p>Seuls les tarifs pr\u00e9sent\u00e9s dans le <a href=\"https:\/\/www.judokwailausanne.ch\/reglement\">r\u00e8glement <\/a>du Judo Kwai Lausanne font foi.<\/p>\n<p>&nbsp;<\/p>\n<p>[\/et_pb_accordion_item][et_pb_accordion_item title=\u00a0\u00bbDojo d&rsquo;Epalinges\u00a0\u00bb _builder_version=\u00a0\u00bb4.17.6&Prime; _module_preset=\u00a0\u00bbdefault\u00a0\u00bb box_shadow_style=\u00a0\u00bbpreset2&Prime; global_colors_info=\u00a0\u00bb{}\u00a0\u00bb open=\u00a0\u00bboff\u00a0\u00bb]<\/p>\n<p><a name=\"1066\"><\/a><\/p>\n<p><strong>Dojo d&rsquo;Epalinges<\/strong><\/p>\n<table>\n<tbody>\n<tr>\n<td><strong>Cotisation pour membre actif jeune jusqu&rsquo;\u00e0 25 ans<\/strong><\/td>\n<td>annuel<\/td>\n<td>450.00<\/td>\n<\/tr>\n<tr>\n<td><strong>Cotisation pour membre actif Ju-Jitsu adulte (d\u00e8s 26 ans)<\/strong><\/td>\n<td>annuel<\/td>\n<td>550.00<\/td>\n<\/tr>\n<tr>\n<td><strong>Cotisation pour membre actif Judo &amp; Ju-Jitsu<br \/>(y.c. acc\u00e8s au dojo de Lausanne )<\/strong><\/td>\n<td>annuel<\/td>\n<td>700.00<\/td>\n<\/tr>\n<\/tbody>\n<\/table>\n<p>Une finance d&rsquo;inscription de <strong>40.-<\/strong> est factur\u00e9e lors de l&rsquo;inscription d&rsquo;un jeune actif ou d&rsquo;un adulte actif.<\/p>\n<p>Les cotisations pour membre actif jeune et pour membre actif adulte sont payables en deux fois (semestriellement).<\/p>\n<p>Seuls les tarifs pr\u00e9sent\u00e9s dans le <a href=\"https:\/\/www.judokwailausanne.ch\/reglement\">r\u00e8glement <\/a>du Judo Kwai Lausanne &#8211; section d&rsquo;Epalinges font foi.<\/p>\n<p>[\/et_pb_accordion_item][et_pb_accordion_item title=\u00a0\u00bbDojo Mont sur Lausanne\u00a0\u00bb _builder_version=\u00a0\u00bb4.17.6&Prime; _module_preset=\u00a0\u00bbdefault\u00a0\u00bb box_shadow_style=\u00a0\u00bbpreset2&Prime; global_colors_info=\u00a0\u00bb{}\u00a0\u00bb open=\u00a0\u00bbon\u00a0\u00bb]<\/p>\n<p><a name=\"1052\"><\/a><\/p>\n<table>\n<tbody>\n<tr>\n<td><strong>Cotisation pour membre actif jeune jusqu&rsquo;\u00e0 25 ans<\/strong><\/td>\n<td>annuel<\/td>\n<td>350.00<\/td>\n<\/tr>\n<\/tbody>\n<\/table>\n<p>Une finance d&rsquo;inscription de <strong>40.-<\/strong> est factur\u00e9e lors de l&rsquo;inscription d&rsquo;un jeune actif ou d&rsquo;un adulte actif.<\/p>\n<p>Les cotisations pour membre actif jeune et pour membre actif adulte sont payables en deux fois (semestriellement).<\/p>\n<p>Seuls les tarifs pr\u00e9sent\u00e9s dans le <a href=\"https:\/\/www.judokwailausanne.ch\/reglement\">r\u00e8glement <\/a>du Judo Kwai Lausanne font foi.<\/p>\n<p>[\/et_pb_accordion_item][\/et_pb_accordion][\/et_pb_column][\/et_pb_row][et_pb_row _builder_version=\u00a0\u00bb4.18.0&Prime; _module_preset=\u00a0\u00bbdefault\u00a0\u00bb][et_pb_column _builder_version=\u00a0\u00bb4.18.0&Prime; _module_preset=\u00a0\u00bbdefault\u00a0\u00bb type=\u00a0\u00bb4_4&Prime;][et_pb_divider _builder_version=\u00a0\u00bb4.18.0&Prime; _module_preset=\u00a0\u00bbdefault\u00a0\u00bb hover_enabled=\u00a0\u00bb0&Prime; sticky_enabled=\u00a0\u00bb0&Prime;][\/et_pb_divider][\/et_pb_column][\/et_pb_row][et_pb_row _builder_version=\u00a0\u00bb4.18.0&Prime; _module_preset=\u00a0\u00bbdefault\u00a0\u00bb][et_pb_column _builder_version=\u00a0\u00bb4.18.0&Prime; _module_preset=\u00a0\u00bbdefault\u00a0\u00bb type=\u00a0\u00bb4_4&Prime;][et_pb_accordion _builder_version=\u00a0\u00bb4.18.0&Prime; _module_preset=\u00a0\u00bbdefault\u00a0\u00bb hover_enabled=\u00a0\u00bb0&Prime; sticky_enabled=\u00a0\u00bb0&Prime;][et_pb_accordion_item title=\u00a0\u00bbNe manquez pas\u00a0\u00bb _builder_version=\u00a0\u00bb4.18.0&Prime; _module_preset=\u00a0\u00bbdefault\u00a0\u00bb open=\u00a0\u00bbon\u00a0\u00bb sticky_enabled=\u00a0\u00bb0&Prime; border_style_all=\u00a0\u00bbnone\u00a0\u00bb][\/et_pb_accordion_item][et_pb_accordion_item title=\u00a0\u00bbParrainage\u00a0\u00bb _builder_version=\u00a0\u00bb4.18.0&Prime; _module_preset=\u00a0\u00bbdefault\u00a0\u00bb open=\u00a0\u00bboff\u00a0\u00bb sticky_enabled=\u00a0\u00bb0&Prime; border_style_all=\u00a0\u00bbnone\u00a0\u00bb box_shadow_style=\u00a0\u00bbpreset2&Prime;]<\/p>\n<blockquote><p>Gagnez jusqu&rsquo;\u00e0 CHF 100.- en parrainant des nouveaux membres !<\/p><\/blockquote>\n<h3>Fais d\u00e9couvrir le judo ou le ju jitsu \u00e0 un ami et gagne des cadeaux!<\/h3>\n<p>Faire d\u00e9couvrir le judo ou le ju jitsu \u00e0 un ami, un voisin ou un membre de ta famille en l&rsquo;inscrivant au JKL est aussi bien pour toi. En tant que parrain\/marraine, ton effort se verra r\u00e9compens\u00e9!<\/p>\n<ul>\n<li><strong>Inscription d&rsquo;un filleul de moins de 15 ans:<\/strong> un t-shirt du club pour le parrain. Un hoodie ou un bon de 30.- \u00e0 la boutique du JKL pour le second filleul inscrit.<\/li>\n<li><strong>Inscription d&rsquo;un filleul de 15 ans ou plus:<\/strong> un t-shirt du club et une r\u00e9duction de 50.- sur la prochaine cotisation pour le parrain. La r\u00e9duction monte \u00e0 100.- pour le second filleul inscrit.<\/li>\n<\/ul>\n<p>Chaque filleul se voit offrir les frais d&rsquo;inscription (40.-) et re\u00e7oit un t-shirt du club.<br \/>\n<a href=\"https:\/\/www.judokwailausanne.ch\/contact\">Renseignez-vous ! <\/a><br \/>\n<img fetchpriority=\"high\" fetchpriority=\"high\" decoding=\"async\" class=\"alignright wp-image-11435 size-full\" src=\"https:\/\/www.judokwailausanne.ch\/cmsv3\/wp-content\/uploads\/2018\/12\/a18613d2-27d6-4b8e-9aae-756de4195218.jpg\" alt=\"\" width=\"272\" height=\"208\" \/><br \/>\n[\/et_pb_accordion_item][et_pb_accordion_item title=\u00a0\u00bbTarif Famille\u00a0\u00bb _builder_version=\u00a0\u00bb4.18.0&Prime; _module_preset=\u00a0\u00bbdefault\u00a0\u00bb sticky_enabled=\u00a0\u00bb0&Prime; border_style_all=\u00a0\u00bbnone\u00a0\u00bb box_shadow_style=\u00a0\u00bbpreset2&Prime;]D\u00e8s 2017, les familles b\u00e9n\u00e9ficient d&rsquo;un rabais de 5% d\u00e8s le 2\u00e8me membre inscrit.<br \/>\n<a href=\"https:\/\/www.judokwailausanne.ch\/contact\">Renseignez-vous ! <\/a><br \/>\n<img decoding=\"async\" class=\"alignright wp-image-11435 size-full\" src=\"https:\/\/www.judokwailausanne.ch\/cmsv3\/wp-content\/uploads\/2019\/08\/5pc.png\" alt=\"\" width=\"272\" height=\"208\" \/>[\/et_pb_accordion_item][\/et_pb_accordion][\/et_pb_column][\/et_pb_row][\/et_pb_section]<\/p>\n","protected":false},"excerpt":{"rendered":"<p>Cotisation baby-judo (4-5 ans) annuel 300.00 Cotisation pour membre actif jeune jusqu&rsquo;\u00e0 25 ans annuel 600.00 Cotisation pour membre actif adulte (d\u00e8s 26 ans) annuel 700.00 &nbsp; Une cotisation pour membre actif jeune ou pour membre actif adulte permet au membre de participer \u00e0 autant d&rsquo;entra\u00eenement qu&rsquo;ils souhaitent au dojo de Lausanne, et ceci d\u00e8s [&hellip;]<\/p>\n","protected":false},"author":3,"featured_media":0,"parent":4170,"menu_order":2,"comment_status":"closed","ping_status":"closed","template":"","meta":{"_et_pb_use_builder":"on","_et_pb_old_content":"<h2>Tarifs par Dojos<\/h2>\r\n<ul>\r\n \t<li><a href=\"#lausanne\">Tarifs dojo Lausanne<\/a><\/li>\r\n \t<li><a href=\"#epalinges\">Tarifs dojo Epalinges<\/a><\/li>\r\n \t<li><a href=\"#mont\">Tarifs dojo Le Mont sur Lausanne<\/a><\/li>\r\n<\/ul>\r\n<h2>Divers<\/h2>\r\n[list_children sort_column=\"menu_order\" sort_order=\"asc\"]\r\n\r\n<a name=\"lausanne\"><\/a>\r\n<a name=\"1005\"><\/a>\r\n<h2>Dojo de Lausanne<\/h2>\r\n<table border=\"0\">\r\n<tbody>\r\n<tr>\r\n<th align=\"left\" valign=\"center\">Cotisation baby-judo (4-5 ans)<\/th>\r\n<td align=\"middle\" valign=\"center\">annuel<\/td>\r\n<td align=\"middle\" valign=\"center\">300.00<\/td>\r\n<\/tr>\r\n<tr>\r\n<th align=\"left\" valign=\"center\">Cotisation pour membre actif jeune jusqu'\u00e0 25 ans<\/th>\r\n<td align=\"middle\" valign=\"center\">annuel<\/td>\r\n<td align=\"middle\" valign=\"center\">600.00<\/td>\r\n<\/tr>\r\n<tr>\r\n<th align=\"left\" valign=\"center\">Cotisation pour membre actif adulte (d\u00e8s 26 ans)<\/th>\r\n<td align=\"middle\" valign=\"center\">annuel<\/td>\r\n<td align=\"middle\" valign=\"center\">700.00<\/td>\r\n<\/tr>\r\n<tr>\r\n<th align=\"left\" valign=\"center\">Cotisation pour les membres passifs<\/th>\r\n<td align=\"middle\" valign=\"center\">annuel<\/td>\r\n<td align=\"middle\" valign=\"center\">150.00<\/td>\r\n<\/tr>\r\n<\/tbody>\r\n<\/table>\r\n<strong>Une cotisation pour membre actif jeune ou pour membre actif adulte permet au membre de participer \u00e0 autant d'entra\u00eenement qu'ils souhaitent au dojo de Lausanne, et ceci d\u00e8s la ceinture blanche.<\/strong>\r\n\r\nUne finance d'inscription de <strong>40.-<\/strong> est factur\u00e9e lors de l'inscription d'un membre actif.\r\n\r\nLes cotisations pour membre actif jeune et pour membre actif adulte sont payables en deux fois (semestriellement).\r\n\r\nSeuls les tarifs pr\u00e9sent\u00e9s dans le <a title=\"R\u00e8glements\" href=\"http:\/\/www.judokwailausanne.ch\/cmsv3\/?page_id=4176\">r\u00e8glement <\/a>du Judo Kwai Lausanne font foi.\r\n\r\n\r\n\r\n<a name=\"epalinges\"><\/a>\r\n<a name=\"1066\"><\/a>\r\n<h2>Dojo d'Epalinges<\/h2>\r\n<table border=\"0\">\r\n<tbody>\r\n<tr>\r\n<th align=\"left\" valign=\"center\">Cotisation pour membre actif jeune jusqu'\u00e0 25 ans<\/th>\r\n<td align=\"middle\" valign=\"center\">annuel<\/td>\r\n<td align=\"middle\" valign=\"center\">450.00<\/td>\r\n<\/tr>\r\n<tr>\r\n<th align=\"left\" valign=\"center\">Cotisation pour membre actif Ju-Jitsu adulte (d\u00e8s 26 ans)<\/th>\r\n<td align=\"middle\" valign=\"center\">annuel<\/td>\r\n<td align=\"middle\" valign=\"center\">550.00<\/td>\r\n<\/tr>\r\n<tr>\r\n<th align=\"left\" valign=\"center\">Cotisation pour membre actif Judo &amp; Ju-Jitsu\r\n(y.c. acc\u00e8s au dojo de Lausanne )<\/th>\r\n<td align=\"middle\" valign=\"center\">annuel<\/td>\r\n<td align=\"middle\" valign=\"center\">700.00<\/td>\r\n<\/tr>\r\n<\/tbody>\r\n<\/table>\r\nUne finance d'inscription de <strong>40.-<\/strong> est factur\u00e9e lors de l'inscription d'un jeune actif ou d'un adulte actif.\r\n\r\nLes cotisations pour membre actif jeune et pour membre actif adulte sont payables en deux fois (semestriellement).\r\n\r\nSeuls les tarifs pr\u00e9sent\u00e9s dans le <a title=\"R\u00e8glements\" href=\"http:\/\/www.judokwailausanne.ch\/cmsv3\/?page_id=4176\">r\u00e8glement <\/a>du Judo Kwai Lausanne - section d'Epalinges font foi.\r\n\r\n\r\n\r\n<a name=\"mont\"><\/a>\r\n<a name=\"1052\"><\/a>\r\n<h2>Dojo de Le Mont sur Lausanne<\/h2>\r\n<table border=\"0\">\r\n<tbody>\r\n<tr>\r\n<th align=\"left\" valign=\"center\">Cotisation pour membre actif jeune jusqu'\u00e0 25 ans<\/th>\r\n<td align=\"middle\" valign=\"center\">annuel<\/td>\r\n<td align=\"middle\" valign=\"center\">350.00<\/td>\r\n<\/tr>\r\n<\/tbody>\r\n<\/table>\r\nUne finance d'inscription de <strong>40.-<\/strong> est factur\u00e9e lors de l'inscription d'un jeune actif ou d'un adulte actif.\r\n\r\nLes cotisations pour membre actif jeune et pour membre actif adulte sont payables en deux fois (semestriellement).\r\n\r\nSeuls les tarifs pr\u00e9sent\u00e9s dans le <a title=\"R\u00e8glements\" href=\"http:\/\/www.judokwailausanne.ch\/cmsv3\/?page_id=4176\">r\u00e8glement <\/a>du Judo Kwai Lausanne font foi.","_et_gb_content_width":"","footnotes":""},"class_list":["post-4174","page","type-page","status-publish","hentry"],"_links":{"self":[{"href":"https:\/\/www.judokwailausanne.ch\/index.php?rest_route=\/wp\/v2\/pages\/4174","targetHints":{"allow":["GET"]}}],"collection":[{"href":"https:\/\/www.judokwailausanne.ch\/index.php?rest_route=\/wp\/v2\/pages"}],"about":[{"href":"https:\/\/www.judokwailausanne.ch\/index.php?rest_route=\/wp\/v2\/types\/page"}],"author":[{"embeddable":true,"href":"https:\/\/www.judokwailausanne.ch\/index.php?rest_route=\/wp\/v2\/users\/3"}],"replies":[{"embeddable":true,"href":"https:\/\/www.judokwailausanne.ch\/index.php?rest_route=%2Fwp%2Fv2%2Fcomments&post=4174"}],"version-history":[{"count":26,"href":"https:\/\/www.judokwailausanne.ch\/index.php?rest_route=\/wp\/v2\/pages\/4174\/revisions"}],"predecessor-version":[{"id":22573,"href":"https:\/\/www.judokwailausanne.ch\/index.php?rest_route=\/wp\/v2\/pages\/4174\/revisions\/22573"}],"up":[{"embeddable":true,"href":"https:\/\/www.judokwailausanne.ch\/index.php?rest_route=\/wp\/v2\/pages\/4170"}],"wp:attachment":[{"href":"https:\/\/www.judokwailausanne.ch\/index.php?rest_route=%2Fwp%2Fv2%2Fmedia&parent=4174"}],"curies":[{"name":"wp","href":"https:\/\/api.w.org\/{rel}","templated":true}]}}