{"id":4178,"date":"2018-01-06T15:42:32","date_gmt":"2018-01-06T14:42:32","guid":{"rendered":"http:\/\/www.judokwailausanne.ch\/cmsv3\/?page_id=4178"},"modified":"2026-04-08T09:51:30","modified_gmt":"2026-04-08T07:51:30","slug":"entrainement-libre","status":"publish","type":"page","link":"https:\/\/www.judokwailausanne.ch\/?page_id=4178","title":{"rendered":"Entrainement libre"},"content":{"rendered":"<p>[et_pb_section fb_built=\u00a0\u00bb1&Prime; admin_label=\u00a0\u00bbsection\u00a0\u00bb _builder_version=\u00a0\u00bb4.22.1&Prime; locked=\u00a0\u00bboff\u00a0\u00bb global_colors_info=\u00a0\u00bb{}\u00a0\u00bb][et_pb_row _builder_version=\u00a0\u00bb4.17.4&Prime; _module_preset=\u00a0\u00bbdefault\u00a0\u00bb hover_enabled=\u00a0\u00bb0&Prime; locked=\u00a0\u00bboff\u00a0\u00bb global_colors_info=\u00a0\u00bb{}\u00a0\u00bb sticky_enabled=\u00a0\u00bb0&Prime;][et_pb_column type=\u00a0\u00bb4_4&Prime; _builder_version=\u00a0\u00bb4.16&Prime; _module_preset=\u00a0\u00bbdefault\u00a0\u00bb global_colors_info=\u00a0\u00bb{}\u00a0\u00bb][et_pb_accordion _builder_version=\u00a0\u00bb4.27.6&Prime; _module_preset=\u00a0\u00bbdefault\u00a0\u00bb background_color=\u00a0\u00bbRGBA(0,0,0,0)\u00a0\u00bb hover_enabled=\u00a0\u00bb0&Prime; global_colors_info=\u00a0\u00bb{}\u00a0\u00bb sticky_enabled=\u00a0\u00bb0&Prime;][et_pb_accordion_item title=\u00a0\u00bbS&rsquo;entrainer librement\u00a0\u00bb open=\u00a0\u00bbon\u00a0\u00bb _builder_version=\u00a0\u00bb4.17.4&Prime; _module_preset=\u00a0\u00bbdefault\u00a0\u00bb border_style_all=\u00a0\u00bbnone\u00a0\u00bb box_shadow_style=\u00a0\u00bbpreset2&Prime; global_colors_info=\u00a0\u00bb{}\u00a0\u00bb]<\/p>\n<p>Le Judo Kwai Lausanne met \u00e0 disposition de ses membres, la possibilit\u00e9 de s&rsquo;entrainer librement hors des horaires des cours hebdomadaires. Ces cours se font sous la supervision d&rsquo;un moniteur ou d&rsquo;une monitrice du club et les participants peuvent entrainer leurs techniques ou les katas. Il s&rsquo;agit d&rsquo;un moment privil\u00e9gi\u00e9 pour pr\u00e9parer des examens Kyu ou Dan.<br \/>Deux entrainements sont possibles, pour participer il est n\u00e9cessaire de se renseigner <strong>avant<\/strong> le cours et de s&rsquo;annoncer aupr\u00e8s des moniteurs.<\/p>\n<p>[\/et_pb_accordion_item][et_pb_accordion_item title=\u00a0\u00bbEntrainement libre au dojo de Lausanne\u00a0\u00bb _builder_version=\u00a0\u00bb4.27.6&Prime; _module_preset=\u00a0\u00bbdefault\u00a0\u00bb hover_enabled=\u00a0\u00bb0&Prime; box_shadow_style=\u00a0\u00bbpreset2&Prime; global_colors_info=\u00a0\u00bb{}\u00a0\u00bb open=\u00a0\u00bboff\u00a0\u00bb sticky_enabled=\u00a0\u00bb0&Prime;]<a name=\"lausanne\"><\/a><\/p>\n<h2>Entrainement libre au dojo de Lausanne<\/h2>\n<p><a href=\"https:\/\/www.judokwailausanne.ch\/cmsv3\/wp-content\/uploads\/2013\/04\/IMAG0037-Copie.jpg\" target=\"_blank\" rel=\"noopener noreferrer\"><img fetchpriority=\"high\" fetchpriority=\"high\" decoding=\"async\" class=\"size-medium wp-image-1321\" src=\"https:\/\/www.judokwailausanne.ch\/cmsv3\/wp-content\/uploads\/2013\/04\/IMAG0037-Copie-300x220.jpg\" alt=\"IMAG0037 - Copie\" width=\"300\" height=\"220\" \/><\/a> Astrid et Ir\u00e8ne<\/p>\n<p>Des entra\u00eenements libres ont lieu plusieurs fois dans l&rsquo;ann\u00e9e (g\u00e9n\u00e9ralement les dimanches matins) au dojo de Mon Repos, et sont sous la responsabilit\u00e9 d&rsquo;un entraineur.\u00a0Ces entra\u00eenements sont <strong>ouverts aux membres du\u00a0Judo Kwai Lausanne uniquement<\/strong> et leur permettent de\u00a0revoir ou perfectionner une partie du programme de Judo et\/ou de\u00a0Ju-Jitsu. Ils permettent notamment de se pr\u00e9parer aux examens Kyu et Dan\u00a0en dehors des heures de cours habituels.<\/p>\n<p><strong>Pour participer<\/strong> \u00e0 un tel entra\u00eenement vous devez :<\/p>\n<ul>\n<li><strong>Choisir<\/strong> une date not\u00e9e comme \u00ab\u00a0Entra\u00eenements libres\u00a0\u00bb parmi les prochains rendez-vous ci dessous<\/li>\n<li><strong>vous inscrire<\/strong>\u00a0par <a href=\"mailto:astridschreiber@hotmail.com;info@judokwailausanne.ch\">mail <\/a> (au plus tard trois jours avant la date choisie), de pr\u00e9f\u00e9rence avec un partenaire en indiquant le programme que vous d\u00e9sirez aborder et la date,<\/li>\n<li><strong>attendre la confirmation<\/strong> de la personne en charge de l&rsquo;entra\u00eenement.<\/li>\n<\/ul>\n<p>Notes :<\/p>\n<ul>\n<li>Les personnes en charge de ces entra\u00eenements viennent gracieusement sur leur temps libre, si une fois inscrit vous <strong>deviez annuler votre participation : merci de pr\u00e9venir de votre absence svp<\/strong>.<\/li>\n<li>Les<a href=\"https:\/\/www.judokwailausanne.ch\/horaires\"> horaires des entrainements libres sont donn\u00e9s ici<\/a>.<\/li>\n<\/ul>\n<p>&nbsp;<\/p>\n<h3>Prochains \u00ab\u00a0Entra\u00eenement libre \u00bb<\/h3>\n<h3>2026<\/h3>\n<ul>\n<li>Janvier: 11 et 25<\/li>\n<li>F\u00e9vrier: 8 et 22<\/li>\n<li>Mars: 1er et 8<\/li>\n<li>Avril: 12 et 26<\/li>\n<li>Mai: 10 et 31<\/li>\n<li>Juin: 14 et 28<\/li>\n<\/ul>\n<p>[\/et_pb_accordion_item][et_pb_accordion_item title=\u00a0\u00bbEntrainement libre au dojo d&rsquo;Epalinges\u00a0\u00bb _builder_version=\u00a0\u00bb4.17.4&Prime; _module_preset=\u00a0\u00bbdefault\u00a0\u00bb box_shadow_style=\u00a0\u00bbpreset2&Prime; global_colors_info=\u00a0\u00bb{}\u00a0\u00bb open=\u00a0\u00bboff\u00a0\u00bb]<a name=\"epalinges\"><\/a><br \/>\n<img decoding=\"async\" class=\"alignright wp-image-1432 size-thumbnail\" src=\"https:\/\/www.judokwailausanne.ch\/cmsv3\/wp-content\/uploads\/2016\/09\/0052-JU-JITSU-JKL.jpg\" alt=\"Entrainement\" width=\"200\" height=\"133\" \/><\/p>\n<p>Des entra\u00eenements libres ont lieu\u00a0les samedis matins) au dojo de \u00ab\u00a0Marcel Python\u00a0\u00bb d&rsquo;Epalinges, et sont sous la responsabilit\u00e9 d&rsquo;un moniteur. Ces entra\u00eenements sont <strong>ouverts aux membres du Judo Kwai Lausanne uniquement<\/strong> et leur permettent de revoir ou perfectionner une partie du programme de Judo et\/ou de Ju-Jitsu. Ils permettent notamment de se pr\u00e9parer aux examens Kyu et Dan en dehors des heures de cours habituels.<\/p>\n<p><strong>Pour participer<\/strong> \u00e0 un tel entra\u00eenement vous devez :<\/p>\n<ul>\n<li><strong>Choisir<\/strong> une date not\u00e9e comme \u00ab\u00a0Entra\u00eenement libre\u00a0\u00bb parmi les prochains rendez-vous ci dessous<\/li>\n<li><strong>Vous inscrire <\/strong>(avec le <a href=\"https:\/\/www.judokwailausanne.ch\/cmsv3\/?page_id=4178\/#formulaire\">formulaire ci-dessous<\/a> au plus tard trois jours avant), de pr\u00e9f\u00e9rence avec un partenaire en indiquant le programme que vous d\u00e9sirez aborder et la date,<\/li>\n<li><strong>attendre la confirmation<\/strong> de la personne en charge de l&rsquo;entra\u00eenement.<\/li>\n<\/ul>\n<p>Notes :<\/p>\n<ul>\n<li>Les personnes en charge de ces entra\u00eenements viennent gracieusement sur leur temps libre, si une fois inscrit vous <strong>deviez annuler votre participation : merci de pr\u00e9venir de votre absence svp<\/strong>.<\/li>\n<li>Les<a href=\"https:\/\/www.judokwailausanne.ch\/horaires\"><span style=\"color: #000080;\"> horaires des entrainements libres sont donn\u00e9s ici<\/span><\/a>.<\/li>\n<\/ul>\n<h3>Prochains \u00ab Entra\u00eenement libre \u00bb<\/h3>\n<ul>\n<li>sur demande<\/li>\n<\/ul>\n<hr \/>\n<h3><a name=\"formulaireE\"><\/a>Formulaire d&rsquo;inscription<\/h3>\n<p>\n<div class=\"wpcf7 no-js\" id=\"wpcf7-f2926-o1\" lang=\"en-US\" dir=\"ltr\" data-wpcf7-id=\"2926\">\n<div class=\"screen-reader-response\"><p role=\"status\" aria-live=\"polite\" aria-atomic=\"true\"><\/p> <ul><\/ul><\/div>\n<form action=\"\/index.php?rest_route=%2Fwp%2Fv2%2Fpages%2F4178#wpcf7-f2926-o1\" method=\"post\" class=\"wpcf7-form init cf7-style transparent-two-columns\" aria-label=\"Contact form\" novalidate=\"novalidate\" data-status=\"init\">\n<fieldset class=\"hidden-fields-container\"><input type=\"hidden\" name=\"_wpcf7\" value=\"2926\" \/><input type=\"hidden\" name=\"_wpcf7_version\" value=\"6.1.5\" \/><input type=\"hidden\" name=\"_wpcf7_locale\" value=\"en_US\" \/><input type=\"hidden\" name=\"_wpcf7_unit_tag\" value=\"wpcf7-f2926-o1\" \/><input type=\"hidden\" name=\"_wpcf7_container_post\" value=\"0\" \/><input type=\"hidden\" name=\"_wpcf7_posted_data_hash\" value=\"\" \/><input type=\"hidden\" name=\"_wpcf7_recaptcha_response\" value=\"\" \/>\n<\/fieldset>\n<p><br \/>\nJ'aimerais venir \u00e0 l'entrainement libre\n<\/p>\n<p>Date <span class=\"wpcf7-form-control-wrap\" data-name=\"DateEntrainement\"><input class=\"wpcf7-form-control wpcf7-date wpcf7-validates-as-required wpcf7-validates-as-date\" aria-required=\"true\" aria-invalid=\"false\" value=\"\" type=\"date\" name=\"DateEntrainement\" \/><\/span>\n<\/p>\n<p>Mon nom <span class=\"wpcf7-form-control-wrap\" data-name=\"your-name\"><input size=\"20\" maxlength=\"400\" class=\"wpcf7-form-control wpcf7-text wpcf7-validates-as-required\" aria-required=\"true\" aria-invalid=\"false\" value=\"\" type=\"text\" name=\"your-name\" \/><\/span>\n<\/p>\n<p>Mon email <span class=\"wpcf7-form-control-wrap\" data-name=\"your-email\"><input size=\"20\" maxlength=\"400\" class=\"wpcf7-form-control wpcf7-email wpcf7-validates-as-required wpcf7-text wpcf7-validates-as-email\" aria-required=\"true\" aria-invalid=\"false\" value=\"\" type=\"email\" name=\"your-email\" \/><\/span>\n<\/p>\n<p>Mon natel <span class=\"wpcf7-form-control-wrap\" data-name=\"your-tel\"><input size=\"20\" maxlength=\"400\" class=\"wpcf7-form-control wpcf7-text wpcf7-validates-as-required\" aria-required=\"true\" aria-invalid=\"false\" value=\"\" type=\"text\" name=\"your-tel\" \/><\/span>\n<\/p>\n<p>Je viendrai avec un partenaire ? <span class=\"wpcf7-form-control-wrap\" data-name=\"AvecUke\"><span class=\"wpcf7-form-control wpcf7-radio\"><span class=\"wpcf7-list-item first\"><input type=\"radio\" name=\"AvecUke\" value=\"Oui\" \/><span class=\"wpcf7-list-item-label\">Oui<\/span><\/span><span class=\"wpcf7-list-item last\"><input type=\"radio\" name=\"AvecUke\" value=\"Non\" \/><span class=\"wpcf7-list-item-label\">Non<\/span><\/span><\/span><\/span> (si oui indiquez ci dessous le nom du partenaire.)\n<\/p>\n<p>Ce que j'aimerais travailler :<br \/>\n<span class=\"wpcf7-form-control-wrap\" data-name=\"your-message\"><textarea cols=\"40\" rows=\"5\" maxlength=\"2000\" class=\"wpcf7-form-control wpcf7-textarea\" aria-invalid=\"false\" name=\"your-message\"><\/textarea><\/span>\n<\/p>\n<UL><span class=\"wpcf7-form-control-wrap\" data-name=\"acceptance-1\"><span class=\"wpcf7-form-control wpcf7-acceptance\"><span class=\"wpcf7-list-item\"><input type=\"checkbox\" name=\"acceptance-1\" value=\"1\" aria-invalid=\"false\" \/><\/span><\/span><\/span> J'ai bien pris note que :\n\t<LI>\n\t\t<p>la personne en charge du cours ce jour l\u00e0, me confirmera si le cours a lieu ou non,\n\t\t<\/p>\n\t<\/li>\n\t<LI>\n\t\t<p>le nombre de places \u00e9tant limit\u00e9, seuls les premiers inscrits seront accept\u00e9s,\n\t\t<\/p>\n\t<\/li>\n\t<LI>\n\t\t<p>les participants \u00e0 cet entra\u00eenement le font \u00e0 titre personnel, pour les enfants et adolescents de moins de 18 ans ils sont sous la surveillance et responsabilit\u00e9 de leurs parents,\n\t\t<\/p>\n\t<\/li>\n\t<LI>\n\t\t<p>en cas d'emp\u00eachement de derni\u00e8re minute le participant contacte la personne en charge du cours pour indiquer son absence.\n\t\t<\/p>\n\t<\/li>\n<\/ul>\n<p><input class=\"wpcf7-form-control wpcf7-submit has-spinner\" type=\"submit\" value=\"Envoyer\" \/>\n<\/p><p style=\"display: none !important;\" class=\"akismet-fields-container\" data-prefix=\"_wpcf7_ak_\"><label>&#916;<textarea name=\"_wpcf7_ak_hp_textarea\" cols=\"45\" rows=\"8\" maxlength=\"100\"><\/textarea><\/label><input type=\"hidden\" id=\"ak_js_1\" name=\"_wpcf7_ak_js\" value=\"77\"\/><script>document.getElementById( \"ak_js_1\" ).setAttribute( \"value\", ( new Date() ).getTime() );<\/script><\/p><div class=\"wpcf7-response-output\" aria-hidden=\"true\"><\/div>\n<\/form>\n<\/div>\n[\/et_pb_accordion_item][\/et_pb_accordion][\/et_pb_column][\/et_pb_row][\/et_pb_section]<\/p>\n","protected":false},"excerpt":{"rendered":"<p>Le Judo Kwai Lausanne met \u00e0 disposition de ses membres, la possibilit\u00e9 de s&rsquo;entrainer librement hors des horaires des cours hebdomadaires. Ces cours se font sous la supervision d&rsquo;un moniteur ou d&rsquo;une monitrice du club et les participants peuvent entrainer leurs techniques ou les katas. Il s&rsquo;agit d&rsquo;un moment privil\u00e9gi\u00e9 pour pr\u00e9parer des examens Kyu [&hellip;]<\/p>\n","protected":false},"author":3,"featured_media":0,"parent":4170,"menu_order":4,"comment_status":"closed","ping_status":"closed","template":"","meta":{"_et_pb_use_builder":"on","_et_pb_old_content":"Le Judo Kwai Lausanne met \u00e0 disposition de ses membres, la possibilit\u00e9 de s'entrainer librement hors des horaires des cours hebdomadaires. Ces cours se font sous la supervision d'un moniteur ou d'une monitrice du club et les participants peuvent entrainer leurs techniques ou les katas. Il s'agit d'un moment privil\u00e9gi\u00e9 pour pr\u00e9parer des examens Kyu ou Dan.\r\nDeux entrainements sont possibles, pour participer il est n\u00e9cessaire de se renseigner <strong>avant<\/strong> le cours et de s'annoncer aupr\u00e8s des moniteurs.\r\n<table style=\"width: 100%; border-collapse: collapse;\" border=\"1\">\r\n<tbody>\r\n<tr>\r\n<td style=\"width: 50%;\"><img class=\"wp-image-1433 size-thumbnail alignleft\" src=\"http:\/\/www.judokwailausanne.ch\/cmsv3\/wp-content\/uploads\/2018\/01\/DojoMR-150x150.jpg\" alt=\"\" width=\"150\" height=\"150\" \/>\r\n<a href=\"http:\/\/www.judokwailausanne.ch\/cmsv3\/?page_id=4178\/#lausanne\">Entrainement libre au dojo de Lausanne<\/a><\/td>\r\n<td style=\"width: 50%; text-align: right;\"><img class=\"alignright wp-image-1432 size-thumbnail\" src=\"https:\/\/www.judokwailausanne.ch\/cmsv3\/wp-content\/uploads\/2018\/01\/DojoMPs-150x150.jpg\" alt=\"\" width=\"150\" height=\"150\" \/>\r\n<a href=\"http:\/\/www.judokwailausanne.ch\/cmsv3\/?page_id=4178\/#epalinges\">Entrainement libre au dojo d'Epalinges<\/a><\/td>\r\n<\/tr>\r\n<\/tbody>\r\n<\/table>\r\n\u00a0\r\n\r\n<a name=\"lausanne\"><\/a>\r\n<h2>Entrainement libre au dojo de Lausanne<\/h2>\r\n[caption id=\"attachment_1321\" align=\"alignright\" width=\"300\"]<a href=\"http:\/\/www.judokwailausanne.ch\/cmsv3\/wp-content\/uploads\/2013\/04\/IMAG0037-Copie.jpg\" target=\"_blank\" rel=\"noopener noreferrer\"><img class=\"size-medium wp-image-1321\" src=\"http:\/\/www.judokwailausanne.ch\/cmsv3\/wp-content\/uploads\/2013\/04\/IMAG0037-Copie-300x220.jpg\" alt=\"IMAG0037 - Copie\" width=\"300\" height=\"220\" \/><\/a> Astrid et Ir\u00e8ne[\/caption]\r\n\r\nDes entra\u00eenements libres ont lieu plusieurs fois dans l'ann\u00e9e (g\u00e9n\u00e9ralement les dimanches matins) au dojo de Mon Repos, et sont sous la responsabilit\u00e9 d'un entraineur.\u00a0Ces entra\u00eenements sont <strong>ouverts aux membres du\u00a0Judo Kwai Lausanne uniquement<\/strong> et leur permettent de\u00a0revoir ou perfectionner une partie du programme de Judo et\/ou de\u00a0Ju-Jitsu. Ils permettent notamment de se pr\u00e9parer aux examens Kyu et Dan\u00a0en dehors des heures de cours habituels.\r\n\r\n<strong>Pour participer<\/strong> \u00e0 un tel entra\u00eenement vous devez :\r\n<ul>\r\n \t<li><strong>Choisir<\/strong> une date not\u00e9e comme \"Entra\u00eenements libres\" parmi les prochains rendez-vous ci dessous<\/li>\r\n \t<li><strong>vous inscrire\u00a0<\/strong>(avec le <a href=\"#formulaireL\">formulaire ci-dessous<\/a> au plus tard trois jours avant), de pr\u00e9f\u00e9rence avec un partenaire en indiquant le programme que vous d\u00e9sirez aborder et la date,<\/li>\r\n \t<li><strong>attendre la confirmation<\/strong> de la personne en charge de l'entra\u00eenement.<\/li>\r\n<\/ul>\r\nNotes :\r\n<ul>\r\n \t<li>Les personnes en charge de ces entra\u00eenements viennent gracieusement sur leur temps libre, si une fois inscrit vous <strong>deviez annuler votre participation : merci de pr\u00e9venir de votre absence svp<\/strong>.<\/li>\r\n \t<li>Les<a href=\"http:\/\/www.judokwailausanne.ch\/horaires\"> horaires des entrainements libres sont donn\u00e9s ici<\/a>.<\/li>\r\n<\/ul>\r\n\u00a0\r\n<h3>Prochains \u00ab\u00a0Entra\u00eenement libre \u00bb<\/h3>\r\n<h3>2022<\/h3>\r\n<ul>\r\n \t<li>dimanche 16.01.2022<\/li>\r\n \t<li>dimanche 30.01.2022<\/li>\r\n \t<li>dimanche 13.02.2022<\/li>\r\n \t<li>dimanche 27.02.2022<\/li>\r\n \t<li>dimanche 13.03.2022<\/li>\r\n \t<li>dimanche 27.03.2022<\/li>\r\n \t<li>dimanche 10.04.2022<\/li>\r\n \t<li>dimanche 24.04.2022<\/li>\r\n \t<li>dimanche 15.05.2022<\/li>\r\n \t<li>dimanche 29.05.2022<\/li>\r\n \t<li>dimanche 12.06.2022<\/li>\r\n \t<li>dimanche 26.06.2022<\/li>\r\n<\/ul>\r\n\u00a0\r\n\r\n<hr \/>\r\n\r\n<h3><a name=\"formulaireL\"><\/a>Formulaire d'inscription<\/h3>\r\n[contact-form-7 id=\"1142\" title=\"Entrainement libre\"]\r\n\r\n<hr \/>\r\n\r\n\u00a0\r\n<h2><a name=\"epalinges\"><\/a>Entrainement libre au dojo d'Epalinges<\/h2>\r\n[caption id=\"attachment_2923\" align=\"alignright\" width=\"200\"]<img class=\"wp-image-2923 size-full\" src=\"http:\/\/www.judokwailausanne.ch\/cmsv3\/wp-content\/uploads\/2016\/09\/0052-JU-JITSU-JKL.jpg\" alt=\"Entrainement\" width=\"200\" height=\"133\" \/> Entrainement[\/caption]\r\n\r\nDes entra\u00eenements libres ont lieu\u00a0les samedis matins) au dojo de \"Marcel Python\" d'Epalinges, et sont sous la responsabilit\u00e9 d'un moniteur. Ces entra\u00eenements sont <strong>ouverts aux membres du Judo Kwai Lausanne uniquement<\/strong> et leur permettent de revoir ou perfectionner une partie du programme de Judo et\/ou de Ju-Jitsu. Ils permettent notamment de se pr\u00e9parer aux examens Kyu et Dan en dehors des heures de cours habituels.\r\n\r\n<strong>Pour participer<\/strong> \u00e0 un tel entra\u00eenement vous devez :\r\n<ul>\r\n \t<li><strong>Choisir<\/strong> une date not\u00e9e comme \"Entra\u00eenement libre\" parmi les prochains rendez-vous ci dessous<\/li>\r\n \t<li><strong>Vous inscrire <\/strong>(avec le <a href=\"http:\/\/www.judokwailausanne.ch\/cmsv3\/?page_id=4178\/#formulaire\">formulaire ci-dessous<\/a> au plus tard trois jours avant), de pr\u00e9f\u00e9rence avec un partenaire en indiquant le programme que vous d\u00e9sirez aborder et la date,<\/li>\r\n \t<li><strong>attendre la confirmation<\/strong> de la personne en charge de l'entra\u00eenement.<\/li>\r\n<\/ul>\r\nNotes :\r\n<ul>\r\n \t<li>Les personnes en charge de ces entra\u00eenements viennent gracieusement sur leur temps libre, si une fois inscrit vous <strong>deviez annuler votre participation : merci de pr\u00e9venir de votre absence svp<\/strong>.<\/li>\r\n \t<li>Les<a href=\"http:\/\/www.judokwailausanne.ch\/horaires\"><span style=\"color: #000080;\"> horaires des entrainements libres sont donn\u00e9s ici<\/span><\/a>.<\/li>\r\n<\/ul>\r\n<h3>Prochains \u00ab Entra\u00eenement libre \u00bb<\/h3>\r\n<ul>\r\n \t<li>sur demande<\/li>\r\n<\/ul>\r\n\r\n<hr \/>\r\n\r\n<h3><a name=\"formulaireE\"><\/a>Formulaire d'inscription<\/h3>\r\n[contact-form-7 id=\"2926\" title=\"Entrainement libre Epalinges\"]\r\n\r\n<hr \/>\r\n\r\n<h3><a name=\"inscriptions\"><\/a>Inscriptions effectu\u00e9es<\/h3>\r\n<ul>\r\n \t<li><a href=\"https:\/\/www.judokwailausanne.ch\/?page_id=10265\">Liste des inscrits \u00e0 l'entrainement libre Lausanne<\/a><\/li>\r\n \t<li><a href=\"https:\/\/www.judokwailausanne.ch\/?page_id=4780\">Liste des inscrits \u00e0 l'entrainement libre Epalinges<\/a><\/li>\r\n<\/ul>","_et_gb_content_width":"","footnotes":""},"class_list":["post-4178","page","type-page","status-publish","hentry"],"_links":{"self":[{"href":"https:\/\/www.judokwailausanne.ch\/index.php?rest_route=\/wp\/v2\/pages\/4178","targetHints":{"allow":["GET"]}}],"collection":[{"href":"https:\/\/www.judokwailausanne.ch\/index.php?rest_route=\/wp\/v2\/pages"}],"about":[{"href":"https:\/\/www.judokwailausanne.ch\/index.php?rest_route=\/wp\/v2\/types\/page"}],"author":[{"embeddable":true,"href":"https:\/\/www.judokwailausanne.ch\/index.php?rest_route=\/wp\/v2\/users\/3"}],"replies":[{"embeddable":true,"href":"https:\/\/www.judokwailausanne.ch\/index.php?rest_route=%2Fwp%2Fv2%2Fcomments&post=4178"}],"version-history":[{"count":70,"href":"https:\/\/www.judokwailausanne.ch\/index.php?rest_route=\/wp\/v2\/pages\/4178\/revisions"}],"predecessor-version":[{"id":29429,"href":"https:\/\/www.judokwailausanne.ch\/index.php?rest_route=\/wp\/v2\/pages\/4178\/revisions\/29429"}],"up":[{"embeddable":true,"href":"https:\/\/www.judokwailausanne.ch\/index.php?rest_route=\/wp\/v2\/pages\/4170"}],"wp:attachment":[{"href":"https:\/\/www.judokwailausanne.ch\/index.php?rest_route=%2Fwp%2Fv2%2Fmedia&parent=4178"}],"curies":[{"name":"wp","href":"https:\/\/api.w.org\/{rel}","templated":true}]}}