{"id":4212,"date":"2018-01-06T19:22:06","date_gmt":"2018-01-06T18:22:06","guid":{"rendered":"http:\/\/www.judokwailausanne.ch\/cmsv3\/?page_id=4212"},"modified":"2024-05-04T11:59:11","modified_gmt":"2024-05-04T09:59:11","slug":"ju-jitsu","status":"publish","type":"page","link":"https:\/\/www.judokwailausanne.ch\/?page_id=4212","title":{"rendered":"Ju-jitsu"},"content":{"rendered":"<p><img fetchpriority=\"high\" fetchpriority=\"high\" decoding=\"async\" class=\"alignright size-medium wp-image-9800\" src=\"https:\/\/www.judokwailausanne.ch\/cmsv3\/wp-content\/uploads\/2018\/12\/p6-300x200.jpg\" alt=\"\" width=\"300\" height=\"200\" srcset=\"https:\/\/www.judokwailausanne.ch\/cmsv3\/wp-content\/uploads\/2018\/12\/p6-300x200.jpg 300w, https:\/\/www.judokwailausanne.ch\/cmsv3\/wp-content\/uploads\/2018\/12\/p6-768x513.jpg 768w, https:\/\/www.judokwailausanne.ch\/cmsv3\/wp-content\/uploads\/2018\/12\/p6-1024x683.jpg 1024w, https:\/\/www.judokwailausanne.ch\/cmsv3\/wp-content\/uploads\/2018\/12\/p6-1320x881.jpg 1320w, https:\/\/www.judokwailausanne.ch\/cmsv3\/wp-content\/uploads\/2018\/12\/p6.jpg 1816w\" sizes=\"(max-width: 300px) 100vw, 300px\" \/>Notre section de Ju-Jitsu \u00e0 Epalinges comprend plus de 60 membres dont une vingtaine de ceintures noires.<\/p>\n<p>Pour bien d\u00e9buter le Ju-Jitsu <a href=\"https:\/\/www.judokwailausanne.ch\/CommencerJu-jitsu\">Inscription cours d&rsquo;essai gratuit de Ju-Jitsu<\/a> \u2192<\/p>\n<p>Tous <a href=\"https:\/\/www.judokwailausanne.ch\/entraineurs#jjep\">les enseignants<\/a> ont une reconnaissance de formation \u00ab\u00a0Jeunesse et Sports\u00a0\u00bb. Plusieurs d&rsquo;entre eux ont un niveau \u00e9lev\u00e9 dans d&rsquo;autres discipline (Judo, Karat\u00e9, Aikido notamment).<\/p>\n<p>Pour aller plus loin nous vous conseillons les pages suivantes:<\/p>\n<ul>\n<li><a href=\"http:\/\/www.judokwailausanne.ch\/cmsv3\/?page_id=4228\">Programme Kyu<\/a><\/li>\n<li><a href=\"http:\/\/www.judokwailausanne.ch\/cmsv3\/?page_id=4232\">Programme Dan<\/a><\/li>\n<\/ul>\n<p><iframe src=\"https:\/\/www.youtube.com\/embed\/55SPsZPnvEo\" width=\"640\" height=\"360\" frameborder=\"0\" allowfullscreen=\"allowfullscreen\"><\/iframe><\/p>\n<p>Les moniteurs (ou futurs&#8230;) peuvent contacter <a href=\"http:\/\/www.judokwailausanne.ch\/cmsv3\/?page_id=4237\">le coach J&amp;S ici<\/a>.<\/p>\n<p>&nbsp;<\/p>\n","protected":false},"excerpt":{"rendered":"<p>Notre section de Ju-Jitsu \u00e0 Epalinges comprend plus de 60 membres dont une vingtaine de ceintures noires. Pour bien d\u00e9buter le Ju-Jitsu Inscription cours d&rsquo;essai gratuit de Ju-Jitsu \u2192 Tous les enseignants ont une reconnaissance de formation \u00ab\u00a0Jeunesse et Sports\u00a0\u00bb. Plusieurs d&rsquo;entre eux ont un niveau \u00e9lev\u00e9 dans d&rsquo;autres discipline (Judo, Karat\u00e9, Aikido notamment). Pour [&hellip;]<\/p>\n","protected":false},"author":3,"featured_media":0,"parent":4208,"menu_order":0,"comment_status":"closed","ping_status":"closed","template":"","meta":{"_et_pb_use_builder":"","_et_pb_old_content":"","_et_gb_content_width":"","footnotes":""},"class_list":["post-4212","page","type-page","status-publish","hentry"],"_links":{"self":[{"href":"https:\/\/www.judokwailausanne.ch\/index.php?rest_route=\/wp\/v2\/pages\/4212","targetHints":{"allow":["GET"]}}],"collection":[{"href":"https:\/\/www.judokwailausanne.ch\/index.php?rest_route=\/wp\/v2\/pages"}],"about":[{"href":"https:\/\/www.judokwailausanne.ch\/index.php?rest_route=\/wp\/v2\/types\/page"}],"author":[{"embeddable":true,"href":"https:\/\/www.judokwailausanne.ch\/index.php?rest_route=\/wp\/v2\/users\/3"}],"replies":[{"embeddable":true,"href":"https:\/\/www.judokwailausanne.ch\/index.php?rest_route=%2Fwp%2Fv2%2Fcomments&post=4212"}],"version-history":[{"count":15,"href":"https:\/\/www.judokwailausanne.ch\/index.php?rest_route=\/wp\/v2\/pages\/4212\/revisions"}],"predecessor-version":[{"id":25268,"href":"https:\/\/www.judokwailausanne.ch\/index.php?rest_route=\/wp\/v2\/pages\/4212\/revisions\/25268"}],"up":[{"embeddable":true,"href":"https:\/\/www.judokwailausanne.ch\/index.php?rest_route=\/wp\/v2\/pages\/4208"}],"wp:attachment":[{"href":"https:\/\/www.judokwailausanne.ch\/index.php?rest_route=%2Fwp%2Fv2%2Fmedia&parent=4212"}],"curies":[{"name":"wp","href":"https:\/\/api.w.org\/{rel}","templated":true}]}}