{"id":4228,"date":"2018-01-06T20:01:46","date_gmt":"2018-01-06T19:01:46","guid":{"rendered":"http:\/\/www.judokwailausanne.ch\/cmsv3\/?page_id=4228"},"modified":"2018-01-07T12:00:20","modified_gmt":"2018-01-07T11:00:20","slug":"programme-kyu","status":"publish","type":"page","link":"https:\/\/www.judokwailausanne.ch\/?page_id=4228","title":{"rendered":"Programme Kyu"},"content":{"rendered":"<p>&nbsp;<\/p>\n<p><img decoding=\"async\" class=\"alignright size-full wp-image-95\" src=\"http:\/\/www.judokwailausanne.ch\/cmsv3\/wp-content\/uploads\/2014\/09\/0134-JU-JITSU-JKL.jpg\" alt=\"0134-JU-JITSU-JKL\" \/><\/p>\n<p>Les \u00ab\u00a0Kyu\u00a0\u00bb repr\u00e9sentent les niveaux successifs \u00e0 passer avant de postuler pour l&rsquo;examen DAN. Les Kyu sont symbolis\u00e9s par des ceintures de couleur (blanche, jaune, orange, verte, bleue et enfin marron). Le passage des examens de Kyu se fait sous la responsabilit\u00e9 des enseignants de Ju-Jitsu au sein du club.<\/p>\n<p>Retrouvez la liste des techniques de Ju-Jitsu par ceintures dans le <a href=\"http:\/\/www.judokwailausanne.ch\/cmsv3\/wp-content\/uploads\/2014\/09\/Global5a1Kyu.pdf\" target=\"_blank\" rel=\"noopener\">document joint<br \/>\n<img decoding=\"async\" class=\"wp-image-460 size-thumbnail alignleft\" src=\"http:\/\/www.judokwailausanne.ch\/cmsv3\/wp-content\/uploads\/2014\/09\/pdf-150x150.png\" alt=\"pdf\" width=\"150\" height=\"150\" \/><br \/>\n<\/a>.<\/p>\n<p>&nbsp;<\/p>\n<p>Les temps d&rsquo;attente pour chaque grade est pr\u00e9conis\u00e9 ainsi \u00e0 la FSJ, Les programmes des ceintures et les temps d&rsquo;attente restent du libre choix des examinateurs dans les clubs:<\/p>\n<table>\n<thead>\n<tr style=\"background-color: #bdb9b9;\">\n<td><strong>Kyu<\/strong><\/td>\n<td><strong>Ceinture<\/strong><\/td>\n<td><strong>Attente<\/strong><\/td>\n<td><strong>Entra\u00eenement<\/strong><\/td>\n<\/tr>\n<\/thead>\n<tbody>\n<tr>\n<td>\u00a06\u00e8me<\/td>\n<td>Blanche<\/td>\n<td>&#8211;<\/td>\n<td>&#8211;<\/td>\n<\/tr>\n<tr style=\"background-color: #f7f307;\">\n<td>5\u00e8me<\/td>\n<td>Jaune<\/td>\n<td>6 mois<\/td>\n<td>40 h<\/td>\n<\/tr>\n<tr style=\"background-color: #f54d05;\">\n<td>4\u00e8me<\/td>\n<td>Orange<\/td>\n<td>7 mois<\/td>\n<td>60 h<\/td>\n<\/tr>\n<tr style=\"background-color: #07d90a;\">\n<td>3\u00e8me<\/td>\n<td>Verte<\/td>\n<td>8 mois<\/td>\n<td>80 h<\/td>\n<\/tr>\n<tr style=\"background-color: #1307f5;\">\n<td>2\u00e8me<\/td>\n<td>Bleue<\/td>\n<td>10 mois<\/td>\n<td>100 h<\/td>\n<\/tr>\n<tr style=\"background-color: #8a2511;\">\n<td>1er<\/td>\n<td>Brune<\/td>\n<td>12 mois<\/td>\n<td>150 h<\/td>\n<\/tr>\n<\/tbody>\n<\/table>\n<p>Les temps d&rsquo;attente indiquent le nombre de mois depuis la derni\u00e8re ceinture et entrainement : le nombre d&rsquo;heure de cours suivis depuis le dernier passage de grade.<\/p>\n<p>&nbsp;<\/p>\n<p><a href=\"http:\/\/www.judokwailausanne.ch\/cmsv3\/wp-content\/uploads\/2017\/12\/3mousq.jpg\" target=\"_blank\" rel=\"noopener\"><img fetchpriority=\"high\" fetchpriority=\"high\" decoding=\"async\" class=\"alignright wp-image-4316 size-medium\" src=\"http:\/\/www.judokwailausanne.ch\/cmsv3\/wp-content\/uploads\/2017\/12\/3mousq-300x177.jpg\" alt=\"\" width=\"300\" height=\"177\" srcset=\"https:\/\/www.judokwailausanne.ch\/cmsv3\/wp-content\/uploads\/2017\/12\/3mousq-300x177.jpg 300w, https:\/\/www.judokwailausanne.ch\/cmsv3\/wp-content\/uploads\/2017\/12\/3mousq.jpg 696w\" sizes=\"(max-width: 300px) 100vw, 300px\" \/><\/a>Ci joint le recueil des articles \u00e9crits par Marcel Python dans la Gazette du Judo Kwai Lausanne.<\/p>\n<p><a href=\"http:\/\/www.judokwailausanne.ch\/cmsv3\/wp-content\/uploads\/2014\/09\/Gazette.pdf\" target=\"_blank\" rel=\"noopener\"><img decoding=\"async\" class=\"wp-image-460 size-thumbnail alignleft\" src=\"http:\/\/www.judokwailausanne.ch\/cmsv3\/wp-content\/uploads\/2014\/09\/pdf-150x150.png\" alt=\"pdf\" width=\"150\" height=\"150\" \/><\/a><\/p>\n<p>&nbsp;<\/p>\n<p>&nbsp;<\/p>\n","protected":false},"excerpt":{"rendered":"<p>&nbsp; Les \u00ab\u00a0Kyu\u00a0\u00bb repr\u00e9sentent les niveaux successifs \u00e0 passer avant de postuler pour l&rsquo;examen DAN. Les Kyu sont symbolis\u00e9s par des ceintures de couleur (blanche, jaune, orange, verte, bleue et enfin marron). Le passage des examens de Kyu se fait sous la responsabilit\u00e9 des enseignants de Ju-Jitsu au sein du club. Retrouvez la liste des [&hellip;]<\/p>\n","protected":false},"author":3,"featured_media":0,"parent":4212,"menu_order":0,"comment_status":"closed","ping_status":"closed","template":"","meta":{"_et_pb_use_builder":"","_et_pb_old_content":"","_et_gb_content_width":"","footnotes":""},"class_list":["post-4228","page","type-page","status-publish","hentry"],"_links":{"self":[{"href":"https:\/\/www.judokwailausanne.ch\/index.php?rest_route=\/wp\/v2\/pages\/4228","targetHints":{"allow":["GET"]}}],"collection":[{"href":"https:\/\/www.judokwailausanne.ch\/index.php?rest_route=\/wp\/v2\/pages"}],"about":[{"href":"https:\/\/www.judokwailausanne.ch\/index.php?rest_route=\/wp\/v2\/types\/page"}],"author":[{"embeddable":true,"href":"https:\/\/www.judokwailausanne.ch\/index.php?rest_route=\/wp\/v2\/users\/3"}],"replies":[{"embeddable":true,"href":"https:\/\/www.judokwailausanne.ch\/index.php?rest_route=%2Fwp%2Fv2%2Fcomments&post=4228"}],"version-history":[{"count":8,"href":"https:\/\/www.judokwailausanne.ch\/index.php?rest_route=\/wp\/v2\/pages\/4228\/revisions"}],"predecessor-version":[{"id":4322,"href":"https:\/\/www.judokwailausanne.ch\/index.php?rest_route=\/wp\/v2\/pages\/4228\/revisions\/4322"}],"up":[{"embeddable":true,"href":"https:\/\/www.judokwailausanne.ch\/index.php?rest_route=\/wp\/v2\/pages\/4212"}],"wp:attachment":[{"href":"https:\/\/www.judokwailausanne.ch\/index.php?rest_route=%2Fwp%2Fv2%2Fmedia&parent=4228"}],"curies":[{"name":"wp","href":"https:\/\/api.w.org\/{rel}","templated":true}]}}