{"id":4265,"date":"2018-01-06T21:06:52","date_gmt":"2018-01-06T20:06:52","guid":{"rendered":"http:\/\/www.judokwailausanne.ch\/cmsv3\/?page_id=4265"},"modified":"2018-12-05T12:01:05","modified_gmt":"2018-12-05T11:01:05","slug":"gazette","status":"publish","type":"page","link":"https:\/\/www.judokwailausanne.ch\/?page_id=4265","title":{"rendered":"Gazette"},"content":{"rendered":"<p>Cliquez pour lire la <a href=\"https:\/\/www.judokwailausanne.ch\/gazette\" target=\"_blank\" rel=\"noopener\">derni\u00e8re \u00e9dition de la gazette <\/a>!<\/p>\n<p>Voir les <a title=\"La Gazette\" href=\"http:\/\/www.judokwailausanne.ch\/gazettes\">pr\u00e9c\u00e9dents num\u00e9ros<\/a>.<\/p>\n","protected":false},"excerpt":{"rendered":"<p>Cliquez pour lire la derni\u00e8re \u00e9dition de la gazette ! Voir les pr\u00e9c\u00e9dents num\u00e9ros.<\/p>\n","protected":false},"author":3,"featured_media":0,"parent":1342,"menu_order":0,"comment_status":"closed","ping_status":"closed","template":"","meta":{"_et_pb_use_builder":"","_et_pb_old_content":"","_et_gb_content_width":"","footnotes":""},"class_list":["post-4265","page","type-page","status-publish","hentry"],"_links":{"self":[{"href":"https:\/\/www.judokwailausanne.ch\/index.php?rest_route=\/wp\/v2\/pages\/4265","targetHints":{"allow":["GET"]}}],"collection":[{"href":"https:\/\/www.judokwailausanne.ch\/index.php?rest_route=\/wp\/v2\/pages"}],"about":[{"href":"https:\/\/www.judokwailausanne.ch\/index.php?rest_route=\/wp\/v2\/types\/page"}],"author":[{"embeddable":true,"href":"https:\/\/www.judokwailausanne.ch\/index.php?rest_route=\/wp\/v2\/users\/3"}],"replies":[{"embeddable":true,"href":"https:\/\/www.judokwailausanne.ch\/index.php?rest_route=%2Fwp%2Fv2%2Fcomments&post=4265"}],"version-history":[{"count":5,"href":"https:\/\/www.judokwailausanne.ch\/index.php?rest_route=\/wp\/v2\/pages\/4265\/revisions"}],"predecessor-version":[{"id":9817,"href":"https:\/\/www.judokwailausanne.ch\/index.php?rest_route=\/wp\/v2\/pages\/4265\/revisions\/9817"}],"up":[{"embeddable":true,"href":"https:\/\/www.judokwailausanne.ch\/index.php?rest_route=\/wp\/v2\/pages\/1342"}],"wp:attachment":[{"href":"https:\/\/www.judokwailausanne.ch\/index.php?rest_route=%2Fwp%2Fv2%2Fmedia&parent=4265"}],"curies":[{"name":"wp","href":"https:\/\/api.w.org\/{rel}","templated":true}]}}