{"id":4393,"date":"2018-01-07T23:17:26","date_gmt":"2018-01-07T22:17:26","guid":{"rendered":"http:\/\/www.judokwailausanne.ch\/cmsv3\/?page_id=4393"},"modified":"2026-02-22T20:40:41","modified_gmt":"2026-02-22T19:40:41","slug":"agenda","status":"publish","type":"page","link":"https:\/\/www.judokwailausanne.ch\/?page_id=4393","title":{"rendered":"Agenda"},"content":{"rendered":"<ul>\n<li><a href=\"#all\">Dates g\u00e9n\u00e9rales<\/a><\/li>\n<li><a href=\"#comp\">Dates comp\u00e9titions<\/a><\/li>\n<\/ul>\n<p><a name=\"all\"><\/a><\/p>\n<h3>Dates g\u00e9n\u00e9rales<\/h3>\n\n    <div class=\"wpdt-c \">\n    \n<input type=\"hidden\" id=\"wdtNonceFrontendEdit\" name=\"wdtNonceFrontendEdit\" value=\"c8665ad61f\" \/><input type=\"hidden\" name=\"_wp_http_referer\" value=\"\/index.php?rest_route=%2Fwp%2Fv2%2Fpages%2F4393\" \/>    <input type=\"hidden\" id=\"table_1_desc\" value='{\"tableId\":\"table_1\",\"tableType\":\"json\",\"selector\":\"#table_1\",\"responsive\":true,\"responsiveAction\":\"icon\",\"infoBlock\":false,\"pagination\":0,\"paginationAlign\":\"right\",\"paginationLayout\":\"full_numbers\",\"paginationLayoutMobile\":\"simple\",\"file_location\":\"wp_media_lib\",\"table_wcag\":0,\"simple_template_id\":0,\"scrollable\":false,\"globalSearch\":false,\"showRowsPerPage\":false,\"hideBeforeLoad\":true,\"pagination_top\":0,\"number_format\":1,\"decimalPlaces\":2,\"spinnerSrc\":\"https:\\\/\\\/www.judokwailausanne.ch\\\/cmsv3\\\/wp-content\\\/plugins\\\/wpdatatables\\\/assets\\\/\\\/img\\\/spinner.gif\",\"groupingEnabled\":false,\"tableWpId\":5,\"dataTableParams\":{\"sDom\":\"BT\\u003C\\u0027clear\\u0027\\u003Et\",\"bSortCellsTop\":false,\"aLengthMenu\":[[1,5,10,25,50,100,-1],[1,5,10,25,50,100,\"Tout\"]],\"iDisplayLength\":-1,\"columnDefs\":[{\"sType\":\"date-custom\",\"wdtType\":\"date\",\"bVisible\":true,\"orderable\":true,\"searchable\":true,\"InputType\":\"text\",\"name\":\"date\",\"origHeader\":\"date\",\"notNull\":false,\"conditionalFormattingRules\":[],\"className\":\" column-date\",\"aTargets\":[0]},{\"sType\":\"string\",\"wdtType\":\"string\",\"bVisible\":true,\"orderable\":true,\"searchable\":true,\"InputType\":\"text\",\"name\":\"event\",\"origHeader\":\"event\",\"notNull\":false,\"conditionalFormattingRules\":[],\"className\":\" column-event\",\"aTargets\":[1]}],\"bAutoWidth\":false,\"order\":[[0,\"asc\"]],\"ordering\":true,\"buttons\":[],\"oSearch\":{\"bSmart\":false,\"bRegex\":false,\"sSearch\":\"\"}},\"currentSkin\":\"skin1\",\"tabletWidth\":\"1024\",\"mobileWidth\":\"480\",\"columnsFixed\":0,\"timeFormat\":\"h:i A\",\"datepickFormat\":\"dd\\\/mm\\\/yy\"}'\/>\n\n    <table id=\"table_1\"\n           class=\"           responsive           display nowrap data-t wpDataTable wpDataTableID-5\"\n           style=\"display: none; \"\n           data-described-by='table_1_desc'\n           data-wpdatatable_id=\"5\">\n        \n        <!-- Table header -->\n        \n<thead>\n<tr>\n                    <th\n        data-class=\"expand\"                class=\" wdtheader sort \"\n        style=\"\">date<\/th>        <th\n                        class=\" wdtheader sort \"\n        style=\"\">event<\/th>    <\/tr>\n<\/thead>\n        <!-- \/Table header -->\n\n        <!-- Table body -->\n        \n<tbody>\n        <tr id=\"table_5_row_0\">\n                    <td style=\"\">05\/01\/2026<\/td>\n                    <td style=\"\">Rentree scolaire<\/td>\n            <\/tr>\n            <tr id=\"table_5_row_1\">\n                    <td style=\"\">10\/01\/2026<\/td>\n                    <td style=\"\">Cours AVJJ Judo H. Katanishi<\/td>\n            <\/tr>\n            <tr id=\"table_5_row_2\">\n                    <td style=\"\">11\/01\/2026<\/td>\n                    <td style=\"\">Entrainement libre<\/td>\n            <\/tr>\n            <tr id=\"table_5_row_3\">\n                    <td style=\"\">24\/01\/2026<\/td>\n                    <td style=\"\">Retrait commandes de fondue - dojo de Lausanne. 9h-12h<\/td>\n            <\/tr>\n            <tr id=\"table_5_row_4\">\n                    <td style=\"\">25\/01\/2026<\/td>\n                    <td style=\"\">Entrainement libre<\/td>\n            <\/tr>\n            <tr id=\"table_5_row_5\">\n                    <td style=\"\">08\/02\/2026<\/td>\n                    <td style=\"\">Entrainement libre<\/td>\n            <\/tr>\n            <tr id=\"table_5_row_6\">\n                    <td style=\"\">22\/02\/2026<\/td>\n                    <td style=\"\">Entrainement libre<\/td>\n            <\/tr>\n            <tr id=\"table_5_row_7\">\n                    <td style=\"\">01\/03\/2026<\/td>\n                    <td style=\"\">Entrainement libre<\/td>\n            <\/tr>\n            <tr id=\"table_5_row_8\">\n                    <td style=\"\">08\/03\/2026<\/td>\n                    <td style=\"\">Entrainement libre<\/td>\n            <\/tr>\n            <tr id=\"table_5_row_9\">\n                    <td style=\"\">14\/03\/2026<\/td>\n                    <td style=\"\">Cours AVJJ Judo T. Shima<\/td>\n            <\/tr>\n            <tr id=\"table_5_row_10\">\n                    <td style=\"\">15\/03\/2026<\/td>\n                    <td style=\"\">Stage Takeshi Sasaki?<\/td>\n            <\/tr>\n            <tr id=\"table_5_row_11\">\n                    <td style=\"\">24\/03\/2026<\/td>\n                    <td style=\"\">Assemblee Generale<\/td>\n            <\/tr>\n            <tr id=\"table_5_row_12\">\n                    <td style=\"\">28\/03\/2026<\/td>\n                    <td style=\"\">stage judo\/ju-jitsu Vancouver<\/td>\n            <\/tr>\n            <tr id=\"table_5_row_13\">\n                    <td style=\"\">29\/03\/2026<\/td>\n                    <td style=\"\">stage judo\/ju-jitsu Vancouver<\/td>\n            <\/tr>\n            <tr id=\"table_5_row_14\">\n                    <td style=\"\">12\/04\/2026<\/td>\n                    <td style=\"\">Entrainement libre<\/td>\n            <\/tr>\n            <tr id=\"table_5_row_15\">\n                    <td style=\"\">26\/04\/2026<\/td>\n                    <td style=\"\">Entrainement libre<\/td>\n            <\/tr>\n            <tr id=\"table_5_row_16\">\n                    <td style=\"\">10\/05\/2026<\/td>\n                    <td style=\"\">Entrainement libre<\/td>\n            <\/tr>\n            <tr id=\"table_5_row_17\">\n                    <td style=\"\">14\/05\/2026<\/td>\n                    <td style=\"\">Jeudi Ascension<\/td>\n            <\/tr>\n            <tr id=\"table_5_row_18\">\n                    <td style=\"\">15\/05\/2026<\/td>\n                    <td style=\"\">Dojo ferme<\/td>\n            <\/tr>\n            <tr id=\"table_5_row_19\">\n                    <td style=\"\">25\/05\/2026<\/td>\n                    <td style=\"\">Lundi Pentcote <\/td>\n            <\/tr>\n            <tr id=\"table_5_row_20\">\n                    <td style=\"\">30\/05\/2026<\/td>\n                    <td style=\"\">Panathlon family games<\/td>\n            <\/tr>\n            <tr id=\"table_5_row_21\">\n                    <td style=\"\">31\/05\/2026<\/td>\n                    <td style=\"\">Entrainement libre<\/td>\n            <\/tr>\n            <tr id=\"table_5_row_22\">\n                    <td style=\"\">07\/06\/2026<\/td>\n                    <td style=\"\">Pique-nique JKL a Epalinges<\/td>\n            <\/tr>\n            <tr id=\"table_5_row_23\">\n                    <td style=\"\">14\/06\/2026<\/td>\n                    <td style=\"\">Entrainement libre<\/td>\n            <\/tr>\n            <tr id=\"table_5_row_24\">\n                    <td style=\"\">21\/06\/2026<\/td>\n                    <td style=\"\">Tournoi d'ete <\/td>\n            <\/tr>\n            <tr id=\"table_5_row_25\">\n                    <td style=\"\">27\/06\/2026<\/td>\n                    <td style=\"\">National Judo &amp; JJ Day<\/td>\n            <\/tr>\n            <tr id=\"table_5_row_26\">\n                    <td style=\"\">28\/06\/2026<\/td>\n                    <td style=\"\">Entrainement libre<\/td>\n            <\/tr>\n            <tr id=\"table_5_row_27\">\n                    <td style=\"\">25\/07\/2026<\/td>\n                    <td style=\"\">Soiree Estivales a Epalinges<\/td>\n            <\/tr>\n            <tr id=\"table_5_row_28\">\n                    <td style=\"\">07\/09\/2026<\/td>\n                    <td style=\"\">Open Dojo Day'26<\/td>\n            <\/tr>\n            <tr id=\"table_5_row_29\">\n                    <td style=\"\">08\/09\/2026<\/td>\n                    <td style=\"\">Open Dojo Day'26<\/td>\n            <\/tr>\n            <tr id=\"table_5_row_30\">\n                    <td style=\"\">09\/09\/2026<\/td>\n                    <td style=\"\">Open Dojo Day'26<\/td>\n            <\/tr>\n            <tr id=\"table_5_row_31\">\n                    <td style=\"\">10\/09\/2026<\/td>\n                    <td style=\"\">Open Dojo Day'26<\/td>\n            <\/tr>\n            <tr id=\"table_5_row_32\">\n                    <td style=\"\">11\/09\/2026<\/td>\n                    <td style=\"\">Open Dojo Day'26<\/td>\n            <\/tr>\n            <tr id=\"table_5_row_33\">\n                    <td style=\"\">21\/09\/2026<\/td>\n                    <td style=\"\">Lundi Jeune<\/td>\n            <\/tr>\n            <tr id=\"table_5_row_34\">\n                    <td style=\"\">04\/10\/2026<\/td>\n                    <td style=\"\">Cours Kuatsu AVJJ <\/td>\n            <\/tr>\n            <tr id=\"table_5_row_35\">\n                    <td style=\"\">12\/12\/2026<\/td>\n                    <td style=\"\">Tournoi de Noel<\/td>\n            <\/tr>\n            <tr id=\"table_5_row_36\">\n                    <td style=\"\"><\/td>\n                    <td style=\"\"><\/td>\n            <\/tr>\n    <\/tbody>        <!-- \/Table body -->\n\n        \n    <\/table>\n\n        <span class=\"powered_by_link d-block m-l-10 m-t-10 m-b-10\">Generated by <a href=\"https:\/\/wpdatatables.com\" rel=\"nofollow\" target=\"_blank\">wpDataTables<\/a><\/span>\n<\/div><style>\ntable.wpDataTable td.numdata { text-align: right !important; }\n<\/style>\n\n<p><Br \/><\/p>\n<p><a name=\"comp\"><\/a><\/p>\n<h3>Dates comp\u00e9titions<\/h3>\n\n    <div class=\"wpdt-c \">\n    \n<input type=\"hidden\" id=\"wdtNonceFrontendEdit\" name=\"wdtNonceFrontendEdit\" value=\"c8665ad61f\" \/><input type=\"hidden\" name=\"_wp_http_referer\" value=\"\/index.php?rest_route=%2Fwp%2Fv2%2Fpages%2F4393\" \/>    <input type=\"hidden\" id=\"table_2_desc\" value='{\"tableId\":\"table_2\",\"tableType\":\"json\",\"selector\":\"#table_2\",\"responsive\":true,\"responsiveAction\":\"icon\",\"infoBlock\":false,\"pagination\":0,\"paginationAlign\":\"right\",\"paginationLayout\":\"full_numbers\",\"paginationLayoutMobile\":\"simple\",\"file_location\":\"wp_media_lib\",\"table_wcag\":0,\"simple_template_id\":0,\"scrollable\":false,\"globalSearch\":false,\"showRowsPerPage\":false,\"hideBeforeLoad\":true,\"pagination_top\":0,\"number_format\":1,\"decimalPlaces\":2,\"spinnerSrc\":\"https:\\\/\\\/www.judokwailausanne.ch\\\/cmsv3\\\/wp-content\\\/plugins\\\/wpdatatables\\\/assets\\\/\\\/img\\\/spinner.gif\",\"groupingEnabled\":false,\"tableWpId\":6,\"dataTableParams\":{\"sDom\":\"BT\\u003C\\u0027clear\\u0027\\u003Et\",\"bSortCellsTop\":false,\"aLengthMenu\":[[1,5,10,25,50,100,-1],[1,5,10,25,50,100,\"Tout\"]],\"iDisplayLength\":-1,\"columnDefs\":[{\"sType\":\"date-custom\",\"wdtType\":\"date\",\"bVisible\":true,\"orderable\":true,\"searchable\":true,\"InputType\":\"text\",\"name\":\"date\",\"origHeader\":\"date\",\"notNull\":false,\"conditionalFormattingRules\":[],\"className\":\" column-date\",\"aTargets\":[0]},{\"sType\":\"string\",\"wdtType\":\"string\",\"bVisible\":true,\"orderable\":true,\"searchable\":true,\"InputType\":\"text\",\"name\":\"event\",\"origHeader\":\"event\",\"notNull\":false,\"conditionalFormattingRules\":[],\"className\":\" column-event\",\"aTargets\":[1]}],\"bAutoWidth\":false,\"order\":[[0,\"asc\"]],\"ordering\":true,\"buttons\":[],\"oSearch\":{\"bSmart\":false,\"bRegex\":false,\"sSearch\":\"\"}},\"currentSkin\":\"skin1\",\"tabletWidth\":\"1024\",\"mobileWidth\":\"480\",\"columnsFixed\":0,\"timeFormat\":\"h:i A\",\"datepickFormat\":\"dd\\\/mm\\\/yy\"}'\/>\n\n    <table id=\"table_2\"\n           class=\"           responsive           display nowrap data-t wpDataTable wpDataTableID-6\"\n           style=\"display: none; \"\n           data-described-by='table_2_desc'\n           data-wpdatatable_id=\"6\">\n        \n        <!-- Table header -->\n        \n<thead>\n<tr>\n                    <th\n        data-class=\"expand\"                class=\" wdtheader sort \"\n        style=\"\">date<\/th>        <th\n                        class=\" wdtheader sort \"\n        style=\"\">event<\/th>    <\/tr>\n<\/thead>\n        <!-- \/Table header -->\n\n        <!-- Table body -->\n        \n<tbody>\n        <tr id=\"table_6_row_0\">\n                    <td style=\"\">17\/01\/2026<\/td>\n                    <td style=\"\">Tournoi Ranking 1000 - Morges<\/td>\n            <\/tr>\n            <tr id=\"table_6_row_1\">\n                    <td style=\"\">18\/01\/2026<\/td>\n                    <td style=\"\">Tournoi National Ecoliers - Morges 2026<\/td>\n            <\/tr>\n            <tr id=\"table_6_row_2\">\n                    <td style=\"\">24\/01\/2026<\/td>\n                    <td style=\"\">Tournoi Super excellence cadet de Lormont<\/td>\n            <\/tr>\n            <tr id=\"table_6_row_3\">\n                    <td style=\"\">31\/01\/2026<\/td>\n                    <td style=\"\">Tournoi Ranking 500 - Oensingen 2026<\/td>\n            <\/tr>\n            <tr id=\"table_6_row_4\">\n                    <td style=\"\">01\/02\/2026<\/td>\n                    <td style=\"\">Tournoi National - Oensingen 2026<\/td>\n            <\/tr>\n            <tr id=\"table_6_row_5\">\n                    <td style=\"\">14\/02\/2026<\/td>\n                    <td style=\"\">Aix-en-Provence<\/td>\n            <\/tr>\n            <tr id=\"table_6_row_6\">\n                    <td style=\"\">28\/02\/2026<\/td>\n                    <td style=\"\">CSE LNA Dames &amp; Hommes A Lausanne<\/td>\n            <\/tr>\n            <tr id=\"table_6_row_7\">\n                    <td style=\"\">06\/03\/2026<\/td>\n                    <td style=\"\">GP Linz<\/td>\n            <\/tr>\n            <tr id=\"table_6_row_8\">\n                    <td style=\"\">07\/03\/2026<\/td>\n                    <td style=\"\">CSE LNA Dames a Lyss Tournoi Equipe Ecolier au JKL<\/td>\n            <\/tr>\n            <tr id=\"table_6_row_9\">\n                    <td style=\"\">14\/03\/2026<\/td>\n                    <td style=\"\">Tournoi Ranking 500 - Rheintal 2026<\/td>\n            <\/tr>\n            <tr id=\"table_6_row_10\">\n                    <td style=\"\">18\/03\/2026<\/td>\n                    <td style=\"\">1er tour 1ere ligue Mikami a 20h<\/td>\n            <\/tr>\n            <tr id=\"table_6_row_11\">\n                    <td style=\"\">21\/03\/2026<\/td>\n                    <td style=\"\">Bremen<\/td>\n            <\/tr>\n            <tr id=\"table_6_row_12\">\n                    <td style=\"\">22\/03\/2026<\/td>\n                    <td style=\"\">Bremen<\/td>\n            <\/tr>\n            <tr id=\"table_6_row_13\">\n                    <td style=\"\">28\/03\/2026<\/td>\n                    <td style=\"\">Championnats Vaudois Individuels 2026<\/td>\n            <\/tr>\n            <tr id=\"table_6_row_14\">\n                    <td style=\"\">29\/03\/2026<\/td>\n                    <td style=\"\">Tournoi Cantonal de Printemps 2026<\/td>\n            <\/tr>\n            <tr id=\"table_6_row_15\">\n                    <td style=\"\">16\/04\/2026<\/td>\n                    <td style=\"\">Championnats d'europe a Tbilisi<\/td>\n            <\/tr>\n            <tr id=\"table_6_row_16\">\n                    <td style=\"\">25\/04\/2026<\/td>\n                    <td style=\"\">Tournoi Ranking 1000 - St. Gall 2026<\/td>\n            <\/tr>\n            <tr id=\"table_6_row_17\">\n                    <td style=\"\">02\/05\/2026<\/td>\n                    <td style=\"\">CSE LNA Dames a Cortaillod Tournoi par equipe ecolier 2eme tour a Cortaillod<\/td>\n            <\/tr>\n            <tr id=\"table_6_row_18\">\n                    <td style=\"\">06\/05\/2026<\/td>\n                    <td style=\"\">2e tour 1ere ligue Valais a 20h<\/td>\n            <\/tr>\n            <tr id=\"table_6_row_19\">\n                    <td style=\"\">09\/05\/2026<\/td>\n                    <td style=\"\">CSE LNA Hommes a Uster \/ Tournoi de Renens<\/td>\n            <\/tr>\n            <tr id=\"table_6_row_20\">\n                    <td style=\"\">30\/05\/2026<\/td>\n                    <td style=\"\">Tournoi Ranking 500 - Sierre 2026<\/td>\n            <\/tr>\n            <tr id=\"table_6_row_21\">\n                    <td style=\"\">31\/05\/2026<\/td>\n                    <td style=\"\">Tournoi National Ecoliers - Sierre 2026<\/td>\n            <\/tr>\n            <tr id=\"table_6_row_22\">\n                    <td style=\"\">10\/06\/2026<\/td>\n                    <td style=\"\">3e tour 1ere ligue Morges a 20h<\/td>\n            <\/tr>\n            <tr id=\"table_6_row_23\">\n                    <td style=\"\">13\/06\/2026<\/td>\n                    <td style=\"\">Tournoi Ranking 500 - Spiez 2026<\/td>\n            <\/tr>\n            <tr id=\"table_6_row_24\">\n                    <td style=\"\">14\/06\/2026<\/td>\n                    <td style=\"\">Tournoi National Ecoliers - Spiez 2026<\/td>\n            <\/tr>\n            <tr id=\"table_6_row_25\">\n                    <td style=\"\">20\/06\/2026<\/td>\n                    <td style=\"\">Final tournoi Equipe Ecolier a Cheseaux<\/td>\n            <\/tr>\n            <tr id=\"table_6_row_26\">\n                    <td style=\"\">21\/06\/2026<\/td>\n                    <td style=\"\">Tournoi d'ete <\/td>\n            <\/tr>\n            <tr id=\"table_6_row_27\">\n                    <td style=\"\">28\/08\/2026<\/td>\n                    <td style=\"\">GS Lausanne<\/td>\n            <\/tr>\n            <tr id=\"table_6_row_28\">\n                    <td style=\"\">29\/08\/2026<\/td>\n                    <td style=\"\">GS Lausanne<\/td>\n            <\/tr>\n            <tr id=\"table_6_row_29\">\n                    <td style=\"\">30\/08\/2026<\/td>\n                    <td style=\"\">GS Lausanne<\/td>\n            <\/tr>\n            <tr id=\"table_6_row_30\">\n                    <td style=\"\">05\/09\/2026<\/td>\n                    <td style=\"\">CSE LNA Dames &amp; Hommes a Lausanne<\/td>\n            <\/tr>\n            <tr id=\"table_6_row_31\">\n                    <td style=\"\">12\/09\/2026<\/td>\n                    <td style=\"\">Tournoi Ranking 1000 - Weinfelden 2026<\/td>\n            <\/tr>\n            <tr id=\"table_6_row_32\">\n                    <td style=\"\">16\/09\/2026<\/td>\n                    <td style=\"\">4e tour 1ere ligue au JKL a 20h<\/td>\n            <\/tr>\n            <tr id=\"table_6_row_33\">\n                    <td style=\"\">26\/09\/2026<\/td>\n                    <td style=\"\">Tournoi Ranking 1000 - Morat 2026<\/td>\n            <\/tr>\n            <tr id=\"table_6_row_34\">\n                    <td style=\"\">27\/09\/2026<\/td>\n                    <td style=\"\">Tournoi National Ecoliers - Morat 2026<\/td>\n            <\/tr>\n            <tr id=\"table_6_row_35\">\n                    <td style=\"\">03\/10\/2026<\/td>\n                    <td style=\"\">CSE LNA Hommes a Geneve<\/td>\n            <\/tr>\n            <tr id=\"table_6_row_36\">\n                    <td style=\"\">04\/10\/2026<\/td>\n                    <td style=\"\">Tournoi de Pully<\/td>\n            <\/tr>\n            <tr id=\"table_6_row_37\">\n                    <td style=\"\">06\/10\/2026<\/td>\n                    <td style=\"\">Championnats du monde a Baku<\/td>\n            <\/tr>\n            <tr id=\"table_6_row_38\">\n                    <td style=\"\">17\/10\/2026<\/td>\n                    <td style=\"\">CSE LNA Dames a Cortaillod<\/td>\n            <\/tr>\n            <tr id=\"table_6_row_39\">\n                    <td style=\"\">31\/10\/2026<\/td>\n                    <td style=\"\">Championnats Vaudois par epuipe<\/td>\n            <\/tr>\n            <tr id=\"table_6_row_40\">\n                    <td style=\"\">01\/11\/2026<\/td>\n                    <td style=\"\">Tournoi Cantonal d'Automne 2026<\/td>\n            <\/tr>\n            <tr id=\"table_6_row_41\">\n                    <td style=\"\">07\/11\/2026<\/td>\n                    <td style=\"\">CSE LNA Dames &amp; Hommes a Windisch\/AG<\/td>\n            <\/tr>\n            <tr id=\"table_6_row_42\">\n                    <td style=\"\">15\/11\/2026<\/td>\n                    <td style=\"\">Championnats Romands individuels  2026<\/td>\n            <\/tr>\n            <tr id=\"table_6_row_43\">\n                    <td style=\"\">05\/12\/2026<\/td>\n                    <td style=\"\">CSI a Aarberg<\/td>\n            <\/tr>\n            <tr id=\"table_6_row_44\">\n                    <td style=\"\">12\/12\/2026<\/td>\n                    <td style=\"\">Tournoi de Noel<\/td>\n            <\/tr>\n            <tr id=\"table_6_row_45\">\n                    <td style=\"\">13\/12\/2026<\/td>\n                    <td style=\"\">CSK a Bulach<\/td>\n            <\/tr>\n            <tr id=\"table_6_row_46\">\n                    <td style=\"\"><\/td>\n                    <td style=\"\"><\/td>\n            <\/tr>\n    <\/tbody>        <!-- \/Table body -->\n\n        \n    <\/table>\n\n        <span class=\"powered_by_link d-block m-l-10 m-t-10 m-b-10\">Generated by <a href=\"https:\/\/wpdatatables.com\" rel=\"nofollow\" target=\"_blank\">wpDataTables<\/a><\/span>\n<\/div><style>\ntable.wpDataTable td.numdata { text-align: right !important; }\n<\/style>\n\n<hr \/>\n<p>Tous les agendas \u00e0 voir pour progresser =<a href=\"https:\/\/www.judokwailausanne.ch\/agendas\"> https:\/\/www.judokwailausanne.ch\/agendas<\/a><\/p>\n","protected":false},"excerpt":{"rendered":"<p>Dates g\u00e9n\u00e9rales Dates comp\u00e9titions Dates g\u00e9n\u00e9rales Dates comp\u00e9titions Tous les agendas \u00e0 voir pour progresser = https:\/\/www.judokwailausanne.ch\/agendas<\/p>\n","protected":false},"author":3,"featured_media":0,"parent":4170,"menu_order":0,"comment_status":"closed","ping_status":"closed","template":"","meta":{"_et_pb_use_builder":"","_et_pb_old_content":"","_et_gb_content_width":"","footnotes":""},"class_list":["post-4393","page","type-page","status-publish","hentry"],"_links":{"self":[{"href":"https:\/\/www.judokwailausanne.ch\/index.php?rest_route=\/wp\/v2\/pages\/4393","targetHints":{"allow":["GET"]}}],"collection":[{"href":"https:\/\/www.judokwailausanne.ch\/index.php?rest_route=\/wp\/v2\/pages"}],"about":[{"href":"https:\/\/www.judokwailausanne.ch\/index.php?rest_route=\/wp\/v2\/types\/page"}],"author":[{"embeddable":true,"href":"https:\/\/www.judokwailausanne.ch\/index.php?rest_route=\/wp\/v2\/users\/3"}],"replies":[{"embeddable":true,"href":"https:\/\/www.judokwailausanne.ch\/index.php?rest_route=%2Fwp%2Fv2%2Fcomments&post=4393"}],"version-history":[{"count":76,"href":"https:\/\/www.judokwailausanne.ch\/index.php?rest_route=\/wp\/v2\/pages\/4393\/revisions"}],"predecessor-version":[{"id":29232,"href":"https:\/\/www.judokwailausanne.ch\/index.php?rest_route=\/wp\/v2\/pages\/4393\/revisions\/29232"}],"up":[{"embeddable":true,"href":"https:\/\/www.judokwailausanne.ch\/index.php?rest_route=\/wp\/v2\/pages\/4170"}],"wp:attachment":[{"href":"https:\/\/www.judokwailausanne.ch\/index.php?rest_route=%2Fwp%2Fv2%2Fmedia&parent=4393"}],"curies":[{"name":"wp","href":"https:\/\/api.w.org\/{rel}","templated":true}]}}