{"id":4839,"date":"2018-03-02T07:32:42","date_gmt":"2018-03-02T06:32:42","guid":{"rendered":"https:\/\/www.judokwailausanne.ch\/?page_id=4839"},"modified":"2018-12-03T19:24:02","modified_gmt":"2018-12-03T18:24:02","slug":"presentation-ju-jitsu","status":"publish","type":"page","link":"https:\/\/www.judokwailausanne.ch\/?page_id=4839","title":{"rendered":"Pr\u00e9sentation Ju-Jitsu"},"content":{"rendered":"<blockquote><p><img fetchpriority=\"high\" fetchpriority=\"high\" decoding=\"async\" class=\"alignright size-medium wp-image-9798\" src=\"https:\/\/www.judokwailausanne.ch\/cmsv3\/wp-content\/uploads\/2018\/12\/p4-200x300.jpg\" alt=\"\" width=\"200\" height=\"300\" srcset=\"https:\/\/www.judokwailausanne.ch\/cmsv3\/wp-content\/uploads\/2018\/12\/p4-200x300.jpg 200w, https:\/\/www.judokwailausanne.ch\/cmsv3\/wp-content\/uploads\/2018\/12\/p4.jpg 640w\" sizes=\"(max-width: 200px) 100vw, 200px\" \/>Le Ju-Jitsu est, sans doute, la plus ancienne des sources des arts martiaux. Le Ju-Jitsu (Ju = souplesse, Jitsu = technique) est l&rsquo;ensemble des techniques utili\u00ads\u00e9es autrefois par les samoura\u00efs, ces redoutables guerriers japo\u00adnais, au cours de leurs combats \u00e0 mains nues et qui se termi\u00adnaient le plus souvent, par la mort de l&rsquo;un des adversaires.<\/p>\n<p>Les origines du Ju-Jitsu sont perdues dans la nuit des temps.<\/p>\n<p>Le Nihon Shoki (chronique du Japon), \u00e9crit sur l&rsquo;ordre imp\u00e9rial en 720 apr\u00e8s J\u00e9sus-Christ fait \u00e9tat d&rsquo;un tournoi de Chiara-Kurae (comp\u00e9tition de force) qui eut lieu dans la septi\u00e8me ann\u00e9e de l&rsquo;Empereur Suinin, en 230 avant J\u00e9sus-Christ.<\/p>\n<p>Ceci est consid\u00e9r\u00e9 par quelques historiens comme le d\u00e9but du Sumo (lutte japonaise).<\/p>\n<p>Le secret des techniques du Ju-Jitsu \u00e9tait jalousement gard\u00e9 et, lorsque le Japon s&rsquo;ouvrit \u00e0 la civilisation occidentale, au milieu du XIXe si\u00e8cle, elles tomb\u00e8rent dans un oubli presque total. Mais, vers 1875, un jeune \u00e9tudiant du nom de Jigoro KANO, n\u00e9 en 1860 dans la ville de Mikage, pr\u00e8s de Kobe, malingre, de petite taille et toujours brim\u00e9 par ses camarades, d\u00e9cida de retrouver les secrets du Ju-Jitsu afin de les utiliser pour se d\u00e9fendre.<\/p>\n<p>Apr\u00e8s de longues et patientes \u00e9tudes, Kano cr\u00e9a le Judo et ouvrit la premi\u00e8re salle, le Kodokan, en 1882. Le Judo se diff\u00e9renciait du Ju-Jitsu en ceci qu&rsquo;il n&rsquo;\u00e9tait plus une m\u00e9thode guerri\u00e8re de combat, mais au contraire une voie \u00e9ducative (Ju = souplesse, do = voie) de perfectionnement moral et physique.<\/p>\n<p>Le Ju-Jitsu utilise les techniques de parades et d&rsquo;at\u00e9mi (techniques sp\u00e9cialis\u00e9es et codifi\u00e9es en Karat\u00e9), de projections (Nage-Waza), de contr\u00f4les, cl\u00e9s et \u00e9tranglements (Katame-Waza) et de cl\u00e9s de bras, poignets, jambes, nuque, etc.<\/p>\n<p>L&rsquo;at\u00e9mi-waza (coups frapp\u00e9s) et les techniques de cl\u00e9s autres que port\u00e9es sur l&rsquo;articulation du coude, \u00e9cart\u00e9s de la pratique du Judo sportif pour des raisons \u00e9videntes de s\u00e9curit\u00e9, n&rsquo;en demeurent pas moins indissociables du Nage-Waza et du Katame-Waza pour constituer le Ju-Jitsu originel qui retrouve sa vocation premi\u00e8re, celle qui inspira Jigoro Kano : \u00eatre une m\u00e9thode efficace de d\u00e9fense pour chacun, quels que soient sa taille, son poids, son \u00e2ge ou sa force. Jigoro Kano est mort en 1938 (il avait 78 ans) sur le bateau qui le ramenait de Rome o\u00f9 il avait pris part \u00e0 un Congr\u00e8s olympique.<\/p>\n<p><a href=\"https:\/\/sjv.ch\/fr\/\" target=\"_blank\" rel=\"noopener\"><img decoding=\"async\" class=\"alignright wp-image-81 size-full\" src=\"https:\/\/www.judokwailausanne.ch\/cmsv3\/wp-content\/uploads\/2018\/03\/fsj.png\" alt=\"fsj\" \/><\/a>La F\u00e9d\u00e9ration suisse de Judo et Ju-Jitsu a \u00e9t\u00e9 fond\u00e9e en 1937 et l&rsquo;Union suisse de Budo en 1950; ces deux organismes ont fusionn\u00e9 en 1959 sous l&rsquo;appellation d&rsquo;Association suisse de Judo et Ju-Jitsu.<\/p>\n<p>En 1998, L&rsquo;Association suisse de Judo et Ju-Jitsu est renom\u00e9e <a href=\"http:\/\/www.fsj.ch\" target=\"_blank\" rel=\"noopener\">F\u00e9d\u00e9ration suisse de Judo et Ju-Jitsu<\/a>.<\/p><\/blockquote>\n<p>&nbsp;<\/p>\n<p><iframe src=\"https:\/\/www.youtube.com\/embed\/55SPsZPnvEo\" width=\"640\" height=\"360\" frameborder=\"0\" allowfullscreen=\"allowfullscreen\"><\/iframe><\/p>\n","protected":false},"excerpt":{"rendered":"<p>Le Ju-Jitsu est, sans doute, la plus ancienne des sources des arts martiaux. Le Ju-Jitsu (Ju = souplesse, Jitsu = technique) est l&rsquo;ensemble des techniques utili\u00ads\u00e9es autrefois par les samoura\u00efs, ces redoutables guerriers japo\u00adnais, au cours de leurs combats \u00e0 mains nues et qui se termi\u00adnaient le plus souvent, par la mort de l&rsquo;un des [&hellip;]<\/p>\n","protected":false},"author":3,"featured_media":0,"parent":4212,"menu_order":0,"comment_status":"closed","ping_status":"closed","template":"","meta":{"_et_pb_use_builder":"","_et_pb_old_content":"","_et_gb_content_width":"","footnotes":""},"class_list":["post-4839","page","type-page","status-publish","hentry"],"_links":{"self":[{"href":"https:\/\/www.judokwailausanne.ch\/index.php?rest_route=\/wp\/v2\/pages\/4839","targetHints":{"allow":["GET"]}}],"collection":[{"href":"https:\/\/www.judokwailausanne.ch\/index.php?rest_route=\/wp\/v2\/pages"}],"about":[{"href":"https:\/\/www.judokwailausanne.ch\/index.php?rest_route=\/wp\/v2\/types\/page"}],"author":[{"embeddable":true,"href":"https:\/\/www.judokwailausanne.ch\/index.php?rest_route=\/wp\/v2\/users\/3"}],"replies":[{"embeddable":true,"href":"https:\/\/www.judokwailausanne.ch\/index.php?rest_route=%2Fwp%2Fv2%2Fcomments&post=4839"}],"version-history":[{"count":7,"href":"https:\/\/www.judokwailausanne.ch\/index.php?rest_route=\/wp\/v2\/pages\/4839\/revisions"}],"predecessor-version":[{"id":9799,"href":"https:\/\/www.judokwailausanne.ch\/index.php?rest_route=\/wp\/v2\/pages\/4839\/revisions\/9799"}],"up":[{"embeddable":true,"href":"https:\/\/www.judokwailausanne.ch\/index.php?rest_route=\/wp\/v2\/pages\/4212"}],"wp:attachment":[{"href":"https:\/\/www.judokwailausanne.ch\/index.php?rest_route=%2Fwp%2Fv2%2Fmedia&parent=4839"}],"curies":[{"name":"wp","href":"https:\/\/api.w.org\/{rel}","templated":true}]}}