{"id":7624,"date":"2018-08-12T09:33:18","date_gmt":"2018-08-12T07:33:18","guid":{"rendered":"https:\/\/www.judokwailausanne.ch\/?page_id=7624"},"modified":"2021-12-22T14:52:03","modified_gmt":"2021-12-22T13:52:03","slug":"1025-2","status":"publish","type":"page","link":"https:\/\/www.judokwailausanne.ch\/?page_id=7624","title":{"rendered":"Judo au Mont-sur-Lausanne"},"content":{"rendered":"<h4 align=\"LEFT\">Cours d&rsquo;initiation pour enfant d\u00e8s 6 ans<\/h4>\n<h2><span style=\"color: #999999;\"><del><strong>Les cours de Judo reprennent au Mont Sur Lausanne d\u00e8s le jeudi 2 d\u00e9cembre !<\/strong><\/del><\/span><\/h2>\n<h2><span style=\"color: #ff0000;\"><strong>La situation sanitaire actuelle ne permet pas l&rsquo;acc\u00e8s \u00e0 la salle du Mont sur Lausanne : nous cherchons une solution temporaire. Merci de votre compr\u00e9hension.<\/strong><\/span><\/h2>\n<div id=\"attachment_4631\" style=\"width: 310px\" class=\"wp-caption alignright\"><a href=\"https:\/\/www.judokwailausanne.ch\/1052#formulaire\"><img fetchpriority=\"high\" fetchpriority=\"high\" decoding=\"async\" aria-describedby=\"caption-attachment-4631\" class=\"wp-image-4631 size-medium\" src=\"https:\/\/www.judokwailausanne.ch\/cmsv3\/wp-content\/uploads\/2018\/01\/DSCF1050-300x200.jpg\" alt=\"\" width=\"300\" height=\"200\" srcset=\"https:\/\/www.judokwailausanne.ch\/cmsv3\/wp-content\/uploads\/2018\/01\/DSCF1050-300x200.jpg 300w, https:\/\/www.judokwailausanne.ch\/cmsv3\/wp-content\/uploads\/2018\/01\/DSCF1050-768x512.jpg 768w, https:\/\/www.judokwailausanne.ch\/cmsv3\/wp-content\/uploads\/2018\/01\/DSCF1050-1024x683.jpg 1024w, https:\/\/www.judokwailausanne.ch\/cmsv3\/wp-content\/uploads\/2018\/01\/DSCF1050.jpg 1800w\" sizes=\"(max-width: 300px) 100vw, 300px\" \/><\/a><p id=\"caption-attachment-4631\" class=\"wp-caption-text\">J&rsquo;inscris mon enfant<\/p><\/div>\n<p>Le Judo Kwai Lausanne propose des cours d&rsquo;initiation au Judo pour les enfants de 6 \u00e0 10 ans au Mont-sur-Lausanne. Les cours se d\u00e9roulent dans un cadre adapt\u00e9 et sous la houlette d&rsquo;un enseignant reconnu Jeunesse&amp;Sport.<\/p>\n<p>Pour inscrire votre enfant <a href=\"#formulaire\">cliquez ici<\/a>.<\/p>\n<p>Bien entendu si vous ne trouvez pas la r\u00e9ponse \u00e0 vos interrogations, <a title=\"Contacts\" href=\"http:\/\/www.judokwailausanne.ch\/contact\">contactez-nous<\/a>.<\/p>\n<hr \/>\n<p>&nbsp;<\/p>\n<h4><img decoding=\"async\" class=\"alignright size-full wp-image-7641\" src=\"https:\/\/www.judokwailausanne.ch\/cmsv3\/wp-content\/uploads\/2018\/07\/p2.jpg\" alt=\"\" width=\"228\" height=\"343\" srcset=\"https:\/\/www.judokwailausanne.ch\/cmsv3\/wp-content\/uploads\/2018\/07\/p2.jpg 228w, https:\/\/www.judokwailausanne.ch\/cmsv3\/wp-content\/uploads\/2018\/07\/p2-199x300.jpg 199w\" sizes=\"(max-width: 228px) 100vw, 228px\" \/>Objectif du cours d&rsquo;initiation<\/h4>\n<p>&nbsp;<\/p>\n<p>Apr\u00e8s 20 le\u00e7ons de 60 minutes, le cours d&rsquo;intiation se cl\u00f4turera par le passage de l&rsquo;examen pour l&rsquo;obtention de la ceinture jaune. Votre enfant saura alors chuter sans appr\u00e9hension, aura assimil\u00e9 les premi\u00e8res techniques de Judo et aura eu l&rsquo;occasion de se faire de nouveaux amis. Tout ceci en apprenant \u00e0 respecter des r\u00e8gles, \u00e0 d\u00e9couvrir l&rsquo;entraide, l&rsquo;\u00e9change et l&rsquo;\u00e9coute.<\/p>\n<h4>Toutes les informations<\/h4>\n<p>Horaire des le\u00e7ons, d\u00e8s le jeudi 2 d\u00e9cembre 2021<br \/>\nTous les jeudis: 17h-18h et 18h-19h<\/p>\n<p>Tarif : 300.- pour les 20 le\u00e7ons.<\/p>\n<p>&nbsp;<\/p>\n<h4>Adresse du dojo et commodit\u00e9s<\/h4>\n<ul>\n<li><a href=\"https:\/\/goo.gl\/maps\/CQFj55tjjC72\" target=\"_blank\" rel=\"noopener noreferrer\">Chemin de Longeraie 9, 1052 Le Mont\/Lausanne<\/a>, dans le b\u00e2timent principal de l&rsquo;association La Paix du Soir,<\/li>\n<li>Parking gratuit \u00e0 disposition,<\/li>\n<li>arr\u00eat TL no 8 et 60 \u00e0 300m.<\/li>\n<\/ul>\n<p>&nbsp;<\/p>\n<p><img decoding=\"async\" class=\"aligncenter size-full wp-image-7640\" src=\"https:\/\/www.judokwailausanne.ch\/cmsv3\/wp-content\/uploads\/2018\/07\/p1.jpg\" alt=\"\" width=\"563\" height=\"297\" srcset=\"https:\/\/www.judokwailausanne.ch\/cmsv3\/wp-content\/uploads\/2018\/07\/p1.jpg 563w, https:\/\/www.judokwailausanne.ch\/cmsv3\/wp-content\/uploads\/2018\/07\/p1-300x158.jpg 300w\" sizes=\"(max-width: 563px) 100vw, 563px\" \/><\/p>\n<p><a name=\"formulaire\"><\/a><\/p>\n<h4>Renseignements<\/h4>\n<p>Contactez <a href=\"https:\/\/www.judokwailausanne.ch\/cmsv3\/#contact\">notre secr\u00e9tariat<\/a> pour toute question.<\/p>\n<hr \/>\n<h2>Inscriptions<\/h2>\n<p class=\"wpcf7-contact-form-not-found\"><strong>Erreur\u00a0:<\/strong> Formulaire de contact non trouv\u00e9\u00a0!<\/p>\n<p>&nbsp;<\/p>\n","protected":false},"excerpt":{"rendered":"<p>Cours d&rsquo;initiation pour enfant d\u00e8s 6 ans Les cours de Judo reprennent au Mont Sur Lausanne d\u00e8s le jeudi 2 d\u00e9cembre ! La situation sanitaire actuelle ne permet pas l&rsquo;acc\u00e8s \u00e0 la salle du Mont sur Lausanne : nous cherchons une solution temporaire. Merci de votre compr\u00e9hension. Le Judo Kwai Lausanne propose des cours d&rsquo;initiation [&hellip;]<\/p>\n","protected":false},"author":3,"featured_media":0,"parent":0,"menu_order":0,"comment_status":"closed","ping_status":"closed","template":"","meta":{"_et_pb_use_builder":"","_et_pb_old_content":"","_et_gb_content_width":"","footnotes":""},"class_list":["post-7624","page","type-page","status-publish","hentry"],"_links":{"self":[{"href":"https:\/\/www.judokwailausanne.ch\/index.php?rest_route=\/wp\/v2\/pages\/7624","targetHints":{"allow":["GET"]}}],"collection":[{"href":"https:\/\/www.judokwailausanne.ch\/index.php?rest_route=\/wp\/v2\/pages"}],"about":[{"href":"https:\/\/www.judokwailausanne.ch\/index.php?rest_route=\/wp\/v2\/types\/page"}],"author":[{"embeddable":true,"href":"https:\/\/www.judokwailausanne.ch\/index.php?rest_route=\/wp\/v2\/users\/3"}],"replies":[{"embeddable":true,"href":"https:\/\/www.judokwailausanne.ch\/index.php?rest_route=%2Fwp%2Fv2%2Fcomments&post=7624"}],"version-history":[{"count":22,"href":"https:\/\/www.judokwailausanne.ch\/index.php?rest_route=\/wp\/v2\/pages\/7624\/revisions"}],"predecessor-version":[{"id":19884,"href":"https:\/\/www.judokwailausanne.ch\/index.php?rest_route=\/wp\/v2\/pages\/7624\/revisions\/19884"}],"wp:attachment":[{"href":"https:\/\/www.judokwailausanne.ch\/index.php?rest_route=%2Fwp%2Fv2%2Fmedia&parent=7624"}],"curies":[{"name":"wp","href":"https:\/\/api.w.org\/{rel}","templated":true}]}}