{"id":9948,"date":"2018-12-10T22:06:09","date_gmt":"2018-12-10T21:06:09","guid":{"rendered":"https:\/\/www.judokwailausanne.ch\/?page_id=9948"},"modified":"2019-06-14T14:48:57","modified_gmt":"2019-06-14T12:48:57","slug":"missions","status":"publish","type":"page","link":"https:\/\/www.judokwailausanne.ch\/?page_id=9948","title":{"rendered":"Missions"},"content":{"rendered":"<p>La mission du <a href=\"http:\/\/club100.judokwailausanne.ch\/\">Club des 100<\/a> est de soutenir le Judo Kwai Lausanne dans son d\u00e9veloppement sportif.<\/p>\n<p><a href=\"https:\/\/www.judokwailausanne.ch\/cmsv3\/wp-content\/uploads\/2019\/06\/Club100Logov2.jpg\" target=\"_blank\" rel=\"noopener noreferrer\"><img fetchpriority=\"high\" fetchpriority=\"high\" decoding=\"async\" class=\"alignright wp-image-10864 size-medium\" src=\"https:\/\/www.judokwailausanne.ch\/cmsv3\/wp-content\/uploads\/2019\/06\/Club100Logov2-300x190.jpg\" alt=\"\" width=\"300\" height=\"190\" srcset=\"https:\/\/www.judokwailausanne.ch\/cmsv3\/wp-content\/uploads\/2019\/06\/Club100Logov2-300x190.jpg 300w, https:\/\/www.judokwailausanne.ch\/cmsv3\/wp-content\/uploads\/2019\/06\/Club100Logov2.jpg 714w\" sizes=\"(max-width: 300px) 100vw, 300px\" \/><\/a><br \/>\nPar \u00ab\u00a0d\u00e9veloppement sportif\u00a0\u00bb, il s&rsquo;entend:<\/p>\n<ul>\n<li>L&rsquo;enseignement du Judo et du Ju-Jitsu dispens\u00e9 par le JKL \u00e0 tous les niveaux,<\/li>\n<li>La progression des \u00e9quipes de combattants du JKL (\u00e9lites, junior, \u00e9coliers),<\/li>\n<li>La progression des combattants individuels du JKL,<\/li>\n<li>Toutes les activit\u00e9s sportives organis\u00e9es par le JKL.<\/li>\n<\/ul>\n<p>En plus du soutien mat\u00e9riel syst\u00e9matique (cotisation annuelle), les membres du Club des 100 feront profiter librement le JKL de leur exp\u00e9rience, leur expertise et leur r\u00e9seau de connaissances.<\/p>\n<p>Retrouvez ici:<\/p>\n<ul>\n<li>la <a href=\"http:\/\/www.judokwailausanne.ch\/cmsv3\/wp-content\/uploads\/2019\/02\/Plaquette-2019-l2.pdf\" target=\"_blank\" rel=\"noopener noreferrer\">plaquette de pr\u00e9sentation du Club des 100<\/a>.<\/li>\n<li>les <a href=\"https:\/\/www.judokwailausanne.ch\/?page_id=4957\">actualit\u00e9s du Club des 100<\/a>.<\/li>\n<\/ul>\n<p>&nbsp;<\/p>\n<div id=\"attachment_10151\" style=\"width: 231px\" class=\"wp-caption alignright\"><img decoding=\"async\" aria-describedby=\"caption-attachment-10151\" class=\"wp-image-10151 size-medium alignright\" src=\"https:\/\/www.judokwailausanne.ch\/cmsv3\/wp-content\/uploads\/2019\/02\/plaquette-221x300.png\" alt=\"\" width=\"221\" height=\"300\" srcset=\"https:\/\/www.judokwailausanne.ch\/cmsv3\/wp-content\/uploads\/2019\/02\/plaquette-221x300.png 221w, https:\/\/www.judokwailausanne.ch\/cmsv3\/wp-content\/uploads\/2019\/02\/plaquette.png 494w\" sizes=\"(max-width: 221px) 100vw, 221px\" \/><p id=\"caption-attachment-10151\" class=\"wp-caption-text\">Plaquette de pr\u00e9sentation<\/p><\/div>\n<p>&nbsp;<\/p>\n","protected":false},"excerpt":{"rendered":"<p>La mission du Club des 100 est de soutenir le Judo Kwai Lausanne dans son d\u00e9veloppement sportif. Par \u00ab\u00a0d\u00e9veloppement sportif\u00a0\u00bb, il s&rsquo;entend: L&rsquo;enseignement du Judo et du Ju-Jitsu dispens\u00e9 par le JKL \u00e0 tous les niveaux, La progression des \u00e9quipes de combattants du JKL (\u00e9lites, junior, \u00e9coliers), La progression des combattants individuels du JKL, Toutes [&hellip;]<\/p>\n","protected":false},"author":3,"featured_media":0,"parent":4155,"menu_order":0,"comment_status":"closed","ping_status":"closed","template":"","meta":{"_et_pb_use_builder":"","_et_pb_old_content":"","_et_gb_content_width":"","footnotes":""},"class_list":["post-9948","page","type-page","status-publish","hentry"],"_links":{"self":[{"href":"https:\/\/www.judokwailausanne.ch\/index.php?rest_route=\/wp\/v2\/pages\/9948","targetHints":{"allow":["GET"]}}],"collection":[{"href":"https:\/\/www.judokwailausanne.ch\/index.php?rest_route=\/wp\/v2\/pages"}],"about":[{"href":"https:\/\/www.judokwailausanne.ch\/index.php?rest_route=\/wp\/v2\/types\/page"}],"author":[{"embeddable":true,"href":"https:\/\/www.judokwailausanne.ch\/index.php?rest_route=\/wp\/v2\/users\/3"}],"replies":[{"embeddable":true,"href":"https:\/\/www.judokwailausanne.ch\/index.php?rest_route=%2Fwp%2Fv2%2Fcomments&post=9948"}],"version-history":[{"count":8,"href":"https:\/\/www.judokwailausanne.ch\/index.php?rest_route=\/wp\/v2\/pages\/9948\/revisions"}],"predecessor-version":[{"id":10867,"href":"https:\/\/www.judokwailausanne.ch\/index.php?rest_route=\/wp\/v2\/pages\/9948\/revisions\/10867"}],"up":[{"embeddable":true,"href":"https:\/\/www.judokwailausanne.ch\/index.php?rest_route=\/wp\/v2\/pages\/4155"}],"wp:attachment":[{"href":"https:\/\/www.judokwailausanne.ch\/index.php?rest_route=%2Fwp%2Fv2%2Fmedia&parent=9948"}],"curies":[{"name":"wp","href":"https:\/\/api.w.org\/{rel}","templated":true}]}}